{"id":2297,"date":"2015-08-23T20:44:24","date_gmt":"2015-08-23T18:44:24","guid":{"rendered":"http:\/\/blog-bobika.eu\/?page_id=2297"},"modified":"2015-08-23T20:44:24","modified_gmt":"2015-08-23T18:44:24","slug":"kto-wie","status":"publish","type":"page","link":"https:\/\/blog-bobika.eu\/?page_id=2297","title":{"rendered":"Kto wie&#8230;"},"content":{"rendered":"<p>Co rusz w \u017cyciu wpada si\u0119 na sytuacje,<br \/>\n\u017ce nie wie ni m\u0119drzec, kto ma w nich mie\u0107 racj\u0119<br \/>\ni staje bezradny jak szczeniak we mgle.<br \/>\nCzy m\u0119drcem przestaje by\u0107 przez to? Kto wie&#8230;<\/p>\n<p>Gdy z moj\u0105 s\u0105siadk\u0105 szczekamy przy p\u0142ocie,<br \/>\nto ona wygl\u0105da jak jakie sto pociech.<br \/>\nNo, przyznam, nie bardzo podoba si\u0119 mnie,<br \/>\nlecz innym? Hmm&#8230; R\u00f3\u017cne s\u0105 gusta. Kto wie&#8230;<\/p>\n<p>Psu czasem i befsztyk potrafi zaszkodzi\u0107<br \/>\n(dlaczego, w to bli\u017cej nie b\u0119d\u0119 tu wchodzi\u0107),<br \/>\nczy \u017ale wi\u0119c, gdy befsztyk z rozkosz\u0105 pies je?<br \/>\nZale\u017cy jak le\u017cy, gdzie le\u017cy. Kto wie&#8230;<\/p>\n<p>Cz\u0142ek jeden uwielbia \u015bcisk, to\u0142p\u0119 i magiel,<br \/>\na drugi samotny jest jak bia\u0142y \u017cagiel.<br \/>\nCzy dobre zjawisko jest to, czy te\u017c nie?<br \/>\nOce\u0144my to jasno, bez z\u0142udze\u0144: kto wie&#8230;<\/p>\n<p>A gdy kto\u015b tak stale w rozterkach si\u0119 topi,<br \/>\n\u017ce nie wie ju\u017c, czy jest Apaczem, czy Hopi,<br \/>\nczy to aby zawsze na pewno jest z\u0142e<br \/>\ni \u015bwiadczy \u017ce g\u0142upi ten kto\u015b jest? Kto wie&#8230;<\/p>\n","protected":false},"excerpt":{"rendered":"<p>Co rusz w \u017cyciu wpada si\u0119 na sytuacje, \u017ce nie wie ni m\u0119drzec, kto ma w nich mie\u0107 racj\u0119 i staje bezradny jak szczeniak we mgle. Czy m\u0119drcem przestaje by\u0107 przez to? Kto wie&#8230; Gdy z moj\u0105 s\u0105siadk\u0105 szczekamy przy p\u0142ocie, to ona wygl\u0105da jak jakie sto pociech. No, przyznam, nie bardzo podoba si\u0119 mnie, lecz innym? Hmm&#8230; R\u00f3\u017cne s\u0105 gusta. Kto wie&#8230; Psu czasem i befsztyk potrafi zaszkodzi\u0107 (dlaczego, w to bli\u017cej nie b\u0119d\u0119 tu wchodzi\u0107), czy \u017ale wi\u0119c, gdy befsztyk z rozkosz\u0105 pies je? Zale\u017cy jak le\u017cy, gdzie le\u017cy. Kto wie&#8230; Cz\u0142ek jeden uwielbia \u015bcisk, to\u0142p\u0119 i magiel, [&hellip;]<\/p>\n","protected":false},"author":274,"featured_media":0,"parent":2143,"menu_order":0,"comment_status":"open","ping_status":"open","template":"wiersze_polit.php","meta":{"footnotes":""},"class_list":["post-2297","page","type-page","status-publish","hentry"],"_links":{"self":[{"href":"https:\/\/blog-bobika.eu\/index.php?rest_route=\/wp\/v2\/pages\/2297","targetHints":{"allow":["GET"]}}],"collection":[{"href":"https:\/\/blog-bobika.eu\/index.php?rest_route=\/wp\/v2\/pages"}],"about":[{"href":"https:\/\/blog-bobika.eu\/index.php?rest_route=\/wp\/v2\/types\/page"}],"author":[{"embeddable":true,"href":"https:\/\/blog-bobika.eu\/index.php?rest_route=\/wp\/v2\/users\/274"}],"replies":[{"embeddable":true,"href":"https:\/\/blog-bobika.eu\/index.php?rest_route=%2Fwp%2Fv2%2Fcomments&post=2297"}],"version-history":[{"count":1,"href":"https:\/\/blog-bobika.eu\/index.php?rest_route=\/wp\/v2\/pages\/2297\/revisions"}],"predecessor-version":[{"id":2298,"href":"https:\/\/blog-bobika.eu\/index.php?rest_route=\/wp\/v2\/pages\/2297\/revisions\/2298"}],"up":[{"embeddable":true,"href":"https:\/\/blog-bobika.eu\/index.php?rest_route=\/wp\/v2\/pages\/2143"}],"wp:attachment":[{"href":"https:\/\/blog-bobika.eu\/index.php?rest_route=%2Fwp%2Fv2%2Fmedia&parent=2297"}],"curies":[{"name":"wp","href":"https:\/\/api.w.org\/{rel}","templated":true}]}}