{"id":2293,"date":"2015-08-23T20:41:26","date_gmt":"2015-08-23T18:41:26","guid":{"rendered":"http:\/\/blog-bobika.eu\/?page_id=2293"},"modified":"2015-08-23T20:41:26","modified_gmt":"2015-08-23T18:41:26","slug":"krzeselko","status":"publish","type":"page","link":"https:\/\/blog-bobika.eu\/?page_id=2293","title":{"rendered":"Krzese\u0142ko"},"content":{"rendered":"<p>Jaki\u017c to ch\u0142opiec brzydki, niegrzeczny,<br \/>\n\u017ale mnie traktuje, jak harpia,<br \/>\nspod mojej pupci pr\u00f3buje wiecznie<br \/>\njakie\u015b krzese\u0142ko wyszarpa\u0107.<\/p>\n<p>M\u00f3wi, \u017ce jeden pan go poprosi\u0142,<br \/>\nby na krzese\u0142ku tym usiad\u0142&#8230;<br \/>\nTak\u0105 bezczelno\u015b\u0107 trudno mi znosi\u0107 &#8211;<br \/>\nniech mu da klapsa mamusia!<\/p>\n<p>Albo niech pani g\u0142o\u015bno go zgani,<br \/>\nniech ca\u0142a wie nasza klasa,<br \/>\ndo jakiej skrajnej doszed\u0142em manii<br \/>\nprzez tego z\u0142ego&#8230; brudasa!<\/p>\n<p>Niech nie zaprasza na imieniny<br \/>\ngo ni dziewczynka, ni ch\u0142opi\u0119,<br \/>\nbo ja mam wsparcie mojej dru\u017cyny,<br \/>\nco w razie czego dokopie&#8230;<\/p>\n<p>Moje krzese\u0142ko! Moje cukierki!<br \/>\nPrecz od nich, bo b\u0119dzie draka!<br \/>\nA tamten ch\u0142opiec niech je obierki<br \/>\nz rozjuszonego ziemniaka!<\/p>\n","protected":false},"excerpt":{"rendered":"<p>Jaki\u017c to ch\u0142opiec brzydki, niegrzeczny, \u017ale mnie traktuje, jak harpia, spod mojej pupci pr\u00f3buje wiecznie jakie\u015b krzese\u0142ko wyszarpa\u0107. M\u00f3wi, \u017ce jeden pan go poprosi\u0142, by na krzese\u0142ku tym usiad\u0142&#8230; Tak\u0105 bezczelno\u015b\u0107 trudno mi znosi\u0107 &#8211; niech mu da klapsa mamusia! Albo niech pani g\u0142o\u015bno go zgani, niech ca\u0142a wie nasza klasa, do jakiej skrajnej doszed\u0142em manii przez tego z\u0142ego&#8230; brudasa! Niech nie zaprasza na imieniny go ni dziewczynka, ni ch\u0142opi\u0119, bo ja mam wsparcie mojej dru\u017cyny, co w razie czego dokopie&#8230; Moje krzese\u0142ko! Moje cukierki! Precz od nich, bo b\u0119dzie draka! A tamten ch\u0142opiec niech je obierki z rozjuszonego ziemniaka!<\/p>\n","protected":false},"author":274,"featured_media":0,"parent":2143,"menu_order":0,"comment_status":"open","ping_status":"open","template":"wiersze_polit.php","meta":{"footnotes":""},"class_list":["post-2293","page","type-page","status-publish","hentry"],"_links":{"self":[{"href":"https:\/\/blog-bobika.eu\/index.php?rest_route=\/wp\/v2\/pages\/2293","targetHints":{"allow":["GET"]}}],"collection":[{"href":"https:\/\/blog-bobika.eu\/index.php?rest_route=\/wp\/v2\/pages"}],"about":[{"href":"https:\/\/blog-bobika.eu\/index.php?rest_route=\/wp\/v2\/types\/page"}],"author":[{"embeddable":true,"href":"https:\/\/blog-bobika.eu\/index.php?rest_route=\/wp\/v2\/users\/274"}],"replies":[{"embeddable":true,"href":"https:\/\/blog-bobika.eu\/index.php?rest_route=%2Fwp%2Fv2%2Fcomments&post=2293"}],"version-history":[{"count":1,"href":"https:\/\/blog-bobika.eu\/index.php?rest_route=\/wp\/v2\/pages\/2293\/revisions"}],"predecessor-version":[{"id":2294,"href":"https:\/\/blog-bobika.eu\/index.php?rest_route=\/wp\/v2\/pages\/2293\/revisions\/2294"}],"up":[{"embeddable":true,"href":"https:\/\/blog-bobika.eu\/index.php?rest_route=\/wp\/v2\/pages\/2143"}],"wp:attachment":[{"href":"https:\/\/blog-bobika.eu\/index.php?rest_route=%2Fwp%2Fv2%2Fmedia&parent=2293"}],"curies":[{"name":"wp","href":"https:\/\/api.w.org\/{rel}","templated":true}]}}