{"id":2291,"date":"2015-08-23T20:40:25","date_gmt":"2015-08-23T18:40:25","guid":{"rendered":"http:\/\/blog-bobika.eu\/?page_id=2291"},"modified":"2015-08-23T20:40:25","modified_gmt":"2015-08-23T18:40:25","slug":"krew","status":"publish","type":"page","link":"https:\/\/blog-bobika.eu\/?page_id=2291","title":{"rendered":"Krew"},"content":{"rendered":"<p>Krew, co zalewa na te bzdety,<br \/>\nkt\u00f3rymi Jotemer nas raczy,<br \/>\nna stan umys\u0142u u poety,<br \/>\nten obraz n\u0119dzy i rozpaczy.<\/p>\n<p>Krew, kt\u00f3ra g\u0142o\u015bno w uszach szumi<br \/>\nod tych wierszyde\u0142 marnych, pod\u0142ych,<br \/>\nwci\u0105\u017c si\u0119 kr\u0119c\u0105cych wok\u00f3\u0142 trumien<br \/>\ni brzozy, d\u0119bu, czy tam jod\u0142y.<\/p>\n<p>Co\u015b chlupie\u2026 To \u017co\u0142\u0105dka zdrada!<br \/>\nDo g\u00f3ry wraca ka\u017cde danie,<br \/>\ngdy wida\u0107, jak Jotemer wpada<br \/>\nw straszniejsz\u0105 coraz grafomani\u0119.<\/p>\n<p>Jak ni\u017cej kreski, chocia\u017c z wpraw\u0105,<br \/>\nserwuje hafty ci\u0105gle nowe,<br \/>\na\u017c wiersz si\u0119 staje kiszk\u0105 krwaw\u0105,<br \/>\ni tre\u015bci\u0105 kiszki odbytowej.<\/p>\n","protected":false},"excerpt":{"rendered":"<p>Krew, co zalewa na te bzdety, kt\u00f3rymi Jotemer nas raczy, na stan umys\u0142u u poety, ten obraz n\u0119dzy i rozpaczy. Krew, kt\u00f3ra g\u0142o\u015bno w uszach szumi od tych wierszyde\u0142 marnych, pod\u0142ych, wci\u0105\u017c si\u0119 kr\u0119c\u0105cych wok\u00f3\u0142 trumien i brzozy, d\u0119bu, czy tam jod\u0142y. Co\u015b chlupie\u2026 To \u017co\u0142\u0105dka zdrada! Do g\u00f3ry wraca ka\u017cde danie, gdy wida\u0107, jak Jotemer wpada w straszniejsz\u0105 coraz grafomani\u0119. Jak ni\u017cej kreski, chocia\u017c z wpraw\u0105, serwuje hafty ci\u0105gle nowe, a\u017c wiersz si\u0119 staje kiszk\u0105 krwaw\u0105, i tre\u015bci\u0105 kiszki odbytowej.<\/p>\n","protected":false},"author":274,"featured_media":0,"parent":2143,"menu_order":0,"comment_status":"open","ping_status":"open","template":"wiersze_polit.php","meta":{"footnotes":""},"class_list":["post-2291","page","type-page","status-publish","hentry"],"_links":{"self":[{"href":"https:\/\/blog-bobika.eu\/index.php?rest_route=\/wp\/v2\/pages\/2291","targetHints":{"allow":["GET"]}}],"collection":[{"href":"https:\/\/blog-bobika.eu\/index.php?rest_route=\/wp\/v2\/pages"}],"about":[{"href":"https:\/\/blog-bobika.eu\/index.php?rest_route=\/wp\/v2\/types\/page"}],"author":[{"embeddable":true,"href":"https:\/\/blog-bobika.eu\/index.php?rest_route=\/wp\/v2\/users\/274"}],"replies":[{"embeddable":true,"href":"https:\/\/blog-bobika.eu\/index.php?rest_route=%2Fwp%2Fv2%2Fcomments&post=2291"}],"version-history":[{"count":1,"href":"https:\/\/blog-bobika.eu\/index.php?rest_route=\/wp\/v2\/pages\/2291\/revisions"}],"predecessor-version":[{"id":2292,"href":"https:\/\/blog-bobika.eu\/index.php?rest_route=\/wp\/v2\/pages\/2291\/revisions\/2292"}],"up":[{"embeddable":true,"href":"https:\/\/blog-bobika.eu\/index.php?rest_route=\/wp\/v2\/pages\/2143"}],"wp:attachment":[{"href":"https:\/\/blog-bobika.eu\/index.php?rest_route=%2Fwp%2Fv2%2Fmedia&parent=2291"}],"curies":[{"name":"wp","href":"https:\/\/api.w.org\/{rel}","templated":true}]}}