{"id":2289,"date":"2015-08-23T20:39:15","date_gmt":"2015-08-23T18:39:15","guid":{"rendered":"http:\/\/blog-bobika.eu\/?page_id=2289"},"modified":"2015-08-23T20:39:15","modified_gmt":"2015-08-23T18:39:15","slug":"koziolek","status":"publish","type":"page","link":"https:\/\/blog-bobika.eu\/?page_id=2289","title":{"rendered":"Kozio\u0142ek"},"content":{"rendered":"<p>W Pacanowie, gdzie kozio\u0142ek<br \/>\nmia\u0142 sw\u00f3j domek i ogr\u00f3dek<br \/>\nza\u0142o\u017cono now\u0105 firm\u0119 &#8211;<br \/>\nzwa\u0142a si\u0119 Wytw\u00f3rnia W\u00f3dek.<\/p>\n<p>Jak zacz\u0119\u0142o wia\u0107 oparem,<br \/>\n&#8222;ha!&#8221; krzykn\u0119\u0142y wszystkie m\u0119ty.<br \/>\nAle kozio\u0142 si\u0119 nie cieszy\u0142,<br \/>\nbowiem chodzi\u0142 wci\u0105\u017c ur\u017cni\u0119ty.<\/p>\n<p>Sol\u0105 trze\u017awi\u0107 si\u0119 pr\u00f3bowa\u0142,<br \/>\nw ko\u0144cu poj\u0105\u0142, \u017ce to na nic,<br \/>\nwzi\u0105\u0142, tobo\u0142ek sw\u00f3j spakowa\u0142<br \/>\ni si\u0119 wyni\u00f3s\u0142 do Pabianic.<\/p>\n<p>Tam, bez prasy i ko\u0142aczy<br \/>\n\u017cycie wiedzie s\u0142odkie, ciche,<br \/>\nma w podw\u00f3rku ma\u0142y sraczyk,<br \/>\na w doniczce ma marych\u0119.<\/p>\n<p>Kurzy sobie, kr\u0119c\u0105c wprz\u00f3dy<br \/>\ni bez przerwy si\u0119 zachwyca,<br \/>\njak to mi\u0142o bez tej w\u00f3dy<br \/>\nmieszka\u0107 sobie w Pabianicach!<\/p>\n","protected":false},"excerpt":{"rendered":"<p>W Pacanowie, gdzie kozio\u0142ek mia\u0142 sw\u00f3j domek i ogr\u00f3dek za\u0142o\u017cono now\u0105 firm\u0119 &#8211; zwa\u0142a si\u0119 Wytw\u00f3rnia W\u00f3dek. Jak zacz\u0119\u0142o wia\u0107 oparem, &#8222;ha!&#8221; krzykn\u0119\u0142y wszystkie m\u0119ty. Ale kozio\u0142 si\u0119 nie cieszy\u0142, bowiem chodzi\u0142 wci\u0105\u017c ur\u017cni\u0119ty. Sol\u0105 trze\u017awi\u0107 si\u0119 pr\u00f3bowa\u0142, w ko\u0144cu poj\u0105\u0142, \u017ce to na nic, wzi\u0105\u0142, tobo\u0142ek sw\u00f3j spakowa\u0142 i si\u0119 wyni\u00f3s\u0142 do Pabianic. Tam, bez prasy i ko\u0142aczy \u017cycie wiedzie s\u0142odkie, ciche, ma w podw\u00f3rku ma\u0142y sraczyk, a w doniczce ma marych\u0119. Kurzy sobie, kr\u0119c\u0105c wprz\u00f3dy i bez przerwy si\u0119 zachwyca, jak to mi\u0142o bez tej w\u00f3dy mieszka\u0107 sobie w Pabianicach!<\/p>\n","protected":false},"author":274,"featured_media":0,"parent":2143,"menu_order":0,"comment_status":"open","ping_status":"open","template":"wiersze_polit.php","meta":{"footnotes":""},"class_list":["post-2289","page","type-page","status-publish","hentry"],"_links":{"self":[{"href":"https:\/\/blog-bobika.eu\/index.php?rest_route=\/wp\/v2\/pages\/2289","targetHints":{"allow":["GET"]}}],"collection":[{"href":"https:\/\/blog-bobika.eu\/index.php?rest_route=\/wp\/v2\/pages"}],"about":[{"href":"https:\/\/blog-bobika.eu\/index.php?rest_route=\/wp\/v2\/types\/page"}],"author":[{"embeddable":true,"href":"https:\/\/blog-bobika.eu\/index.php?rest_route=\/wp\/v2\/users\/274"}],"replies":[{"embeddable":true,"href":"https:\/\/blog-bobika.eu\/index.php?rest_route=%2Fwp%2Fv2%2Fcomments&post=2289"}],"version-history":[{"count":1,"href":"https:\/\/blog-bobika.eu\/index.php?rest_route=\/wp\/v2\/pages\/2289\/revisions"}],"predecessor-version":[{"id":2290,"href":"https:\/\/blog-bobika.eu\/index.php?rest_route=\/wp\/v2\/pages\/2289\/revisions\/2290"}],"up":[{"embeddable":true,"href":"https:\/\/blog-bobika.eu\/index.php?rest_route=\/wp\/v2\/pages\/2143"}],"wp:attachment":[{"href":"https:\/\/blog-bobika.eu\/index.php?rest_route=%2Fwp%2Fv2%2Fmedia&parent=2289"}],"curies":[{"name":"wp","href":"https:\/\/api.w.org\/{rel}","templated":true}]}}