{"id":2285,"date":"2015-08-23T20:33:12","date_gmt":"2015-08-23T18:33:12","guid":{"rendered":"http:\/\/blog-bobika.eu\/?page_id=2285"},"modified":"2015-08-23T20:33:12","modified_gmt":"2015-08-23T18:33:12","slug":"kostucha","status":"publish","type":"page","link":"https:\/\/blog-bobika.eu\/?page_id=2285","title":{"rendered":"Kostucha"},"content":{"rendered":"<p>Gdy na wojn\u0119 si\u0119 wybiera jakie\u015b plemi\u0119,<br \/>\n\u017car mu straszny z rozgrzanego brzucha bucha,<br \/>\norganizmu wzmaga chemi\u0119,<br \/>\nkopytami wali w ziemi\u0119,<br \/>\na za rogiem ju\u017c si\u0119 czai &#8211; kto? Kostucha.<\/p>\n<p>Na wzmo\u017cenia wyda ona ka\u017cdy grosik,<br \/>\ncho\u0107by w mowie tylko by\u0142y, a nie w czynie,<br \/>\njak si\u0119 trupa nie doprosi,<br \/>\nto przynajmniej rozum skosi,<br \/>\ni na swoje przy okazji tej wyp\u0142ynie.<\/p>\n<p>Kibol wo\u0142a: jak to \u0142adnie na wojence,<br \/>\no\u017cywimy strupiesza\u0142e r\u00f3\u017cne duchy!<br \/>\nCho\u0107 zwyci\u0119stwo w naszej r\u0119ce,<br \/>\nim dokopmy jeszcze wi\u0119cej!<br \/>\nNo, to przecie\u017c m\u0142yn na wod\u0119 dla Kostuchy.<\/p>\n<p>S\u0105 w rachunkach ojczy\u017anianych r\u00f3\u017cne bziki,<br \/>\nco z przykro\u015bci\u0105 pewn\u0105 zauwa\u017cy\u0107 musz\u0119,<br \/>\nale, prosz\u0119 ja publiki,<br \/>\nod wojennej retoryki<br \/>\nwcale nam nie b\u0119dzie lepiej, a Kostusze.<\/p>\n","protected":false},"excerpt":{"rendered":"<p>Gdy na wojn\u0119 si\u0119 wybiera jakie\u015b plemi\u0119, \u017car mu straszny z rozgrzanego brzucha bucha, organizmu wzmaga chemi\u0119, kopytami wali w ziemi\u0119, a za rogiem ju\u017c si\u0119 czai &#8211; kto? Kostucha. Na wzmo\u017cenia wyda ona ka\u017cdy grosik, cho\u0107by w mowie tylko by\u0142y, a nie w czynie, jak si\u0119 trupa nie doprosi, to przynajmniej rozum skosi, i na swoje przy okazji tej wyp\u0142ynie. Kibol wo\u0142a: jak to \u0142adnie na wojence, o\u017cywimy strupiesza\u0142e r\u00f3\u017cne duchy! Cho\u0107 zwyci\u0119stwo w naszej r\u0119ce, im dokopmy jeszcze wi\u0119cej! No, to przecie\u017c m\u0142yn na wod\u0119 dla Kostuchy. S\u0105 w rachunkach ojczy\u017anianych r\u00f3\u017cne bziki, co z przykro\u015bci\u0105 pewn\u0105 zauwa\u017cy\u0107 [&hellip;]<\/p>\n","protected":false},"author":274,"featured_media":0,"parent":2143,"menu_order":0,"comment_status":"open","ping_status":"open","template":"wiersze_polit.php","meta":{"footnotes":""},"class_list":["post-2285","page","type-page","status-publish","hentry"],"_links":{"self":[{"href":"https:\/\/blog-bobika.eu\/index.php?rest_route=\/wp\/v2\/pages\/2285","targetHints":{"allow":["GET"]}}],"collection":[{"href":"https:\/\/blog-bobika.eu\/index.php?rest_route=\/wp\/v2\/pages"}],"about":[{"href":"https:\/\/blog-bobika.eu\/index.php?rest_route=\/wp\/v2\/types\/page"}],"author":[{"embeddable":true,"href":"https:\/\/blog-bobika.eu\/index.php?rest_route=\/wp\/v2\/users\/274"}],"replies":[{"embeddable":true,"href":"https:\/\/blog-bobika.eu\/index.php?rest_route=%2Fwp%2Fv2%2Fcomments&post=2285"}],"version-history":[{"count":1,"href":"https:\/\/blog-bobika.eu\/index.php?rest_route=\/wp\/v2\/pages\/2285\/revisions"}],"predecessor-version":[{"id":2286,"href":"https:\/\/blog-bobika.eu\/index.php?rest_route=\/wp\/v2\/pages\/2285\/revisions\/2286"}],"up":[{"embeddable":true,"href":"https:\/\/blog-bobika.eu\/index.php?rest_route=\/wp\/v2\/pages\/2143"}],"wp:attachment":[{"href":"https:\/\/blog-bobika.eu\/index.php?rest_route=%2Fwp%2Fv2%2Fmedia&parent=2285"}],"curies":[{"name":"wp","href":"https:\/\/api.w.org\/{rel}","templated":true}]}}