{"id":2283,"date":"2015-08-23T20:30:45","date_gmt":"2015-08-23T18:30:45","guid":{"rendered":"http:\/\/blog-bobika.eu\/?page_id=2283"},"modified":"2015-08-23T20:30:45","modified_gmt":"2015-08-23T18:30:45","slug":"konin","status":"publish","type":"page","link":"https:\/\/blog-bobika.eu\/?page_id=2283","title":{"rendered":"Konin"},"content":{"rendered":"<p>Dzie\u0144 ju\u017c ko\u0144czy si\u0119 w Koninie, po nim noc zapada,<br \/>\nCzas najwy\u017cszy, \u017ceby zacz\u0105\u0142 wstydzi\u0107 si\u0119 mieszkaniec,<br \/>\na w imieniu jego tak\u017ce ca\u0142a miejska rada ,<br \/>\nco jak kamie\u0144 jest wstydliwy, rzucony na szaniec.<\/p>\n<p>Burmistrz niechaj si\u0119 rumieni i przewodnicz\u0105cy,<br \/>\nsekretarce niech ze wstydu dzi\u0119cielina pa\u0142a,<br \/>\ni sprz\u0105taczka niech do ch\u00f3ru g\u0142os do\u0142\u0105czy dr\u017c\u0105cy,<br \/>\nobwieszczaj\u0105c, jaka ha\u0144ba ten Konin spotka\u0142a.<\/p>\n<p>Gdyby\u017c zb\u00f3j si\u0119 tu narodzi\u0142, lub morderca s\u0142ynny,<br \/>\ntyran, kt\u00f3ry w pie\u0144 wycina\u0142 i ko\u0144mi rozrywa\u0142,<br \/>\ngr\u00f3d nad Wart\u0105 by si\u0119 jawi\u0142 czysty i niewinny,<br \/>\nbo paskudztwo ka\u017cde lepsze ni\u017c prezerwatywa.<\/p>\n<p>A tu klops. Ju\u017c ledwo tli si\u0119 gasn\u0105ca adzieja<br \/>\nj\u0119k si\u0119 niesie wielki, rzewny po koni\u0144skich domach:<br \/>\nodwr\u00f3\u0107 swe wyroki, Bo\u017ce, ze\u015blij nam z\u0142odzieja,<br \/>\nczy pijaka, czy oszusta, nie tego&#8230; no, Fromma. <\/p>\n","protected":false},"excerpt":{"rendered":"<p>Dzie\u0144 ju\u017c ko\u0144czy si\u0119 w Koninie, po nim noc zapada, Czas najwy\u017cszy, \u017ceby zacz\u0105\u0142 wstydzi\u0107 si\u0119 mieszkaniec, a w imieniu jego tak\u017ce ca\u0142a miejska rada , co jak kamie\u0144 jest wstydliwy, rzucony na szaniec. Burmistrz niechaj si\u0119 rumieni i przewodnicz\u0105cy, sekretarce niech ze wstydu dzi\u0119cielina pa\u0142a, i sprz\u0105taczka niech do ch\u00f3ru g\u0142os do\u0142\u0105czy dr\u017c\u0105cy, obwieszczaj\u0105c, jaka ha\u0144ba ten Konin spotka\u0142a. Gdyby\u017c zb\u00f3j si\u0119 tu narodzi\u0142, lub morderca s\u0142ynny, tyran, kt\u00f3ry w pie\u0144 wycina\u0142 i ko\u0144mi rozrywa\u0142, gr\u00f3d nad Wart\u0105 by si\u0119 jawi\u0142 czysty i niewinny, bo paskudztwo ka\u017cde lepsze ni\u017c prezerwatywa. A tu klops. Ju\u017c ledwo tli si\u0119 gasn\u0105ca adzieja [&hellip;]<\/p>\n","protected":false},"author":274,"featured_media":0,"parent":2143,"menu_order":0,"comment_status":"open","ping_status":"open","template":"wiersze_polit.php","meta":{"footnotes":""},"class_list":["post-2283","page","type-page","status-publish","hentry"],"_links":{"self":[{"href":"https:\/\/blog-bobika.eu\/index.php?rest_route=\/wp\/v2\/pages\/2283","targetHints":{"allow":["GET"]}}],"collection":[{"href":"https:\/\/blog-bobika.eu\/index.php?rest_route=\/wp\/v2\/pages"}],"about":[{"href":"https:\/\/blog-bobika.eu\/index.php?rest_route=\/wp\/v2\/types\/page"}],"author":[{"embeddable":true,"href":"https:\/\/blog-bobika.eu\/index.php?rest_route=\/wp\/v2\/users\/274"}],"replies":[{"embeddable":true,"href":"https:\/\/blog-bobika.eu\/index.php?rest_route=%2Fwp%2Fv2%2Fcomments&post=2283"}],"version-history":[{"count":1,"href":"https:\/\/blog-bobika.eu\/index.php?rest_route=\/wp\/v2\/pages\/2283\/revisions"}],"predecessor-version":[{"id":2284,"href":"https:\/\/blog-bobika.eu\/index.php?rest_route=\/wp\/v2\/pages\/2283\/revisions\/2284"}],"up":[{"embeddable":true,"href":"https:\/\/blog-bobika.eu\/index.php?rest_route=\/wp\/v2\/pages\/2143"}],"wp:attachment":[{"href":"https:\/\/blog-bobika.eu\/index.php?rest_route=%2Fwp%2Fv2%2Fmedia&parent=2283"}],"curies":[{"name":"wp","href":"https:\/\/api.w.org\/{rel}","templated":true}]}}