{"id":2267,"date":"2015-08-23T20:18:09","date_gmt":"2015-08-23T18:18:09","guid":{"rendered":"http:\/\/blog-bobika.eu\/?page_id=2267"},"modified":"2015-08-23T20:18:09","modified_gmt":"2015-08-23T18:18:09","slug":"kibic-i-kibol","status":"publish","type":"page","link":"https:\/\/blog-bobika.eu\/?page_id=2267","title":{"rendered":"Kibic i kibol"},"content":{"rendered":"<p>Kibic i kibol w jednym stali domu,<br \/>\nna r\u00f3\u017cnych pi\u0119trach, jak sk\u0105din\u0105d wiemy.<br \/>\nKibic spokojny, nie wadzi\u0142 nikomu,<br \/>\nale ten kibol wci\u0105\u017c stwarza\u0142 problemy.<br \/>\nTo w \u0142eb, to w z\u0119by, to kopa w podbrzusze,<br \/>\nto transparenty o tym, kto do gazu,<br \/>\nzabi\u0107 gotowy by\u0142 za czapk\u0119 gruszek,<br \/>\nzel\u017cywych wi\u0105ch\u0105 rzucaj\u0105c wyraz\u00f3w.<br \/>\nZnosi\u0142 to kibic, wreszcie do\u015b\u0107 mia\u0142 troch\u0119<br \/>\ni do kibola suplik\u0119 zanosi:<br \/>\nprzesta\u0144 odstawia\u0107 wreszcie tak\u0105 wioch\u0119,<br \/>\nbo b\u0119d\u0119 musia\u0142 z tob\u0105 zrobi\u0107 cosik.<br \/>\nA kibol na to: we\u017a sp&#8230;.aj, kole\u015b,<br \/>\nbo ci przyj&#8230;bi\u0119, k&#8230;a, tym bejsbolem!<\/p>\n<p>C\u00f3\u017c by\u0142o robi\u0107? Kibic, ju\u017c wkurzony,<br \/>\nmy\u015bli: a mo\u017ce by zamkn\u0105\u0107 stadiony?<br \/>\nWielkie si\u0119 przez to zacz\u0119\u0142y rozr\u00f3by,<br \/>\npolityk jeden zrobi\u0142 min\u0119 m\u0105dr\u0105:<br \/>\nten kibic chyba chce kiboli zguby,<br \/>\na to Narodu przecie\u017c zdrowe j\u0105dro.<br \/>\nInny kto\u015b krzykn\u0105\u0142: bzdury kibic plecie,<br \/>\nmy opiszemy go w Polskiej Gazecie,<br \/>\nostrzem krytyki go b\u0119dziemy chlasta\u0107,<br \/>\nbo wszak pot\u0119g\u0105 kibol jest i basta!<\/p>\n<p>Nazajutrz kibol smacznie sobie kima,<br \/>\nbo po po\u0142udniu dopiero zadyma,<br \/>\nwi\u0119c kibicowi jeszcze nic nie grozi,<br \/>\nlecz gdy si\u0119 zacznie, to &#8211; r\u0105czki do bozi.<\/p>\n<p>Optymistyczny mora\u0142 nie nadchodzi,<br \/>\nna pr\u00f3\u017cno szuka\u0107 go w nast\u0119pnym zdaniu.<br \/>\nkibol panoszy si\u0119 w Warszawie, w \u0141odzi,<br \/>\nw Gda\u0144sku, Krakowie, Bytomiu, Poznaniu&#8230;<\/p>\n","protected":false},"excerpt":{"rendered":"<p>Kibic i kibol w jednym stali domu, na r\u00f3\u017cnych pi\u0119trach, jak sk\u0105din\u0105d wiemy. Kibic spokojny, nie wadzi\u0142 nikomu, ale ten kibol wci\u0105\u017c stwarza\u0142 problemy. To w \u0142eb, to w z\u0119by, to kopa w podbrzusze, to transparenty o tym, kto do gazu, zabi\u0107 gotowy by\u0142 za czapk\u0119 gruszek, zel\u017cywych wi\u0105ch\u0105 rzucaj\u0105c wyraz\u00f3w. Znosi\u0142 to kibic, wreszcie do\u015b\u0107 mia\u0142 troch\u0119 i do kibola suplik\u0119 zanosi: przesta\u0144 odstawia\u0107 wreszcie tak\u0105 wioch\u0119, bo b\u0119d\u0119 musia\u0142 z tob\u0105 zrobi\u0107 cosik. A kibol na to: we\u017a sp&#8230;.aj, kole\u015b, bo ci przyj&#8230;bi\u0119, k&#8230;a, tym bejsbolem! C\u00f3\u017c by\u0142o robi\u0107? Kibic, ju\u017c wkurzony, my\u015bli: a mo\u017ce by zamkn\u0105\u0107 stadiony? [&hellip;]<\/p>\n","protected":false},"author":274,"featured_media":0,"parent":2143,"menu_order":0,"comment_status":"open","ping_status":"open","template":"wiersze_polit.php","meta":{"footnotes":""},"class_list":["post-2267","page","type-page","status-publish","hentry"],"_links":{"self":[{"href":"https:\/\/blog-bobika.eu\/index.php?rest_route=\/wp\/v2\/pages\/2267","targetHints":{"allow":["GET"]}}],"collection":[{"href":"https:\/\/blog-bobika.eu\/index.php?rest_route=\/wp\/v2\/pages"}],"about":[{"href":"https:\/\/blog-bobika.eu\/index.php?rest_route=\/wp\/v2\/types\/page"}],"author":[{"embeddable":true,"href":"https:\/\/blog-bobika.eu\/index.php?rest_route=\/wp\/v2\/users\/274"}],"replies":[{"embeddable":true,"href":"https:\/\/blog-bobika.eu\/index.php?rest_route=%2Fwp%2Fv2%2Fcomments&post=2267"}],"version-history":[{"count":1,"href":"https:\/\/blog-bobika.eu\/index.php?rest_route=\/wp\/v2\/pages\/2267\/revisions"}],"predecessor-version":[{"id":2268,"href":"https:\/\/blog-bobika.eu\/index.php?rest_route=\/wp\/v2\/pages\/2267\/revisions\/2268"}],"up":[{"embeddable":true,"href":"https:\/\/blog-bobika.eu\/index.php?rest_route=\/wp\/v2\/pages\/2143"}],"wp:attachment":[{"href":"https:\/\/blog-bobika.eu\/index.php?rest_route=%2Fwp%2Fv2%2Fmedia&parent=2267"}],"curies":[{"name":"wp","href":"https:\/\/api.w.org\/{rel}","templated":true}]}}