{"id":2265,"date":"2015-08-23T20:17:00","date_gmt":"2015-08-23T18:17:00","guid":{"rendered":"http:\/\/blog-bobika.eu\/?page_id=2265"},"modified":"2015-08-23T20:17:00","modified_gmt":"2015-08-23T18:17:00","slug":"kawa-bez-krzyza","status":"publish","type":"page","link":"https:\/\/blog-bobika.eu\/?page_id=2265","title":{"rendered":"Kawa bez krzy\u017ca"},"content":{"rendered":"<p>Kawa bez krzy\u017ca, kawa bez krzy\u017ca!<br \/>\nKto do tej kawy ust koral zbli\u017ca,<br \/>\nszepcze z przej\u0119ciem: widzisz Polaku,<br \/>\nczym si\u0119 dzi\u015b sta\u0142a pot\u0119ga smaku?<br \/>\nJu\u017c nie Jacobsy albo Lavazze,<br \/>\nnie dla tych marek ja g\u0142ow\u0119 trac\u0119,<br \/>\nnie dla nowo\u015bci prosto z Pary\u017ca&#8230;<br \/>\nStarczy, by kawa by\u0142a bez krzy\u017ca,<br \/>\nni\u0105  w\u0105tpia grzej\u0119 i my\u015bli ch\u0142odz\u0119.<br \/>\nA kiedy marze\u0144 popuszczam wodze,<br \/>\nkubkami duszy inny smak przedni<br \/>\nczuj\u0119: bez krzy\u017ca nasz chleb powszedni.<\/p>\n","protected":false},"excerpt":{"rendered":"<p>Kawa bez krzy\u017ca, kawa bez krzy\u017ca! Kto do tej kawy ust koral zbli\u017ca, szepcze z przej\u0119ciem: widzisz Polaku, czym si\u0119 dzi\u015b sta\u0142a pot\u0119ga smaku? Ju\u017c nie Jacobsy albo Lavazze, nie dla tych marek ja g\u0142ow\u0119 trac\u0119, nie dla nowo\u015bci prosto z Pary\u017ca&#8230; Starczy, by kawa by\u0142a bez krzy\u017ca, ni\u0105 w\u0105tpia grzej\u0119 i my\u015bli ch\u0142odz\u0119. A kiedy marze\u0144 popuszczam wodze, kubkami duszy inny smak przedni czuj\u0119: bez krzy\u017ca nasz chleb powszedni.<\/p>\n","protected":false},"author":274,"featured_media":0,"parent":2143,"menu_order":0,"comment_status":"open","ping_status":"open","template":"wiersze_polit.php","meta":{"footnotes":""},"class_list":["post-2265","page","type-page","status-publish","hentry"],"_links":{"self":[{"href":"https:\/\/blog-bobika.eu\/index.php?rest_route=\/wp\/v2\/pages\/2265","targetHints":{"allow":["GET"]}}],"collection":[{"href":"https:\/\/blog-bobika.eu\/index.php?rest_route=\/wp\/v2\/pages"}],"about":[{"href":"https:\/\/blog-bobika.eu\/index.php?rest_route=\/wp\/v2\/types\/page"}],"author":[{"embeddable":true,"href":"https:\/\/blog-bobika.eu\/index.php?rest_route=\/wp\/v2\/users\/274"}],"replies":[{"embeddable":true,"href":"https:\/\/blog-bobika.eu\/index.php?rest_route=%2Fwp%2Fv2%2Fcomments&post=2265"}],"version-history":[{"count":1,"href":"https:\/\/blog-bobika.eu\/index.php?rest_route=\/wp\/v2\/pages\/2265\/revisions"}],"predecessor-version":[{"id":2266,"href":"https:\/\/blog-bobika.eu\/index.php?rest_route=\/wp\/v2\/pages\/2265\/revisions\/2266"}],"up":[{"embeddable":true,"href":"https:\/\/blog-bobika.eu\/index.php?rest_route=\/wp\/v2\/pages\/2143"}],"wp:attachment":[{"href":"https:\/\/blog-bobika.eu\/index.php?rest_route=%2Fwp%2Fv2%2Fmedia&parent=2265"}],"curies":[{"name":"wp","href":"https:\/\/api.w.org\/{rel}","templated":true}]}}