{"id":2263,"date":"2015-08-23T20:15:45","date_gmt":"2015-08-23T18:15:45","guid":{"rendered":"http:\/\/blog-bobika.eu\/?page_id=2263"},"modified":"2015-08-23T20:15:45","modified_gmt":"2015-08-23T18:15:45","slug":"katoholicy","status":"publish","type":"page","link":"https:\/\/blog-bobika.eu\/?page_id=2263","title":{"rendered":"Katoholicy"},"content":{"rendered":"<p>Gdy umys\u0142owy mrok zapada,<br \/>\nw ko\u015bcio\u0142ach, w sejmie, na ulicy,<br \/>\nw szko\u0142ach i narodowych radach,<br \/>\nzjawiaj\u0105 si\u0119 katoholicy.<\/p>\n<p>Zwyk\u0142y katolik to za ma\u0142o,<br \/>\npo co \u0142agodna komu owca?<br \/>\nBy kraj za pysk si\u0119 wzi\u0105\u0107 uda\u0142o,<br \/>\ntrzeba koniecznie stachanowca.<\/p>\n<p>Takiego, co w ostatni\u0105 drog\u0119,<br \/>\npogoni libertyn\u00f3w wra\u017cych,<br \/>\ni \u015bwi\u0119ty inkwizycji ogie\u0144<br \/>\nroznieci, niech Europ\u0119 parzy.<\/p>\n<p>Co mniej robotnych wzbudzi podziw,<br \/>\nnabo\u017cn\u0105 dokr\u0119caj\u0105c \u015brub\u0119,<br \/>\nzgwa\u0142conej twardo ka\u017ce rodzi\u0107,<br \/>\na prawu wsadzi\u0107 mord\u0119 w kube\u0142.<\/p>\n<p>Co w parlamencie, w mowie g\u0142adkiej,<br \/>\nna miazg\u0119 o\u015bwiecenie strzaska,<br \/>\nlewak\u00f3w wy\u015ble na Kamczatk\u0119,<br \/>\npeda\u0142\u00f3w za\u015b na Madagaskar.<\/p>\n<p>I w ka\u017cdym miejscu, w ka\u017cdej dobie,<br \/>\ngdy tylko si\u0119 poczuje w siodle,<br \/>\nb\u0119dzie mia\u0142 ci\u0105gle wiar\u0119 w dziobie<br \/>\ni wali\u0142 b\u0119dzie ni\u0105 na odlew\u2026<\/p>\n<p>Nie z wody stw\u00f3r ten, nie z powietrza,<br \/>\nnie z soli ni spo\u0142ecznej roli,<br \/>\ntylko z \u017cywego \u015bredniowiecza.<br \/>\nRodzimy zombie. Katoholik.<\/p>\n","protected":false},"excerpt":{"rendered":"<p>Gdy umys\u0142owy mrok zapada, w ko\u015bcio\u0142ach, w sejmie, na ulicy, w szko\u0142ach i narodowych radach, zjawiaj\u0105 si\u0119 katoholicy. Zwyk\u0142y katolik to za ma\u0142o, po co \u0142agodna komu owca? By kraj za pysk si\u0119 wzi\u0105\u0107 uda\u0142o, trzeba koniecznie stachanowca. Takiego, co w ostatni\u0105 drog\u0119, pogoni libertyn\u00f3w wra\u017cych, i \u015bwi\u0119ty inkwizycji ogie\u0144 roznieci, niech Europ\u0119 parzy. Co mniej robotnych wzbudzi podziw, nabo\u017cn\u0105 dokr\u0119caj\u0105c \u015brub\u0119, zgwa\u0142conej twardo ka\u017ce rodzi\u0107, a prawu wsadzi\u0107 mord\u0119 w kube\u0142. Co w parlamencie, w mowie g\u0142adkiej, na miazg\u0119 o\u015bwiecenie strzaska, lewak\u00f3w wy\u015ble na Kamczatk\u0119, peda\u0142\u00f3w za\u015b na Madagaskar. I w ka\u017cdym miejscu, w ka\u017cdej dobie, gdy tylko si\u0119 [&hellip;]<\/p>\n","protected":false},"author":274,"featured_media":0,"parent":2143,"menu_order":0,"comment_status":"open","ping_status":"open","template":"wiersze_polit.php","meta":{"footnotes":""},"class_list":["post-2263","page","type-page","status-publish","hentry"],"_links":{"self":[{"href":"https:\/\/blog-bobika.eu\/index.php?rest_route=\/wp\/v2\/pages\/2263","targetHints":{"allow":["GET"]}}],"collection":[{"href":"https:\/\/blog-bobika.eu\/index.php?rest_route=\/wp\/v2\/pages"}],"about":[{"href":"https:\/\/blog-bobika.eu\/index.php?rest_route=\/wp\/v2\/types\/page"}],"author":[{"embeddable":true,"href":"https:\/\/blog-bobika.eu\/index.php?rest_route=\/wp\/v2\/users\/274"}],"replies":[{"embeddable":true,"href":"https:\/\/blog-bobika.eu\/index.php?rest_route=%2Fwp%2Fv2%2Fcomments&post=2263"}],"version-history":[{"count":1,"href":"https:\/\/blog-bobika.eu\/index.php?rest_route=\/wp\/v2\/pages\/2263\/revisions"}],"predecessor-version":[{"id":2264,"href":"https:\/\/blog-bobika.eu\/index.php?rest_route=\/wp\/v2\/pages\/2263\/revisions\/2264"}],"up":[{"embeddable":true,"href":"https:\/\/blog-bobika.eu\/index.php?rest_route=\/wp\/v2\/pages\/2143"}],"wp:attachment":[{"href":"https:\/\/blog-bobika.eu\/index.php?rest_route=%2Fwp%2Fv2%2Fmedia&parent=2263"}],"curies":[{"name":"wp","href":"https:\/\/api.w.org\/{rel}","templated":true}]}}