{"id":2253,"date":"2015-08-23T18:52:03","date_gmt":"2015-08-23T16:52:03","guid":{"rendered":"http:\/\/blog-bobika.eu\/?page_id=2253"},"modified":"2015-08-23T18:52:03","modified_gmt":"2015-08-23T16:52:03","slug":"kandydaci-do-pe","status":"publish","type":"page","link":"https:\/\/blog-bobika.eu\/?page_id=2253","title":{"rendered":"Kandydaci do PE"},"content":{"rendered":"<p>Rysio i Zbysio, r\u00f3wne ch\u0142opaki,<br \/>\ngdy ich krajowe znudzi\u0142y draki,<br \/>\npo szerszych chcieli pop\u0142ywa\u0107 wodach<br \/>\n(w kr\u0119gach niekt\u00f3rych \u015bwie\u017ca to moda),<br \/>\nwi\u0119c, mimo lekkiej na szerszo\u015b\u0107 fobii,<br \/>\nspytali kumpli jak to si\u0119 robi.<br \/>\nA kumple radz\u0105: prosta to sprawa,<br \/>\ntrza mie\u0107 gadane, to jest podstawa,<br \/>\nDu\u017co obieca\u0107 (potem nic nie da\u0107),<br \/>\nbo obiecanki daj\u0105 si\u0119 sprzeda\u0107,<br \/>\na do zakup\u00f3w nasz lud jest skory,<br \/>\nnawet jak one zw\u0105 si\u0119 wybory.<br \/>\nRysio i Zbysio, nie w ciemi\u0119 bici,<br \/>\npo wszystkich k\u0105tach pos\u0142ali wici,<br \/>\n\u017ce ju\u017c na miejscu nie chc\u0105 bra\u0107 bat\u00f3w<br \/>\ni by ich wpisa\u0107 na kandydat\u00f3w<br \/>\ndo parlamentu, kt\u00f3remu chodzi<br \/>\no to, by biednej Polsce zaszkodzi\u0107,<br \/>\nbo na szkodzeniu, od Tatr do Gniezna,<br \/>\nnikt od nich przecie\u017c lepiej si\u0119 nie zna.<\/p>\n<p>Ju\u017c na zakupy ciemny lud wyszed\u0142 &#8211;<br \/>\nobywatele! Dajcie po dysze,<br \/>\nlub po tysi\u0105cu waszych g\u0142osik\u00f3w!<br \/>\nOne potrzebne nam do wynik\u00f3w.<br \/>\nKto \u017cyw, kto z nami, kto dosy\u0107 durny,<br \/>\nniech na wyprz\u00f3dki bie\u017cy do urny!<br \/>\nMy z was, my swoi, my\u015bmy ko\u015b\u0107 z ko\u015bci,<br \/>\nwi\u0119c nas wygodnie trzeba umo\u015bci\u0107.<\/p>\n<p>Oddane g\u0142osy. I wida\u0107 snadnie,<br \/>\n\u017ce kto sw\u00f3j ch\u0142opak, ten nie przepadnie,<br \/>\nbo jest w narodzie taka potrzeba,<br \/>\n\u017ceby tych obcych wcale si\u0119 nie ba\u0107,<br \/>\n\u017ceby pokaza\u0107 takim owakim,<br \/>\ngdzie tak naprawd\u0119 zimuj\u0105 raki.<br \/>\nWi\u0119c by nie zawie\u015b\u0107, by nie da\u0107 ty\u0142ka,<br \/>\nby nie rzek\u0142 o nich nikt &#8222;to pomy\u0142ka!&#8221;,<br \/>\nRysio ze Zbysiem, nie my\u015bl\u0105c wiele,<br \/>\nszable chwytaj\u0105 w d\u0142o\u0144: na Bruksel\u0119!<br \/>\nDa\u0107 do wiwatu tej tam Europie!<br \/>\nJak nie my &#8211; kto jej zdrowo dokopie?<br \/>\nA ty podziwiaj tylko, narodzie &#8211;<br \/>\nm\u0105dry to sobie b\u0119dziesz po szkodzie.<\/p>\n","protected":false},"excerpt":{"rendered":"<p>Rysio i Zbysio, r\u00f3wne ch\u0142opaki, gdy ich krajowe znudzi\u0142y draki, po szerszych chcieli pop\u0142ywa\u0107 wodach (w kr\u0119gach niekt\u00f3rych \u015bwie\u017ca to moda), wi\u0119c, mimo lekkiej na szerszo\u015b\u0107 fobii, spytali kumpli jak to si\u0119 robi. A kumple radz\u0105: prosta to sprawa, trza mie\u0107 gadane, to jest podstawa, Du\u017co obieca\u0107 (potem nic nie da\u0107), bo obiecanki daj\u0105 si\u0119 sprzeda\u0107, a do zakup\u00f3w nasz lud jest skory, nawet jak one zw\u0105 si\u0119 wybory. Rysio i Zbysio, nie w ciemi\u0119 bici, po wszystkich k\u0105tach pos\u0142ali wici, \u017ce ju\u017c na miejscu nie chc\u0105 bra\u0107 bat\u00f3w i by ich wpisa\u0107 na kandydat\u00f3w do parlamentu, kt\u00f3remu chodzi o [&hellip;]<\/p>\n","protected":false},"author":274,"featured_media":0,"parent":2143,"menu_order":0,"comment_status":"open","ping_status":"open","template":"wiersze_polit.php","meta":{"footnotes":""},"class_list":["post-2253","page","type-page","status-publish","hentry"],"_links":{"self":[{"href":"https:\/\/blog-bobika.eu\/index.php?rest_route=\/wp\/v2\/pages\/2253","targetHints":{"allow":["GET"]}}],"collection":[{"href":"https:\/\/blog-bobika.eu\/index.php?rest_route=\/wp\/v2\/pages"}],"about":[{"href":"https:\/\/blog-bobika.eu\/index.php?rest_route=\/wp\/v2\/types\/page"}],"author":[{"embeddable":true,"href":"https:\/\/blog-bobika.eu\/index.php?rest_route=\/wp\/v2\/users\/274"}],"replies":[{"embeddable":true,"href":"https:\/\/blog-bobika.eu\/index.php?rest_route=%2Fwp%2Fv2%2Fcomments&post=2253"}],"version-history":[{"count":1,"href":"https:\/\/blog-bobika.eu\/index.php?rest_route=\/wp\/v2\/pages\/2253\/revisions"}],"predecessor-version":[{"id":2254,"href":"https:\/\/blog-bobika.eu\/index.php?rest_route=\/wp\/v2\/pages\/2253\/revisions\/2254"}],"up":[{"embeddable":true,"href":"https:\/\/blog-bobika.eu\/index.php?rest_route=\/wp\/v2\/pages\/2143"}],"wp:attachment":[{"href":"https:\/\/blog-bobika.eu\/index.php?rest_route=%2Fwp%2Fv2%2Fmedia&parent=2253"}],"curies":[{"name":"wp","href":"https:\/\/api.w.org\/{rel}","templated":true}]}}