{"id":2249,"date":"2015-08-23T18:50:20","date_gmt":"2015-08-23T16:50:20","guid":{"rendered":"http:\/\/blog-bobika.eu\/?page_id=2249"},"modified":"2015-08-23T18:50:20","modified_gmt":"2015-08-23T16:50:20","slug":"joga","status":"publish","type":"page","link":"https:\/\/blog-bobika.eu\/?page_id=2249","title":{"rendered":"Joga"},"content":{"rendered":"<p>Joga?<br \/>\nOlaboga!<br \/>\nTo\u017c to do piek\u0142a prosta droga!<br \/>\nChyba lepiej ju\u017c, od biedy,<br \/>\nuciec si\u0119 do ajurwedy,<br \/>\ncho\u0107 i ona, bez w\u0105tpienia,<br \/>\nnie jest drog\u0105 do zbawienia.<br \/>\nLecz od jogi gorsze znacznie,<br \/>\ngdy si\u0119 medytacj\u0119 zacznie,<br \/>\na diabelstwa ju\u017c jest szczytem<br \/>\n(i narodu zdrad\u0105 przy tem)<br \/>\ntakie gus\u0142o, wr\u0119cz potworne:<br \/>\ng\u0142osowanie na Platform\u0119!<\/p>\n","protected":false},"excerpt":{"rendered":"<p>Joga? Olaboga! To\u017c to do piek\u0142a prosta droga! Chyba lepiej ju\u017c, od biedy, uciec si\u0119 do ajurwedy, cho\u0107 i ona, bez w\u0105tpienia, nie jest drog\u0105 do zbawienia. Lecz od jogi gorsze znacznie, gdy si\u0119 medytacj\u0119 zacznie, a diabelstwa ju\u017c jest szczytem (i narodu zdrad\u0105 przy tem) takie gus\u0142o, wr\u0119cz potworne: g\u0142osowanie na Platform\u0119!<\/p>\n","protected":false},"author":274,"featured_media":0,"parent":2143,"menu_order":0,"comment_status":"open","ping_status":"open","template":"wiersze_polit.php","meta":{"footnotes":""},"class_list":["post-2249","page","type-page","status-publish","hentry"],"_links":{"self":[{"href":"https:\/\/blog-bobika.eu\/index.php?rest_route=\/wp\/v2\/pages\/2249","targetHints":{"allow":["GET"]}}],"collection":[{"href":"https:\/\/blog-bobika.eu\/index.php?rest_route=\/wp\/v2\/pages"}],"about":[{"href":"https:\/\/blog-bobika.eu\/index.php?rest_route=\/wp\/v2\/types\/page"}],"author":[{"embeddable":true,"href":"https:\/\/blog-bobika.eu\/index.php?rest_route=\/wp\/v2\/users\/274"}],"replies":[{"embeddable":true,"href":"https:\/\/blog-bobika.eu\/index.php?rest_route=%2Fwp%2Fv2%2Fcomments&post=2249"}],"version-history":[{"count":1,"href":"https:\/\/blog-bobika.eu\/index.php?rest_route=\/wp\/v2\/pages\/2249\/revisions"}],"predecessor-version":[{"id":2250,"href":"https:\/\/blog-bobika.eu\/index.php?rest_route=\/wp\/v2\/pages\/2249\/revisions\/2250"}],"up":[{"embeddable":true,"href":"https:\/\/blog-bobika.eu\/index.php?rest_route=\/wp\/v2\/pages\/2143"}],"wp:attachment":[{"href":"https:\/\/blog-bobika.eu\/index.php?rest_route=%2Fwp%2Fv2%2Fmedia&parent=2249"}],"curies":[{"name":"wp","href":"https:\/\/api.w.org\/{rel}","templated":true}]}}