{"id":2239,"date":"2015-08-23T18:25:56","date_gmt":"2015-08-23T16:25:56","guid":{"rendered":"http:\/\/blog-bobika.eu\/?page_id=2239"},"modified":"2015-08-23T18:25:56","modified_gmt":"2015-08-23T16:25:56","slug":"jarek-syzyf","status":"publish","type":"page","link":"https:\/\/blog-bobika.eu\/?page_id=2239","title":{"rendered":"Jarek-Syzyf"},"content":{"rendered":"<p>Gdy Jarek z wiernym swym oddzia\u0142em<br \/>\nraju nam wszystkim stworzy\u0142 zr\u0119by,<br \/>\nm\u00f3g\u0142by na laurach z\u0142o\u017cy\u0107 cia\u0142o<br \/>\ni czasem tylko sadzi\u0107 d\u0119by.<\/p>\n<p>Lecz dalej si\u0119 jak Syzyf trudzi,<br \/>\nbo hydrze wci\u0105\u017c odrasta g\u0142owa,<br \/>\nza pi\u0119\u0107 dwunasta dzwoni budzik<br \/>\ni hiena skrada si\u0119 r\u00f3\u017cowa.<\/p>\n<p>Znu\u017cony bojem nieustannym<br \/>\nPiS m\u00f3g\u0142by spa\u0107 we w\u0142asnym domu,<br \/>\nniestety.. z ka\u017cdej niemal wanny<br \/>\nwygl\u0105da Michnik, stary komuch.<\/p>\n<p>Za ka\u017cdym rogiem Tusk si\u0119 czai<br \/>\nz liberalizmu grub\u0105 rur\u0105&#8230;<br \/>\nNie, Jarek nie da si\u0119 wyjai\u0107<br \/>\nspokojem i emerytur\u0105!<\/p>\n<p>Do krwi ostatniej, do upadu,<br \/>\nprzez ogie\u0144 i piekieln\u0105 siark\u0119!<br \/>\n\u017be szepcz\u0105 ludzie: spieprzaj dziadu?<br \/>\nEee, te numery to nie z Jarkiem!<\/p>\n<p>\u017be b\u0119d\u0105 zgliszcza i ruiny?<br \/>\n\u017be grand\u0119 b\u0119dzie goni\u0107 granda?<br \/>\nHa! Zobaczycie, takie syny,<br \/>\nkto na tych zgliszczach zatknie sztandar! <\/p>\n","protected":false},"excerpt":{"rendered":"<p>Gdy Jarek z wiernym swym oddzia\u0142em raju nam wszystkim stworzy\u0142 zr\u0119by, m\u00f3g\u0142by na laurach z\u0142o\u017cy\u0107 cia\u0142o i czasem tylko sadzi\u0107 d\u0119by. Lecz dalej si\u0119 jak Syzyf trudzi, bo hydrze wci\u0105\u017c odrasta g\u0142owa, za pi\u0119\u0107 dwunasta dzwoni budzik i hiena skrada si\u0119 r\u00f3\u017cowa. Znu\u017cony bojem nieustannym PiS m\u00f3g\u0142by spa\u0107 we w\u0142asnym domu, niestety.. z ka\u017cdej niemal wanny wygl\u0105da Michnik, stary komuch. Za ka\u017cdym rogiem Tusk si\u0119 czai z liberalizmu grub\u0105 rur\u0105&#8230; Nie, Jarek nie da si\u0119 wyjai\u0107 spokojem i emerytur\u0105! Do krwi ostatniej, do upadu, przez ogie\u0144 i piekieln\u0105 siark\u0119! \u017be szepcz\u0105 ludzie: spieprzaj dziadu? Eee, te numery to nie z [&hellip;]<\/p>\n","protected":false},"author":274,"featured_media":0,"parent":2143,"menu_order":0,"comment_status":"open","ping_status":"open","template":"wiersze_polit.php","meta":{"footnotes":""},"class_list":["post-2239","page","type-page","status-publish","hentry"],"_links":{"self":[{"href":"https:\/\/blog-bobika.eu\/index.php?rest_route=\/wp\/v2\/pages\/2239","targetHints":{"allow":["GET"]}}],"collection":[{"href":"https:\/\/blog-bobika.eu\/index.php?rest_route=\/wp\/v2\/pages"}],"about":[{"href":"https:\/\/blog-bobika.eu\/index.php?rest_route=\/wp\/v2\/types\/page"}],"author":[{"embeddable":true,"href":"https:\/\/blog-bobika.eu\/index.php?rest_route=\/wp\/v2\/users\/274"}],"replies":[{"embeddable":true,"href":"https:\/\/blog-bobika.eu\/index.php?rest_route=%2Fwp%2Fv2%2Fcomments&post=2239"}],"version-history":[{"count":1,"href":"https:\/\/blog-bobika.eu\/index.php?rest_route=\/wp\/v2\/pages\/2239\/revisions"}],"predecessor-version":[{"id":2240,"href":"https:\/\/blog-bobika.eu\/index.php?rest_route=\/wp\/v2\/pages\/2239\/revisions\/2240"}],"up":[{"embeddable":true,"href":"https:\/\/blog-bobika.eu\/index.php?rest_route=\/wp\/v2\/pages\/2143"}],"wp:attachment":[{"href":"https:\/\/blog-bobika.eu\/index.php?rest_route=%2Fwp%2Fv2%2Fmedia&parent=2239"}],"curies":[{"name":"wp","href":"https:\/\/api.w.org\/{rel}","templated":true}]}}