{"id":2237,"date":"2015-08-23T18:25:04","date_gmt":"2015-08-23T16:25:04","guid":{"rendered":"http:\/\/blog-bobika.eu\/?page_id=2237"},"modified":"2015-08-23T18:25:04","modified_gmt":"2015-08-23T16:25:04","slug":"jaki-krol","status":"publish","type":"page","link":"https:\/\/blog-bobika.eu\/?page_id=2237","title":{"rendered":"Jaki kr\u00f3l"},"content":{"rendered":"<p>Kr\u00f3l nieszlachetny, niedobry, nieprawy,<br \/>\njest dla narodu dosy\u0107 dolegliwy,<br \/>\nnie lubi jego si\u0119 oczek kaprawych,<br \/>\nczarnego serca i u\u015bmiech\u00f3w krzywych.<\/p>\n<p>Ale kr\u00f3l g\u0142upi, lecz wielce aktywny,<br \/>\nto te\u017c niezgorszy katastrofy obraz!<br \/>\nka\u017cdy mu rumak za ma\u0142o jest zrywny<br \/>\ni \u017cadna akcja nie dosy\u0107 mu dobra.<\/p>\n<p>On chce wci\u0105\u017c jeszcze, nie bacz\u0105c na straty<br \/>\noraz na \u015bmieszki, co \u00f3wdzie i tutaj.<br \/>\nNie dla\u0144 tch\u00f3rzliwe s\u0142owa: sko\u0144czmy na tym.<br \/>\nOn wci\u0105\u017c w ostrogach, cho\u0107 dawno bez buta.<\/p>\n<p>Wi\u0119c lepszy wredny kr\u00f3l, czy ma\u0142o zdolny?<br \/>\nNie wiem, nie powiem, nie pisn\u0119 nic zgo\u0142a,<br \/>\nlecz \u017ale si\u0119 dzieje w kr\u00f3lestwie dowolnym,<br \/>\ngdy lud znudzony o czynu mniej wo\u0142a.<\/p>\n","protected":false},"excerpt":{"rendered":"<p>Kr\u00f3l nieszlachetny, niedobry, nieprawy, jest dla narodu dosy\u0107 dolegliwy, nie lubi jego si\u0119 oczek kaprawych, czarnego serca i u\u015bmiech\u00f3w krzywych. Ale kr\u00f3l g\u0142upi, lecz wielce aktywny, to te\u017c niezgorszy katastrofy obraz! ka\u017cdy mu rumak za ma\u0142o jest zrywny i \u017cadna akcja nie dosy\u0107 mu dobra. On chce wci\u0105\u017c jeszcze, nie bacz\u0105c na straty oraz na \u015bmieszki, co \u00f3wdzie i tutaj. Nie dla\u0144 tch\u00f3rzliwe s\u0142owa: sko\u0144czmy na tym. On wci\u0105\u017c w ostrogach, cho\u0107 dawno bez buta. Wi\u0119c lepszy wredny kr\u00f3l, czy ma\u0142o zdolny? Nie wiem, nie powiem, nie pisn\u0119 nic zgo\u0142a, lecz \u017ale si\u0119 dzieje w kr\u00f3lestwie dowolnym, gdy lud znudzony [&hellip;]<\/p>\n","protected":false},"author":274,"featured_media":0,"parent":2143,"menu_order":0,"comment_status":"open","ping_status":"open","template":"wiersze_polit.php","meta":{"footnotes":""},"class_list":["post-2237","page","type-page","status-publish","hentry"],"_links":{"self":[{"href":"https:\/\/blog-bobika.eu\/index.php?rest_route=\/wp\/v2\/pages\/2237","targetHints":{"allow":["GET"]}}],"collection":[{"href":"https:\/\/blog-bobika.eu\/index.php?rest_route=\/wp\/v2\/pages"}],"about":[{"href":"https:\/\/blog-bobika.eu\/index.php?rest_route=\/wp\/v2\/types\/page"}],"author":[{"embeddable":true,"href":"https:\/\/blog-bobika.eu\/index.php?rest_route=\/wp\/v2\/users\/274"}],"replies":[{"embeddable":true,"href":"https:\/\/blog-bobika.eu\/index.php?rest_route=%2Fwp%2Fv2%2Fcomments&post=2237"}],"version-history":[{"count":1,"href":"https:\/\/blog-bobika.eu\/index.php?rest_route=\/wp\/v2\/pages\/2237\/revisions"}],"predecessor-version":[{"id":2238,"href":"https:\/\/blog-bobika.eu\/index.php?rest_route=\/wp\/v2\/pages\/2237\/revisions\/2238"}],"up":[{"embeddable":true,"href":"https:\/\/blog-bobika.eu\/index.php?rest_route=\/wp\/v2\/pages\/2143"}],"wp:attachment":[{"href":"https:\/\/blog-bobika.eu\/index.php?rest_route=%2Fwp%2Fv2%2Fmedia&parent=2237"}],"curies":[{"name":"wp","href":"https:\/\/api.w.org\/{rel}","templated":true}]}}