{"id":2235,"date":"2015-08-23T18:24:14","date_gmt":"2015-08-23T16:24:14","guid":{"rendered":"http:\/\/blog-bobika.eu\/?page_id=2235"},"modified":"2015-08-23T18:24:14","modified_gmt":"2015-08-23T16:24:14","slug":"jajco","status":"publish","type":"page","link":"https:\/\/blog-bobika.eu\/?page_id=2235","title":{"rendered":"Jajco"},"content":{"rendered":"<p>Pewna pani na jarmarku<br \/>\njajo zakupi\u0142a,<br \/>\npo\u0142o\u017cy\u0142a je na pod lamp\u0105.<br \/>\ngrza\u0142a, ho\u0142ubi\u0142a.<\/p>\n<p>Po tygodniach kilku w jaju<br \/>\nzrobi\u0142y si\u0119 dziurki,<br \/>\npotem p\u0119k\u0142o i si\u0119 wyklu\u0142<br \/>\npa\u0142acyk kulturki.<\/p>\n<p>&#8222;Co? Kulturka?!&#8221; &#8211; pewna pani<br \/>\nwrzasn\u0119\u0142a przej\u0119ta.<br \/>\nC\u00f3\u017c si\u0119 dziwi\u0107? Jakie czasy,<br \/>\ntakie i piskl\u0119ta&#8230;<\/p>\n","protected":false},"excerpt":{"rendered":"<p>Pewna pani na jarmarku jajo zakupi\u0142a, po\u0142o\u017cy\u0142a je na pod lamp\u0105. grza\u0142a, ho\u0142ubi\u0142a. Po tygodniach kilku w jaju zrobi\u0142y si\u0119 dziurki, potem p\u0119k\u0142o i si\u0119 wyklu\u0142 pa\u0142acyk kulturki. &#8222;Co? Kulturka?!&#8221; &#8211; pewna pani wrzasn\u0119\u0142a przej\u0119ta. C\u00f3\u017c si\u0119 dziwi\u0107? Jakie czasy, takie i piskl\u0119ta&#8230;<\/p>\n","protected":false},"author":274,"featured_media":0,"parent":2143,"menu_order":0,"comment_status":"open","ping_status":"open","template":"wiersze_polit.php","meta":{"footnotes":""},"class_list":["post-2235","page","type-page","status-publish","hentry"],"_links":{"self":[{"href":"https:\/\/blog-bobika.eu\/index.php?rest_route=\/wp\/v2\/pages\/2235","targetHints":{"allow":["GET"]}}],"collection":[{"href":"https:\/\/blog-bobika.eu\/index.php?rest_route=\/wp\/v2\/pages"}],"about":[{"href":"https:\/\/blog-bobika.eu\/index.php?rest_route=\/wp\/v2\/types\/page"}],"author":[{"embeddable":true,"href":"https:\/\/blog-bobika.eu\/index.php?rest_route=\/wp\/v2\/users\/274"}],"replies":[{"embeddable":true,"href":"https:\/\/blog-bobika.eu\/index.php?rest_route=%2Fwp%2Fv2%2Fcomments&post=2235"}],"version-history":[{"count":1,"href":"https:\/\/blog-bobika.eu\/index.php?rest_route=\/wp\/v2\/pages\/2235\/revisions"}],"predecessor-version":[{"id":2236,"href":"https:\/\/blog-bobika.eu\/index.php?rest_route=\/wp\/v2\/pages\/2235\/revisions\/2236"}],"up":[{"embeddable":true,"href":"https:\/\/blog-bobika.eu\/index.php?rest_route=\/wp\/v2\/pages\/2143"}],"wp:attachment":[{"href":"https:\/\/blog-bobika.eu\/index.php?rest_route=%2Fwp%2Fv2%2Fmedia&parent=2235"}],"curies":[{"name":"wp","href":"https:\/\/api.w.org\/{rel}","templated":true}]}}