{"id":2233,"date":"2015-08-23T18:23:13","date_gmt":"2015-08-23T16:23:13","guid":{"rendered":"http:\/\/blog-bobika.eu\/?page_id=2233"},"modified":"2015-08-23T18:23:13","modified_gmt":"2015-08-23T16:23:13","slug":"inteligentka","status":"publish","type":"page","link":"https:\/\/blog-bobika.eu\/?page_id=2233","title":{"rendered":"Inteligentka"},"content":{"rendered":"<p>Wstaje inteligentka z rana,<br \/>\ntabletk\u0119 wrzuca w trzewia,<br \/>\nod wczoraj jeszcze jest na\u0107pana,<br \/>\njak z Ustrzyk do Rozewia.<\/p>\n<p>Rozochocona seksem szpetnie<br \/>\nwci\u0105\u017c \u015brodki \u017cre poronne,<br \/>\na gdy jej szatan s\u0142\u00f3wko szepnie,<br \/>\nogl\u0105da\u0107 chce Madonn\u0119.<\/p>\n<p>Do gar\u00f3w nie ma nabo\u017ce\u0144stwa,<br \/>\nni do nienarodzonych,<br \/>\nw jej ustach wij\u0105 si\u0119 przekle\u0144stwa,<br \/>\nnie &#8211; tak jak trza &#8211; androny.<\/p>\n<p>Z Michnikiem puszcza\u0107 si\u0119 gotowa,<br \/>\nnie bacz\u0105c na niedziel\u0119 &#8211;<br \/>\nta jajog\u0142owa bia\u0142og\u0142owa<br \/>\nto wrz\u00f3d na zdrowym ciele!<\/p>\n<p>I miast cn\u00f3t cichych by\u0107 skarbnic\u0105,<br \/>\njak ka\u017cda Polka-matka,<br \/>\njeszcze drze mord\u0119 to b\u00f3gwico!<br \/>\nOj, zatka si\u0119 j\u0105, zatka\u2026<\/p>\n","protected":false},"excerpt":{"rendered":"<p>Wstaje inteligentka z rana, tabletk\u0119 wrzuca w trzewia, od wczoraj jeszcze jest na\u0107pana, jak z Ustrzyk do Rozewia. Rozochocona seksem szpetnie wci\u0105\u017c \u015brodki \u017cre poronne, a gdy jej szatan s\u0142\u00f3wko szepnie, ogl\u0105da\u0107 chce Madonn\u0119. Do gar\u00f3w nie ma nabo\u017ce\u0144stwa, ni do nienarodzonych, w jej ustach wij\u0105 si\u0119 przekle\u0144stwa, nie &#8211; tak jak trza &#8211; androny. Z Michnikiem puszcza\u0107 si\u0119 gotowa, nie bacz\u0105c na niedziel\u0119 &#8211; ta jajog\u0142owa bia\u0142og\u0142owa to wrz\u00f3d na zdrowym ciele! I miast cn\u00f3t cichych by\u0107 skarbnic\u0105, jak ka\u017cda Polka-matka, jeszcze drze mord\u0119 to b\u00f3gwico! Oj, zatka si\u0119 j\u0105, zatka\u2026<\/p>\n","protected":false},"author":274,"featured_media":0,"parent":2143,"menu_order":0,"comment_status":"open","ping_status":"open","template":"wiersze_polit.php","meta":{"footnotes":""},"class_list":["post-2233","page","type-page","status-publish","hentry"],"_links":{"self":[{"href":"https:\/\/blog-bobika.eu\/index.php?rest_route=\/wp\/v2\/pages\/2233","targetHints":{"allow":["GET"]}}],"collection":[{"href":"https:\/\/blog-bobika.eu\/index.php?rest_route=\/wp\/v2\/pages"}],"about":[{"href":"https:\/\/blog-bobika.eu\/index.php?rest_route=\/wp\/v2\/types\/page"}],"author":[{"embeddable":true,"href":"https:\/\/blog-bobika.eu\/index.php?rest_route=\/wp\/v2\/users\/274"}],"replies":[{"embeddable":true,"href":"https:\/\/blog-bobika.eu\/index.php?rest_route=%2Fwp%2Fv2%2Fcomments&post=2233"}],"version-history":[{"count":1,"href":"https:\/\/blog-bobika.eu\/index.php?rest_route=\/wp\/v2\/pages\/2233\/revisions"}],"predecessor-version":[{"id":2234,"href":"https:\/\/blog-bobika.eu\/index.php?rest_route=\/wp\/v2\/pages\/2233\/revisions\/2234"}],"up":[{"embeddable":true,"href":"https:\/\/blog-bobika.eu\/index.php?rest_route=\/wp\/v2\/pages\/2143"}],"wp:attachment":[{"href":"https:\/\/blog-bobika.eu\/index.php?rest_route=%2Fwp%2Fv2%2Fmedia&parent=2233"}],"curies":[{"name":"wp","href":"https:\/\/api.w.org\/{rel}","templated":true}]}}