{"id":2231,"date":"2015-08-23T18:19:32","date_gmt":"2015-08-23T16:19:32","guid":{"rendered":"http:\/\/blog-bobika.eu\/?page_id=2231"},"modified":"2015-08-23T18:19:32","modified_gmt":"2015-08-23T16:19:32","slug":"ideolog","status":"publish","type":"page","link":"https:\/\/blog-bobika.eu\/?page_id=2231","title":{"rendered":"Ideolog"},"content":{"rendered":"<p>By\u0142 raz ideolog w Warszawie,<br \/>\nco ci\u0105gle zasuwa\u0142 o Sprawie,<br \/>\ntymczasem Warszawka<br \/>\nszepta\u0142a o sprawkach&#8230;<br \/>\nJak mo\u017cna si\u0119 r\u00f3\u017cni\u0107 ciekawie!<\/p>\n","protected":false},"excerpt":{"rendered":"<p>By\u0142 raz ideolog w Warszawie, co ci\u0105gle zasuwa\u0142 o Sprawie, tymczasem Warszawka szepta\u0142a o sprawkach&#8230; Jak mo\u017cna si\u0119 r\u00f3\u017cni\u0107 ciekawie!<\/p>\n","protected":false},"author":274,"featured_media":0,"parent":2143,"menu_order":0,"comment_status":"open","ping_status":"open","template":"wiersze_polit.php","meta":{"footnotes":""},"class_list":["post-2231","page","type-page","status-publish","hentry"],"_links":{"self":[{"href":"https:\/\/blog-bobika.eu\/index.php?rest_route=\/wp\/v2\/pages\/2231","targetHints":{"allow":["GET"]}}],"collection":[{"href":"https:\/\/blog-bobika.eu\/index.php?rest_route=\/wp\/v2\/pages"}],"about":[{"href":"https:\/\/blog-bobika.eu\/index.php?rest_route=\/wp\/v2\/types\/page"}],"author":[{"embeddable":true,"href":"https:\/\/blog-bobika.eu\/index.php?rest_route=\/wp\/v2\/users\/274"}],"replies":[{"embeddable":true,"href":"https:\/\/blog-bobika.eu\/index.php?rest_route=%2Fwp%2Fv2%2Fcomments&post=2231"}],"version-history":[{"count":1,"href":"https:\/\/blog-bobika.eu\/index.php?rest_route=\/wp\/v2\/pages\/2231\/revisions"}],"predecessor-version":[{"id":2232,"href":"https:\/\/blog-bobika.eu\/index.php?rest_route=\/wp\/v2\/pages\/2231\/revisions\/2232"}],"up":[{"embeddable":true,"href":"https:\/\/blog-bobika.eu\/index.php?rest_route=\/wp\/v2\/pages\/2143"}],"wp:attachment":[{"href":"https:\/\/blog-bobika.eu\/index.php?rest_route=%2Fwp%2Fv2%2Fmedia&parent=2231"}],"curies":[{"name":"wp","href":"https:\/\/api.w.org\/{rel}","templated":true}]}}