{"id":2223,"date":"2015-08-23T18:08:17","date_gmt":"2015-08-23T16:08:17","guid":{"rendered":"http:\/\/blog-bobika.eu\/?page_id=2223"},"modified":"2015-08-23T18:08:17","modified_gmt":"2015-08-23T16:08:17","slug":"herakles","status":"publish","type":"page","link":"https:\/\/blog-bobika.eu\/?page_id=2223","title":{"rendered":"Herakles"},"content":{"rendered":"<p>Tak nam\u0119czy\u0142 si\u0119 Herakles i si\u0142 przy tym zu\u017cy\u0142 wiele,<br \/>\na m\u00f3g\u0142 jeszcze przemy\u015blniejszym wszak pos\u0142u\u017cy\u0107 si\u0119 fortelem,<br \/>\nkt\u00f3ry dawno ju\u017c zwierz\u0119ta &#8211; zw\u0142aszcza lisy &#8211; dobrze znaj\u0105,<br \/>\njako \u017ce im stale r\u00f3\u017cne lafonteny o nim baj\u0105.<br \/>\nOt\u00f3\u017c pono\u0107 ka\u017cdy w\u0142adca to tak durna jest figura,<br \/>\n\u017ce wystarczy mu powiedzie\u0107 &#8222;ach, jak pi\u0119kne twoje pi\u00f3ra&#8221;,<br \/>\nby napuszy\u0142 si\u0119 z zachwytem, kadzidlan\u0105 woni\u0105 owian,<br \/>\ni pochlebc\u0119 pu\u015bci\u0142 wolno, daj\u0105c mu na drog\u0119 prowiant,<br \/>\ns\u0142owem, lubi ka\u017cdy tyran, czy to Smyrny, czy Efezu,<br \/>\n\u017ceby by\u0142 po pi\u0119tach smyran w\u015br\u00f3d gromkiego pochwa\u0142 d\u017cezu.<br \/>\nMy\u015ble\u0107 mo\u017cesz o satrapie co ci tylko do \u0142ba w\u0142azi,<br \/>\nwa\u017cne tylko, \u017ceby\u015b g\u0142o\u015bno dobrze o nim si\u0119 wyrazi\u0142,<br \/>\na gdy\u015b z dala ju\u017c od niego, gdy\u015b ju\u017c ty\u0142ek uni\u00f3s\u0142 ca\u0142o,<br \/>\nwtedy mo\u017cesz to wykrzycze\u0107, co ujawni\u0107 by si\u0119 zda\u0142o.<br \/>\nOd dzi\u015b wi\u0119c powinna rada ta do szkolnych wej\u015b\u0107 wypis\u00f3w:<br \/>\nzamiast od Norrisa Chucka lepiej uczy\u0107 si\u0119 od lis\u00f3w. <\/p>\n","protected":false},"excerpt":{"rendered":"<p>Tak nam\u0119czy\u0142 si\u0119 Herakles i si\u0142 przy tym zu\u017cy\u0142 wiele, a m\u00f3g\u0142 jeszcze przemy\u015blniejszym wszak pos\u0142u\u017cy\u0107 si\u0119 fortelem, kt\u00f3ry dawno ju\u017c zwierz\u0119ta &#8211; zw\u0142aszcza lisy &#8211; dobrze znaj\u0105, jako \u017ce im stale r\u00f3\u017cne lafonteny o nim baj\u0105. Ot\u00f3\u017c pono\u0107 ka\u017cdy w\u0142adca to tak durna jest figura, \u017ce wystarczy mu powiedzie\u0107 &#8222;ach, jak pi\u0119kne twoje pi\u00f3ra&#8221;, by napuszy\u0142 si\u0119 z zachwytem, kadzidlan\u0105 woni\u0105 owian, i pochlebc\u0119 pu\u015bci\u0142 wolno, daj\u0105c mu na drog\u0119 prowiant, s\u0142owem, lubi ka\u017cdy tyran, czy to Smyrny, czy Efezu, \u017ceby by\u0142 po pi\u0119tach smyran w\u015br\u00f3d gromkiego pochwa\u0142 d\u017cezu. My\u015ble\u0107 mo\u017cesz o satrapie co ci tylko do \u0142ba w\u0142azi, [&hellip;]<\/p>\n","protected":false},"author":274,"featured_media":0,"parent":2143,"menu_order":0,"comment_status":"open","ping_status":"open","template":"wiersze_polit.php","meta":{"footnotes":""},"class_list":["post-2223","page","type-page","status-publish","hentry"],"_links":{"self":[{"href":"https:\/\/blog-bobika.eu\/index.php?rest_route=\/wp\/v2\/pages\/2223","targetHints":{"allow":["GET"]}}],"collection":[{"href":"https:\/\/blog-bobika.eu\/index.php?rest_route=\/wp\/v2\/pages"}],"about":[{"href":"https:\/\/blog-bobika.eu\/index.php?rest_route=\/wp\/v2\/types\/page"}],"author":[{"embeddable":true,"href":"https:\/\/blog-bobika.eu\/index.php?rest_route=\/wp\/v2\/users\/274"}],"replies":[{"embeddable":true,"href":"https:\/\/blog-bobika.eu\/index.php?rest_route=%2Fwp%2Fv2%2Fcomments&post=2223"}],"version-history":[{"count":1,"href":"https:\/\/blog-bobika.eu\/index.php?rest_route=\/wp\/v2\/pages\/2223\/revisions"}],"predecessor-version":[{"id":2224,"href":"https:\/\/blog-bobika.eu\/index.php?rest_route=\/wp\/v2\/pages\/2223\/revisions\/2224"}],"up":[{"embeddable":true,"href":"https:\/\/blog-bobika.eu\/index.php?rest_route=\/wp\/v2\/pages\/2143"}],"wp:attachment":[{"href":"https:\/\/blog-bobika.eu\/index.php?rest_route=%2Fwp%2Fv2%2Fmedia&parent=2223"}],"curies":[{"name":"wp","href":"https:\/\/api.w.org\/{rel}","templated":true}]}}