{"id":2221,"date":"2015-08-23T18:07:04","date_gmt":"2015-08-23T16:07:04","guid":{"rendered":"http:\/\/blog-bobika.eu\/?page_id=2221"},"modified":"2015-08-23T18:07:04","modified_gmt":"2015-08-23T16:07:04","slug":"hania","status":"publish","type":"page","link":"https:\/\/blog-bobika.eu\/?page_id=2221","title":{"rendered":"Hania"},"content":{"rendered":"<p>P\u0142ynem obrz\u0119k\u0142\u0105 maj\u0105c m\u00f3zgownic\u0119,<br \/>\ng\u0142osi\u0142a Hania prawd\u0119 naukow\u0105,<br \/>\n\u017ce by\u0107 papie\u017cem jest bardzo niezdrowo,<br \/>\ngdy menstruacj\u0119 si\u0119 ma oraz cyce.<br \/>\nKobietom odpa\u0142 cyklicznie si\u0119 zdarza<br \/>\n&#8211; m\u00f3wi\u0142a Hania. &#8211; Wie to medcynka<br \/>\ni ka\u017cda mo\u017ce potwierdzi\u0107 dziewczynka,<br \/>\nkt\u00f3ra czasami si\u0119 bawi w lekarza.<br \/>\nW og\u00f3le baba to jest Bolek cienki,<br \/>\na wszystko przez te nieszcz\u0119sne obrz\u0119ki.<\/p>\n<p>Niewiast z\u0142apanych w hormon\u00f3w pu\u0142apk\u0119<br \/>\nspotka\u0142am tysi\u0105c i najg\u0142\u0119biej wierz\u0119,<br \/>\n\u017ce pr\u0119dzej takiej ju\u017c wyro\u015bnie pierze,<br \/>\nni\u017c opanuje labiln\u0105 kuciapk\u0119.<br \/>\nTu si\u0119 zrobi\u0142o ciemno, nie laurowo,<br \/>\nczepia\u0107 zacz\u0119\u0142y si\u0119 przer\u00f3\u017cne mendy,<br \/>\nlecz Hania, w liczne bogata urz\u0119dy,<br \/>\nwcale nie chcia\u0142a przesta\u0107 rusza\u0107 g\u0142ow\u0105,<br \/>\nco my\u015bli pe\u0142na by\u0142a tak nabrzmia\u0142ych,<br \/>\n\u017ce jak te ba\u0144ki mydlane p\u0119ka\u0142y.<\/p>\n<p>Bo Hani mniejsza, czy bywa omylna<br \/>\n(co do\u015b\u0107 typowe dla konserwatysty),<br \/>\nona swym \u015bwi\u0119tym przekonaniem silna,<br \/>\nkt\u00f3remu skoczy\u0107 mo\u017ce rozum czysty,<br \/>\na konsekwencje haninej nauki<br \/>\nwinny ponosi\u0107 jeszcze p\u00f3\u017ane wnuki.<br \/>\nZgodnie z poety s\u0142owem &#8211; ufna w b\u0142\u0119dzie,<br \/>\nautorytetem wci\u0105\u017c dla swoich b\u0119dzie.<\/p>\n<p>No bo um\u00f3wmy si\u0119 &#8211; bez takich Ha\u0144<br \/>\nkt\u00f3\u017c by obroni\u0142 interesy pa\u0144?<\/p>\n","protected":false},"excerpt":{"rendered":"<p>P\u0142ynem obrz\u0119k\u0142\u0105 maj\u0105c m\u00f3zgownic\u0119, g\u0142osi\u0142a Hania prawd\u0119 naukow\u0105, \u017ce by\u0107 papie\u017cem jest bardzo niezdrowo, gdy menstruacj\u0119 si\u0119 ma oraz cyce. Kobietom odpa\u0142 cyklicznie si\u0119 zdarza &#8211; m\u00f3wi\u0142a Hania. &#8211; Wie to medcynka i ka\u017cda mo\u017ce potwierdzi\u0107 dziewczynka, kt\u00f3ra czasami si\u0119 bawi w lekarza. W og\u00f3le baba to jest Bolek cienki, a wszystko przez te nieszcz\u0119sne obrz\u0119ki. Niewiast z\u0142apanych w hormon\u00f3w pu\u0142apk\u0119 spotka\u0142am tysi\u0105c i najg\u0142\u0119biej wierz\u0119, \u017ce pr\u0119dzej takiej ju\u017c wyro\u015bnie pierze, ni\u017c opanuje labiln\u0105 kuciapk\u0119. Tu si\u0119 zrobi\u0142o ciemno, nie laurowo, czepia\u0107 zacz\u0119\u0142y si\u0119 przer\u00f3\u017cne mendy, lecz Hania, w liczne bogata urz\u0119dy, wcale nie chcia\u0142a przesta\u0107 rusza\u0107 g\u0142ow\u0105, co [&hellip;]<\/p>\n","protected":false},"author":274,"featured_media":0,"parent":2143,"menu_order":0,"comment_status":"open","ping_status":"open","template":"wiersze_polit.php","meta":{"footnotes":""},"class_list":["post-2221","page","type-page","status-publish","hentry"],"_links":{"self":[{"href":"https:\/\/blog-bobika.eu\/index.php?rest_route=\/wp\/v2\/pages\/2221","targetHints":{"allow":["GET"]}}],"collection":[{"href":"https:\/\/blog-bobika.eu\/index.php?rest_route=\/wp\/v2\/pages"}],"about":[{"href":"https:\/\/blog-bobika.eu\/index.php?rest_route=\/wp\/v2\/types\/page"}],"author":[{"embeddable":true,"href":"https:\/\/blog-bobika.eu\/index.php?rest_route=\/wp\/v2\/users\/274"}],"replies":[{"embeddable":true,"href":"https:\/\/blog-bobika.eu\/index.php?rest_route=%2Fwp%2Fv2%2Fcomments&post=2221"}],"version-history":[{"count":1,"href":"https:\/\/blog-bobika.eu\/index.php?rest_route=\/wp\/v2\/pages\/2221\/revisions"}],"predecessor-version":[{"id":2222,"href":"https:\/\/blog-bobika.eu\/index.php?rest_route=\/wp\/v2\/pages\/2221\/revisions\/2222"}],"up":[{"embeddable":true,"href":"https:\/\/blog-bobika.eu\/index.php?rest_route=\/wp\/v2\/pages\/2143"}],"wp:attachment":[{"href":"https:\/\/blog-bobika.eu\/index.php?rest_route=%2Fwp%2Fv2%2Fmedia&parent=2221"}],"curies":[{"name":"wp","href":"https:\/\/api.w.org\/{rel}","templated":true}]}}