{"id":2219,"date":"2015-08-23T18:06:10","date_gmt":"2015-08-23T16:06:10","guid":{"rendered":"http:\/\/blog-bobika.eu\/?page_id=2219"},"modified":"2015-08-23T18:06:10","modified_gmt":"2015-08-23T16:06:10","slug":"grunt-to-rodzinka","status":"publish","type":"page","link":"https:\/\/blog-bobika.eu\/?page_id=2219","title":{"rendered":"Grunt to rodzinka"},"content":{"rendered":"<p>Prawdziwy Polak wielce uwielbia rodzin\u0119<br \/>\ni \u017ce bierze to serio, daje dow\u00f3d czynem:<br \/>\ndba o czysto\u015b\u0107 jej ducha, klepi\u0105c jej pacierze,<br \/>\na by czysta fizycznie by\u0142a &#8211; cz\u0119sto pierze.<\/p>\n","protected":false},"excerpt":{"rendered":"<p>Prawdziwy Polak wielce uwielbia rodzin\u0119 i \u017ce bierze to serio, daje dow\u00f3d czynem: dba o czysto\u015b\u0107 jej ducha, klepi\u0105c jej pacierze, a by czysta fizycznie by\u0142a &#8211; cz\u0119sto pierze.<\/p>\n","protected":false},"author":274,"featured_media":0,"parent":2143,"menu_order":0,"comment_status":"open","ping_status":"open","template":"wiersze_polit.php","meta":{"footnotes":""},"class_list":["post-2219","page","type-page","status-publish","hentry"],"_links":{"self":[{"href":"https:\/\/blog-bobika.eu\/index.php?rest_route=\/wp\/v2\/pages\/2219","targetHints":{"allow":["GET"]}}],"collection":[{"href":"https:\/\/blog-bobika.eu\/index.php?rest_route=\/wp\/v2\/pages"}],"about":[{"href":"https:\/\/blog-bobika.eu\/index.php?rest_route=\/wp\/v2\/types\/page"}],"author":[{"embeddable":true,"href":"https:\/\/blog-bobika.eu\/index.php?rest_route=\/wp\/v2\/users\/274"}],"replies":[{"embeddable":true,"href":"https:\/\/blog-bobika.eu\/index.php?rest_route=%2Fwp%2Fv2%2Fcomments&post=2219"}],"version-history":[{"count":1,"href":"https:\/\/blog-bobika.eu\/index.php?rest_route=\/wp\/v2\/pages\/2219\/revisions"}],"predecessor-version":[{"id":2220,"href":"https:\/\/blog-bobika.eu\/index.php?rest_route=\/wp\/v2\/pages\/2219\/revisions\/2220"}],"up":[{"embeddable":true,"href":"https:\/\/blog-bobika.eu\/index.php?rest_route=\/wp\/v2\/pages\/2143"}],"wp:attachment":[{"href":"https:\/\/blog-bobika.eu\/index.php?rest_route=%2Fwp%2Fv2%2Fmedia&parent=2219"}],"curies":[{"name":"wp","href":"https:\/\/api.w.org\/{rel}","templated":true}]}}