{"id":2217,"date":"2015-08-23T18:05:11","date_gmt":"2015-08-23T16:05:11","guid":{"rendered":"http:\/\/blog-bobika.eu\/?page_id=2217"},"modified":"2015-08-23T18:05:11","modified_gmt":"2015-08-23T16:05:11","slug":"gender","status":"publish","type":"page","link":"https:\/\/blog-bobika.eu\/?page_id=2217","title":{"rendered":"Gender"},"content":{"rendered":"<p>Ju\u017c na g\u00f3r szczytach przycich\u0142y jod\u0142y,<br \/>\nkura ju\u017c posz\u0142a na grz\u0119d\u0119,<br \/>\nczuwa wy\u0142\u0105cznie &#8211; w zamiarach pod\u0142ych &#8211;<br \/>\npotw\u00f3r, co zowie si\u0119 gender.<\/p>\n<p>\u015api sprzedawczyni i \u017cona szejka,<br \/>\n\u015bpi\u0105 s\u0142odko ciotka i wujek,<br \/>\nnawet lewacy chrapi\u0105 w jaczejkach,<br \/>\na gender siedzi i knuje.<\/p>\n<p>Wci\u0105\u017c kombinuje nowe sposoby<br \/>\nw swych kulturowych okopach,<br \/>\n\u017ceby na bab\u0119 ch\u0142opa przerobi\u0107,<br \/>\na bab\u0119 znowu\u017c na ch\u0142opa.<\/p>\n<p>Z tradycji \u015bwi\u0119tej, \u017ce ch\u0142op ma ptaka,<br \/>\npotw\u00f3r upiornie si\u0119 \u015bmieje<br \/>\ni furt uprawia\u0107 leci po krzakach<br \/>\nstraszny, zdzicza\u0142y seks z gejem.<\/p>\n<p>Trucizn\u0119 wpu\u015bci do pomy\u015blunku<br \/>\nuczciwej nawet kobiety,<br \/>\nza grosz z\u0142amany nie ma szacunku<br \/>\ndla s\u0142usznych s\u0142\u00f3w katechety.<\/p>\n<p>A jak rodzin\u0119 zwyk\u0142\u0105 to bydl\u0119<br \/>\nprzypadkiem dorwie w swe szpony,<br \/>\nto poniewiera ni\u0105 tak obrzydle,<br \/>\n\u017ce j\u0119cz\u0105 ko\u015bcielne dzwony.<\/p>\n<p>Los tak ju\u017c ci\u0119\u017cko do\u015bwiadcza\u0142 nar\u00f3d,<br \/>\ntak wygarbowa\u0142 mu sk\u00f3r\u0119,<br \/>\na teraz jeszcze, w ramach domiaru,<br \/>\nzes\u0142a\u0142 mu t\u0119 kreatur\u0119!<\/p>\n<p>Bo niczym d\u0142ugi, rozbite Porsche,<br \/>\ng\u0142\u00f3d, ogie\u0144, wojna, cholera,<br \/>\nwobec zarazy z wszystkich najgorszej:<br \/>\ntego potwora gendera.<\/p>\n","protected":false},"excerpt":{"rendered":"<p>Ju\u017c na g\u00f3r szczytach przycich\u0142y jod\u0142y, kura ju\u017c posz\u0142a na grz\u0119d\u0119, czuwa wy\u0142\u0105cznie &#8211; w zamiarach pod\u0142ych &#8211; potw\u00f3r, co zowie si\u0119 gender. \u015api sprzedawczyni i \u017cona szejka, \u015bpi\u0105 s\u0142odko ciotka i wujek, nawet lewacy chrapi\u0105 w jaczejkach, a gender siedzi i knuje. Wci\u0105\u017c kombinuje nowe sposoby w swych kulturowych okopach, \u017ceby na bab\u0119 ch\u0142opa przerobi\u0107, a bab\u0119 znowu\u017c na ch\u0142opa. Z tradycji \u015bwi\u0119tej, \u017ce ch\u0142op ma ptaka, potw\u00f3r upiornie si\u0119 \u015bmieje i furt uprawia\u0107 leci po krzakach straszny, zdzicza\u0142y seks z gejem. Trucizn\u0119 wpu\u015bci do pomy\u015blunku uczciwej nawet kobiety, za grosz z\u0142amany nie ma szacunku dla s\u0142usznych s\u0142\u00f3w katechety. [&hellip;]<\/p>\n","protected":false},"author":274,"featured_media":0,"parent":2143,"menu_order":0,"comment_status":"open","ping_status":"open","template":"wiersze_polit.php","meta":{"footnotes":""},"class_list":["post-2217","page","type-page","status-publish","hentry"],"_links":{"self":[{"href":"https:\/\/blog-bobika.eu\/index.php?rest_route=\/wp\/v2\/pages\/2217","targetHints":{"allow":["GET"]}}],"collection":[{"href":"https:\/\/blog-bobika.eu\/index.php?rest_route=\/wp\/v2\/pages"}],"about":[{"href":"https:\/\/blog-bobika.eu\/index.php?rest_route=\/wp\/v2\/types\/page"}],"author":[{"embeddable":true,"href":"https:\/\/blog-bobika.eu\/index.php?rest_route=\/wp\/v2\/users\/274"}],"replies":[{"embeddable":true,"href":"https:\/\/blog-bobika.eu\/index.php?rest_route=%2Fwp%2Fv2%2Fcomments&post=2217"}],"version-history":[{"count":1,"href":"https:\/\/blog-bobika.eu\/index.php?rest_route=\/wp\/v2\/pages\/2217\/revisions"}],"predecessor-version":[{"id":2218,"href":"https:\/\/blog-bobika.eu\/index.php?rest_route=\/wp\/v2\/pages\/2217\/revisions\/2218"}],"up":[{"embeddable":true,"href":"https:\/\/blog-bobika.eu\/index.php?rest_route=\/wp\/v2\/pages\/2143"}],"wp:attachment":[{"href":"https:\/\/blog-bobika.eu\/index.php?rest_route=%2Fwp%2Fv2%2Fmedia&parent=2217"}],"curies":[{"name":"wp","href":"https:\/\/api.w.org\/{rel}","templated":true}]}}