{"id":2215,"date":"2015-08-23T18:04:23","date_gmt":"2015-08-23T16:04:23","guid":{"rendered":"http:\/\/blog-bobika.eu\/?page_id=2215"},"modified":"2015-08-23T18:04:23","modified_gmt":"2015-08-23T16:04:23","slug":"frondolenie","status":"publish","type":"page","link":"https:\/\/blog-bobika.eu\/?page_id=2215","title":{"rendered":"Frondolenie"},"content":{"rendered":"<p>Wiecz\u00f3r, ka\u017cdy robot\u0119 ju\u017c po\u017cegna\u0142 bez \u017calu,<br \/>\nle\u0144 si\u0119 leni i chla alkoholik,<br \/>\ntylko na ekstremalnie religijnym portalu<br \/>\njeszcze kto\u015b bez lito\u015bci frondoli.<\/p>\n<p>Zamiast dziatki utuli\u0107, wyrzec s\u0142owo do \u017cony,<br \/>\nzje\u015b\u0107 kolacj\u0119 czy pobi\u0107 si\u0119 z cieniem,<br \/>\non zasuwa na niwie, wzd\u0119ty oraz wzmo\u017cony,<br \/>\nza powinno\u015b\u0107 sw\u0105 ma frondolenie.<\/p>\n<p>Od tych frond\u00f3\u0142 straszliwych grozi nag\u0142y skr\u0119t flak\u00f3w,<br \/>\np\u0119ka \u0142eb jak po wrzaskach kiboli,<br \/>\nwi\u0119c niech mo\u017ce ten pracu\u015b od morale Polak\u00f3w<br \/>\nwe\u017amie i szybko si\u0119 odfrondoli<\/p>\n","protected":false},"excerpt":{"rendered":"<p>Wiecz\u00f3r, ka\u017cdy robot\u0119 ju\u017c po\u017cegna\u0142 bez \u017calu, le\u0144 si\u0119 leni i chla alkoholik, tylko na ekstremalnie religijnym portalu jeszcze kto\u015b bez lito\u015bci frondoli. Zamiast dziatki utuli\u0107, wyrzec s\u0142owo do \u017cony, zje\u015b\u0107 kolacj\u0119 czy pobi\u0107 si\u0119 z cieniem, on zasuwa na niwie, wzd\u0119ty oraz wzmo\u017cony, za powinno\u015b\u0107 sw\u0105 ma frondolenie. Od tych frond\u00f3\u0142 straszliwych grozi nag\u0142y skr\u0119t flak\u00f3w, p\u0119ka \u0142eb jak po wrzaskach kiboli, wi\u0119c niech mo\u017ce ten pracu\u015b od morale Polak\u00f3w we\u017amie i szybko si\u0119 odfrondoli<\/p>\n","protected":false},"author":274,"featured_media":0,"parent":2143,"menu_order":0,"comment_status":"open","ping_status":"open","template":"wiersze_polit.php","meta":{"footnotes":""},"class_list":["post-2215","page","type-page","status-publish","hentry"],"_links":{"self":[{"href":"https:\/\/blog-bobika.eu\/index.php?rest_route=\/wp\/v2\/pages\/2215","targetHints":{"allow":["GET"]}}],"collection":[{"href":"https:\/\/blog-bobika.eu\/index.php?rest_route=\/wp\/v2\/pages"}],"about":[{"href":"https:\/\/blog-bobika.eu\/index.php?rest_route=\/wp\/v2\/types\/page"}],"author":[{"embeddable":true,"href":"https:\/\/blog-bobika.eu\/index.php?rest_route=\/wp\/v2\/users\/274"}],"replies":[{"embeddable":true,"href":"https:\/\/blog-bobika.eu\/index.php?rest_route=%2Fwp%2Fv2%2Fcomments&post=2215"}],"version-history":[{"count":1,"href":"https:\/\/blog-bobika.eu\/index.php?rest_route=\/wp\/v2\/pages\/2215\/revisions"}],"predecessor-version":[{"id":2216,"href":"https:\/\/blog-bobika.eu\/index.php?rest_route=\/wp\/v2\/pages\/2215\/revisions\/2216"}],"up":[{"embeddable":true,"href":"https:\/\/blog-bobika.eu\/index.php?rest_route=\/wp\/v2\/pages\/2143"}],"wp:attachment":[{"href":"https:\/\/blog-bobika.eu\/index.php?rest_route=%2Fwp%2Fv2%2Fmedia&parent=2215"}],"curies":[{"name":"wp","href":"https:\/\/api.w.org\/{rel}","templated":true}]}}