{"id":2206,"date":"2015-08-23T17:59:58","date_gmt":"2015-08-23T15:59:58","guid":{"rendered":"http:\/\/blog-bobika.eu\/?page_id=2206"},"modified":"2015-08-23T17:59:58","modified_gmt":"2015-08-23T15:59:58","slug":"epos-pieta","status":"publish","type":"page","link":"https:\/\/blog-bobika.eu\/?page_id=2206","title":{"rendered":"Epos-Pi\u0119ta"},"content":{"rendered":"<p>Natenczas Wojski chwyci\u0142 na ta\u015bmie przypi\u0119ty<br \/>\najfon, w kt\u00f3rym odczyta\u0107 m\u00f3g\u0142 \u0107wierkni\u0119cia Pi\u0119ty,<br \/>\nzagwizda\u0142, a\u017c na trawie si\u0119 zatrz\u0119s\u0142a rosa<br \/>\ni hukn\u0105\u0142: te, Mickiewicz, napisz no eposa,<br \/>\nbo jakem pierwszy rogacz, to tego nie znios\u0119,<br \/>\n\u017ceby pismak odmawia\u0142, kiedy \u017c\u0105da pose\u0142!<br \/>\nA ten rzeczony epos, jak wie\u015b\u0107 gminna niesie,<br \/>\nma by\u0107 ni mniej, ni wi\u0119cej, tylko o prezesie,<br \/>\nbo wie ka\u017cdy mieszkaniec litewskich moczar\u00f3w,<br \/>\n\u017ce prezes jest tematem stosownych rozmiar\u00f3w<br \/>\ni nie ma w \u015bwiecie wieszcza, co nie marzy o tem,<br \/>\nby zaraz na sw\u00f3j warsztat wrzuci\u0107 go z \u0142oskotem.<br \/>\nSpoko, PiS wynagrodzi tak uczynne pi\u00f3ro,<br \/>\nda gwarancj\u0119, \u017ce epos tw\u00f3j b\u0119dzie lektur\u0105,<br \/>\nzw\u0142aszcza je\u015bli poezji skrzyd\u0142em w spos\u00f3b celny<br \/>\nKrytyce Politycznej zada cios \u015bmiertelny.<br \/>\nA kiedy ju\u017c uporasz si\u0119 z tym cymesikiem,<br \/>\nniech ten, jak mu tam, Szopek dopisze muzyk\u0119<br \/>\ni wyjdzie operetka od morza do Tater,<br \/>\nbo wszak tak wielkie dzie\u0142o, jak jego bohater.<\/p>\n","protected":false},"excerpt":{"rendered":"<p>Natenczas Wojski chwyci\u0142 na ta\u015bmie przypi\u0119ty ajfon, w kt\u00f3rym odczyta\u0107 m\u00f3g\u0142 \u0107wierkni\u0119cia Pi\u0119ty, zagwizda\u0142, a\u017c na trawie si\u0119 zatrz\u0119s\u0142a rosa i hukn\u0105\u0142: te, Mickiewicz, napisz no eposa, bo jakem pierwszy rogacz, to tego nie znios\u0119, \u017ceby pismak odmawia\u0142, kiedy \u017c\u0105da pose\u0142! A ten rzeczony epos, jak wie\u015b\u0107 gminna niesie, ma by\u0107 ni mniej, ni wi\u0119cej, tylko o prezesie, bo wie ka\u017cdy mieszkaniec litewskich moczar\u00f3w, \u017ce prezes jest tematem stosownych rozmiar\u00f3w i nie ma w \u015bwiecie wieszcza, co nie marzy o tem, by zaraz na sw\u00f3j warsztat wrzuci\u0107 go z \u0142oskotem. Spoko, PiS wynagrodzi tak uczynne pi\u00f3ro, da gwarancj\u0119, \u017ce epos [&hellip;]<\/p>\n","protected":false},"author":274,"featured_media":0,"parent":2143,"menu_order":0,"comment_status":"open","ping_status":"open","template":"wiersze_polit.php","meta":{"footnotes":""},"class_list":["post-2206","page","type-page","status-publish","hentry"],"_links":{"self":[{"href":"https:\/\/blog-bobika.eu\/index.php?rest_route=\/wp\/v2\/pages\/2206","targetHints":{"allow":["GET"]}}],"collection":[{"href":"https:\/\/blog-bobika.eu\/index.php?rest_route=\/wp\/v2\/pages"}],"about":[{"href":"https:\/\/blog-bobika.eu\/index.php?rest_route=\/wp\/v2\/types\/page"}],"author":[{"embeddable":true,"href":"https:\/\/blog-bobika.eu\/index.php?rest_route=\/wp\/v2\/users\/274"}],"replies":[{"embeddable":true,"href":"https:\/\/blog-bobika.eu\/index.php?rest_route=%2Fwp%2Fv2%2Fcomments&post=2206"}],"version-history":[{"count":1,"href":"https:\/\/blog-bobika.eu\/index.php?rest_route=\/wp\/v2\/pages\/2206\/revisions"}],"predecessor-version":[{"id":2207,"href":"https:\/\/blog-bobika.eu\/index.php?rest_route=\/wp\/v2\/pages\/2206\/revisions\/2207"}],"up":[{"embeddable":true,"href":"https:\/\/blog-bobika.eu\/index.php?rest_route=\/wp\/v2\/pages\/2143"}],"wp:attachment":[{"href":"https:\/\/blog-bobika.eu\/index.php?rest_route=%2Fwp%2Fv2%2Fmedia&parent=2206"}],"curies":[{"name":"wp","href":"https:\/\/api.w.org\/{rel}","templated":true}]}}