{"id":2195,"date":"2015-08-23T17:51:20","date_gmt":"2015-08-23T15:51:20","guid":{"rendered":"http:\/\/blog-bobika.eu\/?page_id=2195"},"modified":"2015-08-23T17:51:20","modified_gmt":"2015-08-23T15:51:20","slug":"doktorat-dla-barroso","status":"publish","type":"page","link":"https:\/\/blog-bobika.eu\/?page_id=2195","title":{"rendered":"Doktorat dla Barroso"},"content":{"rendered":"<p>Pojecha\u0142 Portugalczyk gdzie\u015b prawie na kraj \u015bwiata,<br \/>\nbo mu tam obiecali podobno doktorata,<br \/>\nca\u0142owa\u0107 chcia\u0142 po r\u0119kach, bo \u0142aska to niema\u0142a,<br \/>\nlecz nagle mu krzykni\u0119to &#8211; a nie, takiego wa\u0142a!<\/p>\n<p>A krzyk ten profesorski wyda\u0142a z siebie Rada,<br \/>\nco z cz\u0142onk\u00f3w niew\u0105tpliwych si\u0119 w du\u017cej cz\u0119\u015bci sk\u0142ada,<br \/>\nby od tej pory by\u0142o wiadomym ca\u0142ej nacji,<br \/>\nczym w\u0142adza rad by\u0107 mo\u017ce (bez elektryfikacji).<\/p>\n<p>I weso\u0142o:<br \/>\nEj ty, Barroso, lewacki genderze,<br \/>\nUjot legutko caus\u0119 ci odbierze,<br \/>\na gdyby\u015b twierdzi\u0107 chcia\u0142, \u017ce ci to zwisa,<br \/>\nto ci nie przyzna tak\u017ce honorisa.<\/p>\n<p>Ej ty, Barroso, maoisto skryty,<br \/>\nw Polszcze nie zrobisz nam z ch\u0142opa kobity,<br \/>\nbo tym, co d\u017cenderflag\u0105 wymachuj\u0105,<br \/>\nda nale\u017cyty, twardy odp\u00f3r Ujot!<\/p>\n","protected":false},"excerpt":{"rendered":"<p>Pojecha\u0142 Portugalczyk gdzie\u015b prawie na kraj \u015bwiata, bo mu tam obiecali podobno doktorata, ca\u0142owa\u0107 chcia\u0142 po r\u0119kach, bo \u0142aska to niema\u0142a, lecz nagle mu krzykni\u0119to &#8211; a nie, takiego wa\u0142a! A krzyk ten profesorski wyda\u0142a z siebie Rada, co z cz\u0142onk\u00f3w niew\u0105tpliwych si\u0119 w du\u017cej cz\u0119\u015bci sk\u0142ada, by od tej pory by\u0142o wiadomym ca\u0142ej nacji, czym w\u0142adza rad by\u0107 mo\u017ce (bez elektryfikacji). I weso\u0142o: Ej ty, Barroso, lewacki genderze, Ujot legutko caus\u0119 ci odbierze, a gdyby\u015b twierdzi\u0107 chcia\u0142, \u017ce ci to zwisa, to ci nie przyzna tak\u017ce honorisa. Ej ty, Barroso, maoisto skryty, w Polszcze nie zrobisz nam z ch\u0142opa [&hellip;]<\/p>\n","protected":false},"author":274,"featured_media":0,"parent":2143,"menu_order":0,"comment_status":"open","ping_status":"open","template":"wiersze_polit.php","meta":{"footnotes":""},"class_list":["post-2195","page","type-page","status-publish","hentry"],"_links":{"self":[{"href":"https:\/\/blog-bobika.eu\/index.php?rest_route=\/wp\/v2\/pages\/2195","targetHints":{"allow":["GET"]}}],"collection":[{"href":"https:\/\/blog-bobika.eu\/index.php?rest_route=\/wp\/v2\/pages"}],"about":[{"href":"https:\/\/blog-bobika.eu\/index.php?rest_route=\/wp\/v2\/types\/page"}],"author":[{"embeddable":true,"href":"https:\/\/blog-bobika.eu\/index.php?rest_route=\/wp\/v2\/users\/274"}],"replies":[{"embeddable":true,"href":"https:\/\/blog-bobika.eu\/index.php?rest_route=%2Fwp%2Fv2%2Fcomments&post=2195"}],"version-history":[{"count":1,"href":"https:\/\/blog-bobika.eu\/index.php?rest_route=\/wp\/v2\/pages\/2195\/revisions"}],"predecessor-version":[{"id":2196,"href":"https:\/\/blog-bobika.eu\/index.php?rest_route=\/wp\/v2\/pages\/2195\/revisions\/2196"}],"up":[{"embeddable":true,"href":"https:\/\/blog-bobika.eu\/index.php?rest_route=\/wp\/v2\/pages\/2143"}],"wp:attachment":[{"href":"https:\/\/blog-bobika.eu\/index.php?rest_route=%2Fwp%2Fv2%2Fmedia&parent=2195"}],"curies":[{"name":"wp","href":"https:\/\/api.w.org\/{rel}","templated":true}]}}