{"id":2193,"date":"2015-08-23T17:50:32","date_gmt":"2015-08-23T15:50:32","guid":{"rendered":"http:\/\/blog-bobika.eu\/?page_id=2193"},"modified":"2015-08-23T17:50:32","modified_gmt":"2015-08-23T15:50:32","slug":"doktor-rydzyk","status":"publish","type":"page","link":"https:\/\/blog-bobika.eu\/?page_id=2193","title":{"rendered":"Doktor Rydzyk"},"content":{"rendered":"<p>Przychodzi baba do doktora<br \/>\ni do\u0144 w te s\u0142owa z p\u0142aczem leci:<br \/>\nna duszy ci\u0119\u017cko jestem chora,<br \/>\nuwiera bowiem mnie berecik.<\/p>\n<p>Doktor w tonsur\u0119 si\u0119 podrapa\u0142<br \/>\ni rzecze: sprawa oczywista<br \/>\nlaika tu nie starczy zapa\u0142,<br \/>\ntu jest potrzebny egzorcysta.<\/p>\n<p>Si\u0119 zajmie spraw\u0105 naukowo<br \/>\n(bo nie wezwiemy wszak partacza),<br \/>\nmoher obada i da s\u0142owo,<br \/>\n\u017ce szatan w sprawie palce macza\u0142.<\/p>\n<p>A skoro szatan to i komuch,<br \/>\nbezbo\u017cnik,  pomiot z\u0142ej Europy,<br \/>\nlibera\u0142 (na \u0142eb jego pom\u00f3r)<br \/>\ni takich innych wr\u0119cz na kopy,<\/p>\n<p>co nuc\u0105 od\u0119 do rado\u015bci<br \/>\ni j\u0119zykami m\u00f3wi\u0105 z rana,<br \/>\nwi\u0119c nie ulega w\u0105tpliwo\u015bci,<br \/>\n\u017ce  wszyscy dzie\u0107mi s\u0105 szatana.<\/p>\n<p>Z pomoc\u0105 moj\u0105 i doktora<br \/>\nwyprzemy jednak z\u0142ego ducha,<br \/>\nbo naszej w\u0142adzy przysz\u0142a pora<br \/>\n(wie ka\u017cdy, kto radyjka s\u0142ucha).<\/p>\n<p>Berecik b\u0119dzie zn\u00f3w pasowa\u0142,<br \/>\nna g\u0142\u00f3wce le\u017ca\u0142 jak ulany<br \/>\ni baba wreszcie b\u0119dzie zdrowa,<br \/>\ngdy miazmat zniknie z bazy danych.<\/p>\n<p>Tu doktor a\u017c z rado\u015bci skoczy\u0142:<br \/>\nm\u00f3j cz\u0142owiek! Jegom w\u0142a\u015bnie szuka\u0142!<br \/>\nNarodzie! Wid\u017a na w\u0142asne oczy,<br \/>\njak\u0105 pot\u0119g\u0105 jest nauka!<\/p>\n","protected":false},"excerpt":{"rendered":"<p>Przychodzi baba do doktora i do\u0144 w te s\u0142owa z p\u0142aczem leci: na duszy ci\u0119\u017cko jestem chora, uwiera bowiem mnie berecik. Doktor w tonsur\u0119 si\u0119 podrapa\u0142 i rzecze: sprawa oczywista laika tu nie starczy zapa\u0142, tu jest potrzebny egzorcysta. Si\u0119 zajmie spraw\u0105 naukowo (bo nie wezwiemy wszak partacza), moher obada i da s\u0142owo, \u017ce szatan w sprawie palce macza\u0142. A skoro szatan to i komuch, bezbo\u017cnik, pomiot z\u0142ej Europy, libera\u0142 (na \u0142eb jego pom\u00f3r) i takich innych wr\u0119cz na kopy, co nuc\u0105 od\u0119 do rado\u015bci i j\u0119zykami m\u00f3wi\u0105 z rana, wi\u0119c nie ulega w\u0105tpliwo\u015bci, \u017ce wszyscy dzie\u0107mi s\u0105 szatana. Z [&hellip;]<\/p>\n","protected":false},"author":274,"featured_media":0,"parent":2143,"menu_order":0,"comment_status":"open","ping_status":"open","template":"wiersze_polit.php","meta":{"footnotes":""},"class_list":["post-2193","page","type-page","status-publish","hentry"],"_links":{"self":[{"href":"https:\/\/blog-bobika.eu\/index.php?rest_route=\/wp\/v2\/pages\/2193","targetHints":{"allow":["GET"]}}],"collection":[{"href":"https:\/\/blog-bobika.eu\/index.php?rest_route=\/wp\/v2\/pages"}],"about":[{"href":"https:\/\/blog-bobika.eu\/index.php?rest_route=\/wp\/v2\/types\/page"}],"author":[{"embeddable":true,"href":"https:\/\/blog-bobika.eu\/index.php?rest_route=\/wp\/v2\/users\/274"}],"replies":[{"embeddable":true,"href":"https:\/\/blog-bobika.eu\/index.php?rest_route=%2Fwp%2Fv2%2Fcomments&post=2193"}],"version-history":[{"count":1,"href":"https:\/\/blog-bobika.eu\/index.php?rest_route=\/wp\/v2\/pages\/2193\/revisions"}],"predecessor-version":[{"id":2194,"href":"https:\/\/blog-bobika.eu\/index.php?rest_route=\/wp\/v2\/pages\/2193\/revisions\/2194"}],"up":[{"embeddable":true,"href":"https:\/\/blog-bobika.eu\/index.php?rest_route=\/wp\/v2\/pages\/2143"}],"wp:attachment":[{"href":"https:\/\/blog-bobika.eu\/index.php?rest_route=%2Fwp%2Fv2%2Fmedia&parent=2193"}],"curies":[{"name":"wp","href":"https:\/\/api.w.org\/{rel}","templated":true}]}}