{"id":2191,"date":"2015-08-23T17:48:38","date_gmt":"2015-08-23T15:48:38","guid":{"rendered":"http:\/\/blog-bobika.eu\/?page_id=2191"},"modified":"2015-08-23T17:48:38","modified_gmt":"2015-08-23T15:48:38","slug":"demografia","status":"publish","type":"page","link":"https:\/\/blog-bobika.eu\/?page_id=2191","title":{"rendered":"Demografia"},"content":{"rendered":"<p>Ugina si\u0119 Polska pod brakiem przych\u00f3wku,<br \/>\ncho\u0107 tak jej potrzeba dzieci\u0105tek jak mr\u00f3wk\u00f3w.<br \/>\nTo wszystko przez Tuska, bo typ ten niegodny<br \/>\nsw\u00f3j n\u0119dzny interes za ma\u0142o ma p\u0142odny!<\/p>\n<p>A gdyby w ruch poszed\u0142 Prezesa interes,<br \/>\nto p\u0142odno\u015b\u0107 si\u0119ga\u0142aby po Mont Everest,<br \/>\nbo wszak Prezesowi, jak wie\u015b\u0107 gminna brz\u0119czy,<br \/>\nni troch\u0119 materia\u0142 si\u0119 jeszcze nie zm\u0119czy\u0142.<\/p>\n","protected":false},"excerpt":{"rendered":"<p>Ugina si\u0119 Polska pod brakiem przych\u00f3wku, cho\u0107 tak jej potrzeba dzieci\u0105tek jak mr\u00f3wk\u00f3w. To wszystko przez Tuska, bo typ ten niegodny sw\u00f3j n\u0119dzny interes za ma\u0142o ma p\u0142odny! A gdyby w ruch poszed\u0142 Prezesa interes, to p\u0142odno\u015b\u0107 si\u0119ga\u0142aby po Mont Everest, bo wszak Prezesowi, jak wie\u015b\u0107 gminna brz\u0119czy, ni troch\u0119 materia\u0142 si\u0119 jeszcze nie zm\u0119czy\u0142.<\/p>\n","protected":false},"author":274,"featured_media":0,"parent":2143,"menu_order":0,"comment_status":"open","ping_status":"open","template":"wiersze_polit.php","meta":{"footnotes":""},"class_list":["post-2191","page","type-page","status-publish","hentry"],"_links":{"self":[{"href":"https:\/\/blog-bobika.eu\/index.php?rest_route=\/wp\/v2\/pages\/2191","targetHints":{"allow":["GET"]}}],"collection":[{"href":"https:\/\/blog-bobika.eu\/index.php?rest_route=\/wp\/v2\/pages"}],"about":[{"href":"https:\/\/blog-bobika.eu\/index.php?rest_route=\/wp\/v2\/types\/page"}],"author":[{"embeddable":true,"href":"https:\/\/blog-bobika.eu\/index.php?rest_route=\/wp\/v2\/users\/274"}],"replies":[{"embeddable":true,"href":"https:\/\/blog-bobika.eu\/index.php?rest_route=%2Fwp%2Fv2%2Fcomments&post=2191"}],"version-history":[{"count":1,"href":"https:\/\/blog-bobika.eu\/index.php?rest_route=\/wp\/v2\/pages\/2191\/revisions"}],"predecessor-version":[{"id":2192,"href":"https:\/\/blog-bobika.eu\/index.php?rest_route=\/wp\/v2\/pages\/2191\/revisions\/2192"}],"up":[{"embeddable":true,"href":"https:\/\/blog-bobika.eu\/index.php?rest_route=\/wp\/v2\/pages\/2143"}],"wp:attachment":[{"href":"https:\/\/blog-bobika.eu\/index.php?rest_route=%2Fwp%2Fv2%2Fmedia&parent=2191"}],"curies":[{"name":"wp","href":"https:\/\/api.w.org\/{rel}","templated":true}]}}