{"id":2189,"date":"2015-08-23T17:46:59","date_gmt":"2015-08-23T15:46:59","guid":{"rendered":"http:\/\/blog-bobika.eu\/?page_id=2189"},"modified":"2015-08-23T17:46:59","modified_gmt":"2015-08-23T15:46:59","slug":"dekonstruktywizm","status":"publish","type":"page","link":"https:\/\/blog-bobika.eu\/?page_id=2189","title":{"rendered":"Dekonstruktywizm"},"content":{"rendered":"<p>Dekonstruktywizm, sprawa to znana,<br \/>\njest bez w\u0105tpienia dzie\u0142em szatana<br \/>\ni to przez tego pod\u0142ego gada<br \/>\ntak si\u0119 na \u015bwiecie wszystko rozk\u0142ada.<\/p>\n<p>Jak \u017cy\u0107 ma ciocia albo i wujek,<br \/>\ngdy kto\u015b im stale dekonstruuje?<br \/>\nJak nar\u00f3d walczy\u0107 ma z bied\u0105 chud\u0105,<br \/>\ngdy przefarbuje go kto\u015b na rudo?<\/p>\n<p>We\u017amy ten przyk\u0142ad: biskup z ambony<br \/>\no moralno\u015bci g\u0142osi natchniony,<br \/>\nkt\u00f3ra z dusz brudna, kt\u00f3ra za\u015b czysta,<br \/>\na jaki\u015b antykonstruktywista<\/p>\n<p>przez ksi\u0119dza nosem przechodzi wolno,<br \/>\nmrucz\u0105c: e, co tam jaka\u015b ramolno\u015b\u0107,<br \/>\nja jej kawa\u0142k\u00f3w nie b\u0119d\u0119 zbiera\u0142,<br \/>\nbom nie Libera* jest, a libera\u0142.<\/p>\n<p>Lub inny przyk\u0142ad: z konserwy etyk<br \/>\nma\u0142\u017ce\u0144stwa chwali wielkie zalety,<br \/>\ntradycyjnego, gdzie m\u0105\u017c to w\u0142adca,<br \/>\na tu przychodzi taki rozk\u0142adca<\/p>\n<p>i tym pytaniem etyka rani:<br \/>\nco maj\u0105 z \u0142\u017ce\u0144stwa pan oraz pani?<br \/>\nNie lepszy zwi\u0105zek na koci\u0105 \u0142ap\u0119,<br \/>\nw kt\u00f3rym do \u0142\u017ce\u0144stwa maleje nap\u0119d?<\/p>\n<p>Ju\u017c z tego chyba wyra\u017anie wida\u0107,<br \/>\njak\u0105 zaka\u0142\u0105 taka derrida<br \/>\ni \u017ce Europa w r\u0119kach tych drani<br \/>\nsi\u0119 do imentu zaba\u0142agani.<\/p>\n<p>\u017beby porz\u0105dek i \u0142ad zachowa\u0107,<br \/>\nczyny potrzebne s\u0105, a nie s\u0142owa,<br \/>\nwi\u0119c wysup\u0142ajmy ostatni grosik,<br \/>\nzakupmy drewno, ustawmy stosik<\/p>\n<p>i konstruktywnym pod\u0105\u017cmy traktem,<br \/>\nbowiem najwy\u017cszym konstrukcji aktem<br \/>\njest, kiedy w imi\u0119 Ojca i Syna<br \/>\nsma\u017conym boczkiem pachnie\u0107 zaczyna.<\/p>\n<p>* biskup<\/p>\n","protected":false},"excerpt":{"rendered":"<p>Dekonstruktywizm, sprawa to znana, jest bez w\u0105tpienia dzie\u0142em szatana i to przez tego pod\u0142ego gada tak si\u0119 na \u015bwiecie wszystko rozk\u0142ada. Jak \u017cy\u0107 ma ciocia albo i wujek, gdy kto\u015b im stale dekonstruuje? Jak nar\u00f3d walczy\u0107 ma z bied\u0105 chud\u0105, gdy przefarbuje go kto\u015b na rudo? We\u017amy ten przyk\u0142ad: biskup z ambony o moralno\u015bci g\u0142osi natchniony, kt\u00f3ra z dusz brudna, kt\u00f3ra za\u015b czysta, a jaki\u015b antykonstruktywista przez ksi\u0119dza nosem przechodzi wolno, mrucz\u0105c: e, co tam jaka\u015b ramolno\u015b\u0107, ja jej kawa\u0142k\u00f3w nie b\u0119d\u0119 zbiera\u0142, bom nie Libera* jest, a libera\u0142. Lub inny przyk\u0142ad: z konserwy etyk ma\u0142\u017ce\u0144stwa chwali wielkie zalety, tradycyjnego, [&hellip;]<\/p>\n","protected":false},"author":274,"featured_media":0,"parent":2143,"menu_order":0,"comment_status":"open","ping_status":"open","template":"wiersze_polit.php","meta":{"footnotes":""},"class_list":["post-2189","page","type-page","status-publish","hentry"],"_links":{"self":[{"href":"https:\/\/blog-bobika.eu\/index.php?rest_route=\/wp\/v2\/pages\/2189","targetHints":{"allow":["GET"]}}],"collection":[{"href":"https:\/\/blog-bobika.eu\/index.php?rest_route=\/wp\/v2\/pages"}],"about":[{"href":"https:\/\/blog-bobika.eu\/index.php?rest_route=\/wp\/v2\/types\/page"}],"author":[{"embeddable":true,"href":"https:\/\/blog-bobika.eu\/index.php?rest_route=\/wp\/v2\/users\/274"}],"replies":[{"embeddable":true,"href":"https:\/\/blog-bobika.eu\/index.php?rest_route=%2Fwp%2Fv2%2Fcomments&post=2189"}],"version-history":[{"count":1,"href":"https:\/\/blog-bobika.eu\/index.php?rest_route=\/wp\/v2\/pages\/2189\/revisions"}],"predecessor-version":[{"id":2190,"href":"https:\/\/blog-bobika.eu\/index.php?rest_route=\/wp\/v2\/pages\/2189\/revisions\/2190"}],"up":[{"embeddable":true,"href":"https:\/\/blog-bobika.eu\/index.php?rest_route=\/wp\/v2\/pages\/2143"}],"wp:attachment":[{"href":"https:\/\/blog-bobika.eu\/index.php?rest_route=%2Fwp%2Fv2%2Fmedia&parent=2189"}],"curies":[{"name":"wp","href":"https:\/\/api.w.org\/{rel}","templated":true}]}}