{"id":2187,"date":"2015-08-23T17:46:02","date_gmt":"2015-08-23T15:46:02","guid":{"rendered":"http:\/\/blog-bobika.eu\/?page_id=2187"},"modified":"2015-08-23T17:46:02","modified_gmt":"2015-08-23T15:46:02","slug":"daj-glos","status":"publish","type":"page","link":"https:\/\/blog-bobika.eu\/?page_id=2187","title":{"rendered":"Daj g\u0142os"},"content":{"rendered":"<p>Treser\u00f3w jest ko\u0142o mnie sporo<br \/>\n(co robi\u0107, taki ju\u017c psi los),<br \/>\na gdy si\u0119 do roboty bior\u0105,<br \/>\nka\u017cdy domaga si\u0119: daj g\u0142os!<\/p>\n<p>Jeden kie\u0142bas\u0105 mi przed pyskiem<br \/>\nwywija, w \u0142apy wpycha ko\u015b\u0107<br \/>\ni Matyskowi wr\u00f3\u017cy krysk\u0119,<br \/>\nje\u017celi milcza\u0142bym na z\u0142o\u015b\u0107.<\/p>\n<p>Drugi przemawia do sumienia:<br \/>\nno, szczeknij\u017ce za mniejszym z\u0142em,<br \/>\nprzecie\u017c rozs\u0105dny z ciebie szczeniak,<br \/>\nwszak ty to wiesz i ja to wiem.<\/p>\n<p>Trzeci nawija, \u017ce wsp\u00f3lnota,<br \/>\n\u017ce krew i ziemia, takie tam,<br \/>\n\u017ce razem pogonimy kota,<br \/>\nje\u015bli g\u0142os zaraz grzecznie dam.<\/p>\n<p>Czwarty z wy\u017cyny grozi batem<br \/>\ni pe\u0142n\u0105 gam\u0105 boskich kar,<br \/>\npi\u0105ty chce w\u0142o\u017cy\u0107 now\u0105 szat\u0119,<br \/>\ngdybym sw\u00f3j g\u0142os dla niego zdar\u0142&#8230;<\/p>\n<p>Ju\u017c mnie od tego krew zalewa<br \/>\ni my\u015bl\u0119, widz\u0105c rzeczy bieg:<br \/>\ndla kogo ja mam tutaj \u015bpiewa\u0107,<br \/>\nlub cho\u0107by jeden wyda\u0107 szczek?<\/p>\n<p>Ale co, gdy przez niech\u0119\u0107 niem\u0105,<br \/>\nprzez to, \u017ce wyb\u00f3r mi nie w smak,<br \/>\ndo g\u0142osu dojdzie &#8211; nie, nie demon,<br \/>\na zwyk\u0142y karze\u0142? Chcia\u0142bym tak?<\/p>\n<p>C\u00f3\u017c, demokracja bywa sztuk\u0105<br \/>\nprzewrotn\u0105. Wi\u0119c na m\u00f3j psi nos<br \/>\nnie tym, co wabi\u0105 ci\u0119 lub t\u0142uk\u0105,<br \/>\nlecz sobie dobrze zr\u00f3b. Daj g\u0142os.<\/p>\n","protected":false},"excerpt":{"rendered":"<p>Treser\u00f3w jest ko\u0142o mnie sporo (co robi\u0107, taki ju\u017c psi los), a gdy si\u0119 do roboty bior\u0105, ka\u017cdy domaga si\u0119: daj g\u0142os! Jeden kie\u0142bas\u0105 mi przed pyskiem wywija, w \u0142apy wpycha ko\u015b\u0107 i Matyskowi wr\u00f3\u017cy krysk\u0119, je\u017celi milcza\u0142bym na z\u0142o\u015b\u0107. Drugi przemawia do sumienia: no, szczeknij\u017ce za mniejszym z\u0142em, przecie\u017c rozs\u0105dny z ciebie szczeniak, wszak ty to wiesz i ja to wiem. Trzeci nawija, \u017ce wsp\u00f3lnota, \u017ce krew i ziemia, takie tam, \u017ce razem pogonimy kota, je\u015bli g\u0142os zaraz grzecznie dam. Czwarty z wy\u017cyny grozi batem i pe\u0142n\u0105 gam\u0105 boskich kar, pi\u0105ty chce w\u0142o\u017cy\u0107 now\u0105 szat\u0119, gdybym sw\u00f3j g\u0142os dla [&hellip;]<\/p>\n","protected":false},"author":274,"featured_media":0,"parent":2143,"menu_order":0,"comment_status":"open","ping_status":"open","template":"wiersze_polit.php","meta":{"footnotes":""},"class_list":["post-2187","page","type-page","status-publish","hentry"],"_links":{"self":[{"href":"https:\/\/blog-bobika.eu\/index.php?rest_route=\/wp\/v2\/pages\/2187","targetHints":{"allow":["GET"]}}],"collection":[{"href":"https:\/\/blog-bobika.eu\/index.php?rest_route=\/wp\/v2\/pages"}],"about":[{"href":"https:\/\/blog-bobika.eu\/index.php?rest_route=\/wp\/v2\/types\/page"}],"author":[{"embeddable":true,"href":"https:\/\/blog-bobika.eu\/index.php?rest_route=\/wp\/v2\/users\/274"}],"replies":[{"embeddable":true,"href":"https:\/\/blog-bobika.eu\/index.php?rest_route=%2Fwp%2Fv2%2Fcomments&post=2187"}],"version-history":[{"count":1,"href":"https:\/\/blog-bobika.eu\/index.php?rest_route=\/wp\/v2\/pages\/2187\/revisions"}],"predecessor-version":[{"id":2188,"href":"https:\/\/blog-bobika.eu\/index.php?rest_route=\/wp\/v2\/pages\/2187\/revisions\/2188"}],"up":[{"embeddable":true,"href":"https:\/\/blog-bobika.eu\/index.php?rest_route=\/wp\/v2\/pages\/2143"}],"wp:attachment":[{"href":"https:\/\/blog-bobika.eu\/index.php?rest_route=%2Fwp%2Fv2%2Fmedia&parent=2187"}],"curies":[{"name":"wp","href":"https:\/\/api.w.org\/{rel}","templated":true}]}}