{"id":2183,"date":"2015-08-23T17:44:18","date_gmt":"2015-08-23T15:44:18","guid":{"rendered":"http:\/\/blog-bobika.eu\/?page_id=2183"},"modified":"2015-08-23T17:44:18","modified_gmt":"2015-08-23T15:44:18","slug":"czy-to-odpowiedz-czy-to-jest-pytanie","status":"publish","type":"page","link":"https:\/\/blog-bobika.eu\/?page_id=2183","title":{"rendered":"Czy to odpowiedz, czy to jest pytanie"},"content":{"rendered":"<p>Gdy tego nie wiem, nie wzdycham, nie p\u0142acz\u0119,<br \/>\ncho\u0107 w\u0105tpliwo\u015bci brak bym wola\u0142 raczej,<br \/>\nlecz by go zyska\u0107, trza by Jamesa Bonda,<br \/>\nco z pistoletem w ka\u017cdy k\u0105t zagl\u0105da,<br \/>\n\u017ceby do\u0142apa\u0107 i wyrazi\u0107 zdanie:<br \/>\nczy to odpowied\u017a? czy to jest pytanie?<\/p>\n<p>Gdy kto\u015b post wrzuci o ci\u0119\u017carze g\u0142azu,<br \/>\nco chcia\u0142 powiedzie\u0107, nie poznam od razu,<br \/>\nwe\u017acie, pom\u00f3\u017ccie, wszyscy pa\u0144scy \u015bwi\u0119ci,<br \/>\nwszak jaki\u015b pomys\u0142 mi si\u0119 po \u0142bie kr\u0119ci,<br \/>\nniech si\u0119 domy\u015bl\u0119, nim mnie chwyci spanie:<br \/>\nczy to odpowied\u017a? czy to jest pytanie?<\/p>\n<p>Cierpia\u0142em nieraz ku ojczyzny chwale,<br \/>\ni za miliony r\u00f3wnie\u017c, i tak dalej,<br \/>\nale mnie wcze\u015bniej dobre strzeg\u0142y bogi,<br \/>\n\u017ce jako\u015b kul\u0105 nie by\u0142o u nogi<br \/>\nto, co bez przerwy teraz mam na stanie:<br \/>\nczy to odpowied\u017a? czy to jest pytanie?<\/p>\n<p>Jak pragn\u0119 zdrowia, do piekie\u0142 bym zst\u0105pi\u0142,<br \/>\nw teren bym pobieg\u0142, cho\u0107by i deszcz si\u0105pi\u0142,<br \/>\nnawet w Salonie czyta\u0142 \u0107moje-boje,<br \/>\nbyle m\u00f3c wreszcie stwierdzi\u0107 ze spokojem,<br \/>\nle\u017c\u0105c na trawie, albo na dywanie:<br \/>\nczy to odpowied\u017a? czy to jest pytanie?<\/p>\n<p>Z nadmiaru my\u015bli mog\u0105 siwie\u0107 skronie,<br \/>\nwi\u0119c ju\u017c bym przesta\u0142, rzek\u0142 rozterkom &#8211; o, nie!<br \/>\nLecz zn\u00f3w si\u0119 budz\u0105 w\u0105tpliwo\u015bci tycie,<br \/>\ni w swoich zwojach zn\u00f3w zaczynam rycie,<br \/>\ni zn\u00f3 mi kapie jak w zepsutym ktanie:<br \/>\nczy to odpowied\u017a? czy-li te\u017c pytanie?<\/p>\n<p>Kiedym te strofy p\u00f3\u017an\u0105 por\u0105 sk\u0142ada\u0142,<br \/>\nduch caberneta mymi \u0142apy w\u0142ada\u0142,<br \/>\npe\u0142en zdziwienia, sam si\u0119 nie spostrzeg\u0142em,<br \/>\njak mi zasun\u0105\u0142: panie, kup pan ceg\u0142\u0119.<br \/>\nMo\u017ce to zreszt\u0105 by\u0142y tanie dranie&#8230;<br \/>\nKupi\u0107, nie kupi\u0107 &#8211; oto jest pytanie.<\/p>\n","protected":false},"excerpt":{"rendered":"<p>Gdy tego nie wiem, nie wzdycham, nie p\u0142acz\u0119, cho\u0107 w\u0105tpliwo\u015bci brak bym wola\u0142 raczej, lecz by go zyska\u0107, trza by Jamesa Bonda, co z pistoletem w ka\u017cdy k\u0105t zagl\u0105da, \u017ceby do\u0142apa\u0107 i wyrazi\u0107 zdanie: czy to odpowied\u017a? czy to jest pytanie? Gdy kto\u015b post wrzuci o ci\u0119\u017carze g\u0142azu, co chcia\u0142 powiedzie\u0107, nie poznam od razu, we\u017acie, pom\u00f3\u017ccie, wszyscy pa\u0144scy \u015bwi\u0119ci, wszak jaki\u015b pomys\u0142 mi si\u0119 po \u0142bie kr\u0119ci, niech si\u0119 domy\u015bl\u0119, nim mnie chwyci spanie: czy to odpowied\u017a? czy to jest pytanie? Cierpia\u0142em nieraz ku ojczyzny chwale, i za miliony r\u00f3wnie\u017c, i tak dalej, ale mnie wcze\u015bniej dobre strzeg\u0142y bogi, [&hellip;]<\/p>\n","protected":false},"author":274,"featured_media":0,"parent":2143,"menu_order":0,"comment_status":"open","ping_status":"open","template":"wiersze_polit.php","meta":{"footnotes":""},"class_list":["post-2183","page","type-page","status-publish","hentry"],"_links":{"self":[{"href":"https:\/\/blog-bobika.eu\/index.php?rest_route=\/wp\/v2\/pages\/2183","targetHints":{"allow":["GET"]}}],"collection":[{"href":"https:\/\/blog-bobika.eu\/index.php?rest_route=\/wp\/v2\/pages"}],"about":[{"href":"https:\/\/blog-bobika.eu\/index.php?rest_route=\/wp\/v2\/types\/page"}],"author":[{"embeddable":true,"href":"https:\/\/blog-bobika.eu\/index.php?rest_route=\/wp\/v2\/users\/274"}],"replies":[{"embeddable":true,"href":"https:\/\/blog-bobika.eu\/index.php?rest_route=%2Fwp%2Fv2%2Fcomments&post=2183"}],"version-history":[{"count":1,"href":"https:\/\/blog-bobika.eu\/index.php?rest_route=\/wp\/v2\/pages\/2183\/revisions"}],"predecessor-version":[{"id":2184,"href":"https:\/\/blog-bobika.eu\/index.php?rest_route=\/wp\/v2\/pages\/2183\/revisions\/2184"}],"up":[{"embeddable":true,"href":"https:\/\/blog-bobika.eu\/index.php?rest_route=\/wp\/v2\/pages\/2143"}],"wp:attachment":[{"href":"https:\/\/blog-bobika.eu\/index.php?rest_route=%2Fwp%2Fv2%2Fmedia&parent=2183"}],"curies":[{"name":"wp","href":"https:\/\/api.w.org\/{rel}","templated":true}]}}