{"id":2181,"date":"2015-08-23T17:43:21","date_gmt":"2015-08-23T15:43:21","guid":{"rendered":"http:\/\/blog-bobika.eu\/?page_id=2181"},"modified":"2015-08-23T17:43:21","modified_gmt":"2015-08-23T15:43:21","slug":"czuma-duma","status":"publish","type":"page","link":"https:\/\/blog-bobika.eu\/?page_id=2181","title":{"rendered":"Czuma duma"},"content":{"rendered":"<p>Przy gumnie siedzi Czuma<br \/>\ni duma.<br \/>\nKum przyszed\u0142: &#8222;Czumo, ty\u015b bystry,<br \/>\nmo\u017ce ci\u0119 wezm\u0119 w ministry?&#8221;<br \/>\nA Czuma<br \/>\nduma. <\/p>\n<p>O zmierzchu przyszli s\u0105siedzi:<br \/>\nMo\u017ce by\u015b pan co\u015b po\u015bledzi\u0142?<br \/>\nW\u0142a\u015bnie zrobi\u0142o si\u0119 nowe<br \/>\nmiejsce w komisji sejmowej.<br \/>\nA Czuma<br \/>\nduma. <\/p>\n<p>Zebrali si\u0119 ludzie t\u0142umnie,<br \/>\nStan\u0119li wszyscy przy gumnie,<br \/>\nJu\u017c wiecz\u00f3r, ju\u017c po nieszporach,<br \/>\nb\u0105kn\u0105\u0107 co\u015b by\u0142aby pora,<br \/>\nA Czuma<br \/>\nduma. <\/p>\n<p>Prezes po prostu w rozpaczy:<br \/>\n&#8222;niech powie kto\u015b, co to znaczy?&#8221;<br \/>\nJu\u017c min\u0105\u0142 rok, potem drugi,<br \/>\nkto\u015b si\u0119 chandryczy o d\u0142ugi,<br \/>\nA Czuma<br \/>\nduma.  <\/p>\n<p>Sto lat wyt\u0119\u017ca ju\u017c si\u0142y:<br \/>\nby\u0142y naciski? Nie by\u0142y?<br \/>\nA niepotrzebnie si\u0119 biedzi,<br \/>\nBo pono\u0107 na kluczu siedzi.<\/p>\n","protected":false},"excerpt":{"rendered":"<p>Przy gumnie siedzi Czuma i duma. Kum przyszed\u0142: &#8222;Czumo, ty\u015b bystry, mo\u017ce ci\u0119 wezm\u0119 w ministry?&#8221; A Czuma duma. O zmierzchu przyszli s\u0105siedzi: Mo\u017ce by\u015b pan co\u015b po\u015bledzi\u0142? W\u0142a\u015bnie zrobi\u0142o si\u0119 nowe miejsce w komisji sejmowej. A Czuma duma. Zebrali si\u0119 ludzie t\u0142umnie, Stan\u0119li wszyscy przy gumnie, Ju\u017c wiecz\u00f3r, ju\u017c po nieszporach, b\u0105kn\u0105\u0107 co\u015b by\u0142aby pora, A Czuma duma. Prezes po prostu w rozpaczy: &#8222;niech powie kto\u015b, co to znaczy?&#8221; Ju\u017c min\u0105\u0142 rok, potem drugi, kto\u015b si\u0119 chandryczy o d\u0142ugi, A Czuma duma. Sto lat wyt\u0119\u017ca ju\u017c si\u0142y: by\u0142y naciski? Nie by\u0142y? A niepotrzebnie si\u0119 biedzi, Bo pono\u0107 na kluczu [&hellip;]<\/p>\n","protected":false},"author":274,"featured_media":0,"parent":2143,"menu_order":0,"comment_status":"open","ping_status":"open","template":"wiersze_polit.php","meta":{"footnotes":""},"class_list":["post-2181","page","type-page","status-publish","hentry"],"_links":{"self":[{"href":"https:\/\/blog-bobika.eu\/index.php?rest_route=\/wp\/v2\/pages\/2181","targetHints":{"allow":["GET"]}}],"collection":[{"href":"https:\/\/blog-bobika.eu\/index.php?rest_route=\/wp\/v2\/pages"}],"about":[{"href":"https:\/\/blog-bobika.eu\/index.php?rest_route=\/wp\/v2\/types\/page"}],"author":[{"embeddable":true,"href":"https:\/\/blog-bobika.eu\/index.php?rest_route=\/wp\/v2\/users\/274"}],"replies":[{"embeddable":true,"href":"https:\/\/blog-bobika.eu\/index.php?rest_route=%2Fwp%2Fv2%2Fcomments&post=2181"}],"version-history":[{"count":1,"href":"https:\/\/blog-bobika.eu\/index.php?rest_route=\/wp\/v2\/pages\/2181\/revisions"}],"predecessor-version":[{"id":2182,"href":"https:\/\/blog-bobika.eu\/index.php?rest_route=\/wp\/v2\/pages\/2181\/revisions\/2182"}],"up":[{"embeddable":true,"href":"https:\/\/blog-bobika.eu\/index.php?rest_route=\/wp\/v2\/pages\/2143"}],"wp:attachment":[{"href":"https:\/\/blog-bobika.eu\/index.php?rest_route=%2Fwp%2Fv2%2Fmedia&parent=2181"}],"curies":[{"name":"wp","href":"https:\/\/api.w.org\/{rel}","templated":true}]}}