{"id":2179,"date":"2015-08-23T17:41:51","date_gmt":"2015-08-23T15:41:51","guid":{"rendered":"http:\/\/blog-bobika.eu\/?page_id=2179"},"modified":"2015-08-23T17:42:14","modified_gmt":"2015-08-23T15:42:14","slug":"burzuje-w-chinach","status":"publish","type":"page","link":"https:\/\/blog-bobika.eu\/?page_id=2179","title":{"rendered":"Bur\u017cuje w Chinach"},"content":{"rendered":"<p>Przyjechali do Chin s\u0142owia\u0144scy bur\u017cuje,<br \/>\nchi\u0144ski lud im stopy bur\u017cujskie masuje.<br \/>\nTaki bur\u017cuj p\u0142aci, ale my\u015bli z\u0142e ma:<br \/>\njak krew ludu wypi\u0107, czy te\u017c zrobi\u0107 szlema.<\/p>\n<p>W poci\u0105gach si\u0119 tacy bar\u0142o\u017c\u0105 bur\u017cuje,<br \/>\na na placu \u017caden nie zademonstruje,<br \/>\npo ulicach \u0142a\u017c\u0105, zwiedzaj\u0105 muzea,<br \/>\na \u017cadnemu nie chce zabra\u0107 si\u0119 do dzie\u0142a.<\/p>\n<p>Tym bur\u017cujom w g\u0142owach to tylko zabawa,<br \/>\na nie \u0142aska pobi\u0107 si\u0119 o ludu prawa?<br \/>\nWszak Chi\u0144czyk\u00f3w w Chinach o wiele za mao,<br \/>\nby im samym z sob\u0105 wygra\u0107 si\u0119 uda\u0142o!<\/p>\n","protected":false},"excerpt":{"rendered":"<p>Przyjechali do Chin s\u0142owia\u0144scy bur\u017cuje, chi\u0144ski lud im stopy bur\u017cujskie masuje. Taki bur\u017cuj p\u0142aci, ale my\u015bli z\u0142e ma: jak krew ludu wypi\u0107, czy te\u017c zrobi\u0107 szlema. W poci\u0105gach si\u0119 tacy bar\u0142o\u017c\u0105 bur\u017cuje, a na placu \u017caden nie zademonstruje, po ulicach \u0142a\u017c\u0105, zwiedzaj\u0105 muzea, a \u017cadnemu nie chce zabra\u0107 si\u0119 do dzie\u0142a. Tym bur\u017cujom w g\u0142owach to tylko zabawa, a nie \u0142aska pobi\u0107 si\u0119 o ludu prawa? Wszak Chi\u0144czyk\u00f3w w Chinach o wiele za mao, by im samym z sob\u0105 wygra\u0107 si\u0119 uda\u0142o!<\/p>\n","protected":false},"author":274,"featured_media":0,"parent":2143,"menu_order":0,"comment_status":"open","ping_status":"open","template":"wiersze_polit.php","meta":{"footnotes":""},"class_list":["post-2179","page","type-page","status-publish","hentry"],"_links":{"self":[{"href":"https:\/\/blog-bobika.eu\/index.php?rest_route=\/wp\/v2\/pages\/2179","targetHints":{"allow":["GET"]}}],"collection":[{"href":"https:\/\/blog-bobika.eu\/index.php?rest_route=\/wp\/v2\/pages"}],"about":[{"href":"https:\/\/blog-bobika.eu\/index.php?rest_route=\/wp\/v2\/types\/page"}],"author":[{"embeddable":true,"href":"https:\/\/blog-bobika.eu\/index.php?rest_route=\/wp\/v2\/users\/274"}],"replies":[{"embeddable":true,"href":"https:\/\/blog-bobika.eu\/index.php?rest_route=%2Fwp%2Fv2%2Fcomments&post=2179"}],"version-history":[{"count":1,"href":"https:\/\/blog-bobika.eu\/index.php?rest_route=\/wp\/v2\/pages\/2179\/revisions"}],"predecessor-version":[{"id":2180,"href":"https:\/\/blog-bobika.eu\/index.php?rest_route=\/wp\/v2\/pages\/2179\/revisions\/2180"}],"up":[{"embeddable":true,"href":"https:\/\/blog-bobika.eu\/index.php?rest_route=\/wp\/v2\/pages\/2143"}],"wp:attachment":[{"href":"https:\/\/blog-bobika.eu\/index.php?rest_route=%2Fwp%2Fv2%2Fmedia&parent=2179"}],"curies":[{"name":"wp","href":"https:\/\/api.w.org\/{rel}","templated":true}]}}