{"id":2177,"date":"2015-08-23T17:27:09","date_gmt":"2015-08-23T15:27:09","guid":{"rendered":"http:\/\/blog-bobika.eu\/?page_id=2177"},"modified":"2015-08-23T17:27:09","modified_gmt":"2015-08-23T15:27:09","slug":"burak","status":"publish","type":"page","link":"https:\/\/blog-bobika.eu\/?page_id=2177","title":{"rendered":"Burak"},"content":{"rendered":"<p>Le\u017cy rozparty pod kwarc\u00f3wk\u0105<br \/>\nz brzuchem rozd\u0119tym ja u knura,<br \/>\nnie spyta \u201cjak szanowne zdr\u00f3wko?\u201d,<br \/>\nnie rwie do p\u0119dzla si\u0119 ni pi\u00f3ra,<br \/>\nczaszka nakryta bejsbol\u00f3wk\u0105,<br \/>\nopas\u0142y portfel, gruba sk\u00f3ra,<br \/>\nno, burak\u2026<\/p>\n<p>Najgorsze te idealisty,<br \/>\nco \u0142a\u017c\u0105, panie, z g\u0142ow\u0105 w chmurach<br \/>\nte bezbo\u017cniki, te artysty<br \/>\ni ta cholerna prefesura!<br \/>\nSam od miazmat\u00f3w wszelkich czysty,<br \/>\nbo zamiast m\u00f3zgu czarna dziura,<br \/>\nno, burak\u2026<\/p>\n<p>Te \u017cydy, panie, te masony,<br \/>\nta ca\u0142a Unii dyktatura\u2026<br \/>\nZ ust jadowicie za\u015blinionych<br \/>\nka\u017cda mu mo\u017ce wyle\u017a\u0107 bzdura.<br \/>\nCzy on cukrowy, czy czerwony,<br \/>\nstraszna i \u015bmieszna to figura,<br \/>\nno, burak\u2026<\/p>\n","protected":false},"excerpt":{"rendered":"<p>Le\u017cy rozparty pod kwarc\u00f3wk\u0105 z brzuchem rozd\u0119tym ja u knura, nie spyta \u201cjak szanowne zdr\u00f3wko?\u201d, nie rwie do p\u0119dzla si\u0119 ni pi\u00f3ra, czaszka nakryta bejsbol\u00f3wk\u0105, opas\u0142y portfel, gruba sk\u00f3ra, no, burak\u2026 Najgorsze te idealisty, co \u0142a\u017c\u0105, panie, z g\u0142ow\u0105 w chmurach te bezbo\u017cniki, te artysty i ta cholerna prefesura! Sam od miazmat\u00f3w wszelkich czysty, bo zamiast m\u00f3zgu czarna dziura, no, burak\u2026 Te \u017cydy, panie, te masony, ta ca\u0142a Unii dyktatura\u2026 Z ust jadowicie za\u015blinionych ka\u017cda mu mo\u017ce wyle\u017a\u0107 bzdura. Czy on cukrowy, czy czerwony, straszna i \u015bmieszna to figura, no, burak\u2026<\/p>\n","protected":false},"author":274,"featured_media":0,"parent":2143,"menu_order":0,"comment_status":"open","ping_status":"open","template":"wiersze_polit.php","meta":{"footnotes":""},"class_list":["post-2177","page","type-page","status-publish","hentry"],"_links":{"self":[{"href":"https:\/\/blog-bobika.eu\/index.php?rest_route=\/wp\/v2\/pages\/2177","targetHints":{"allow":["GET"]}}],"collection":[{"href":"https:\/\/blog-bobika.eu\/index.php?rest_route=\/wp\/v2\/pages"}],"about":[{"href":"https:\/\/blog-bobika.eu\/index.php?rest_route=\/wp\/v2\/types\/page"}],"author":[{"embeddable":true,"href":"https:\/\/blog-bobika.eu\/index.php?rest_route=\/wp\/v2\/users\/274"}],"replies":[{"embeddable":true,"href":"https:\/\/blog-bobika.eu\/index.php?rest_route=%2Fwp%2Fv2%2Fcomments&post=2177"}],"version-history":[{"count":1,"href":"https:\/\/blog-bobika.eu\/index.php?rest_route=\/wp\/v2\/pages\/2177\/revisions"}],"predecessor-version":[{"id":2178,"href":"https:\/\/blog-bobika.eu\/index.php?rest_route=\/wp\/v2\/pages\/2177\/revisions\/2178"}],"up":[{"embeddable":true,"href":"https:\/\/blog-bobika.eu\/index.php?rest_route=\/wp\/v2\/pages\/2143"}],"wp:attachment":[{"href":"https:\/\/blog-bobika.eu\/index.php?rest_route=%2Fwp%2Fv2%2Fmedia&parent=2177"}],"curies":[{"name":"wp","href":"https:\/\/api.w.org\/{rel}","templated":true}]}}