{"id":2175,"date":"2015-08-23T17:24:44","date_gmt":"2015-08-23T15:24:44","guid":{"rendered":"http:\/\/blog-bobika.eu\/?page_id=2175"},"modified":"2015-08-23T17:24:44","modified_gmt":"2015-08-23T15:24:44","slug":"brewiarz","status":"publish","type":"page","link":"https:\/\/blog-bobika.eu\/?page_id=2175","title":{"rendered":"Brewiarz"},"content":{"rendered":"<p>Ka\u017cdemu z nas nabo\u017cna<br \/>\nmy\u015bl ab und zu si\u0119 zdarza,<br \/>\nbezbo\u017cnik postanowi\u0142<br \/>\nwi\u0119c si\u0119gn\u0105\u0107 do brewiarza.<\/p>\n<p>Sterane \u017cyciem skronie<br \/>\no de ko\u0142onem skropi\u0142,<br \/>\nna g\u0142\u00f3wk\u0119 w brewiarz skoczy\u0142<br \/>\ni zaraz si\u0119 zatopi\u0142.<\/p>\n<p>Ratunku! &#8211; krzykn\u0105\u0142, czuj\u0105c,<br \/>\n\u017ce oddech mu odci\u0119\u0142o,<br \/>\na brewiarz z\u0105b wyszczerzy\u0142:<br \/>\nHa! Koniec wie\u0144czy dzie\u0142o!<\/p>\n<p>Ju\u017c niejednego we mnie<br \/>\nzatopi\u0107 si\u0119 uda\u0142o,<br \/>\nlecz chyba najprzyjemniej<br \/>\nbezbo\u017cne wessa\u0107 cia\u0142o.<\/p>\n<p>Ach, szcz\u0119\u015bcie niepoj\u0119te<br \/>\ndzi\u015b z niebios spad\u0142o w darze!<br \/>\nP\u00f3jd\u017a w kartki, bezbo\u017cniku,<br \/>\na ja ci\u0119 uczy\u0107 ka\u017c\u0119.<\/p>\n","protected":false},"excerpt":{"rendered":"<p>Ka\u017cdemu z nas nabo\u017cna my\u015bl ab und zu si\u0119 zdarza, bezbo\u017cnik postanowi\u0142 wi\u0119c si\u0119gn\u0105\u0107 do brewiarza. Sterane \u017cyciem skronie o de ko\u0142onem skropi\u0142, na g\u0142\u00f3wk\u0119 w brewiarz skoczy\u0142 i zaraz si\u0119 zatopi\u0142. Ratunku! &#8211; krzykn\u0105\u0142, czuj\u0105c, \u017ce oddech mu odci\u0119\u0142o, a brewiarz z\u0105b wyszczerzy\u0142: Ha! Koniec wie\u0144czy dzie\u0142o! Ju\u017c niejednego we mnie zatopi\u0107 si\u0119 uda\u0142o, lecz chyba najprzyjemniej bezbo\u017cne wessa\u0107 cia\u0142o. Ach, szcz\u0119\u015bcie niepoj\u0119te dzi\u015b z niebios spad\u0142o w darze! P\u00f3jd\u017a w kartki, bezbo\u017cniku, a ja ci\u0119 uczy\u0107 ka\u017c\u0119.<\/p>\n","protected":false},"author":274,"featured_media":0,"parent":2143,"menu_order":0,"comment_status":"open","ping_status":"open","template":"wiersze_polit.php","meta":{"footnotes":""},"class_list":["post-2175","page","type-page","status-publish","hentry"],"_links":{"self":[{"href":"https:\/\/blog-bobika.eu\/index.php?rest_route=\/wp\/v2\/pages\/2175","targetHints":{"allow":["GET"]}}],"collection":[{"href":"https:\/\/blog-bobika.eu\/index.php?rest_route=\/wp\/v2\/pages"}],"about":[{"href":"https:\/\/blog-bobika.eu\/index.php?rest_route=\/wp\/v2\/types\/page"}],"author":[{"embeddable":true,"href":"https:\/\/blog-bobika.eu\/index.php?rest_route=\/wp\/v2\/users\/274"}],"replies":[{"embeddable":true,"href":"https:\/\/blog-bobika.eu\/index.php?rest_route=%2Fwp%2Fv2%2Fcomments&post=2175"}],"version-history":[{"count":1,"href":"https:\/\/blog-bobika.eu\/index.php?rest_route=\/wp\/v2\/pages\/2175\/revisions"}],"predecessor-version":[{"id":2176,"href":"https:\/\/blog-bobika.eu\/index.php?rest_route=\/wp\/v2\/pages\/2175\/revisions\/2176"}],"up":[{"embeddable":true,"href":"https:\/\/blog-bobika.eu\/index.php?rest_route=\/wp\/v2\/pages\/2143"}],"wp:attachment":[{"href":"https:\/\/blog-bobika.eu\/index.php?rest_route=%2Fwp%2Fv2%2Fmedia&parent=2175"}],"curies":[{"name":"wp","href":"https:\/\/api.w.org\/{rel}","templated":true}]}}