{"id":2173,"date":"2015-08-23T17:23:18","date_gmt":"2015-08-23T15:23:18","guid":{"rendered":"http:\/\/blog-bobika.eu\/?page_id=2173"},"modified":"2015-08-23T17:23:18","modified_gmt":"2015-08-23T15:23:18","slug":"bohater","status":"publish","type":"page","link":"https:\/\/blog-bobika.eu\/?page_id=2173","title":{"rendered":"Bohater"},"content":{"rendered":"<p>Przyszed\u0142 Bohater do rady miasta:<br \/>\ndajcie ulic\u0119, bo si\u0119 pochlastam,<br \/>\nniech inni stleni\u0105 si\u0119 zawodnicy,<br \/>\nja ju\u017c nie mog\u0119 \u017cy\u0107 bez ulicy!<\/p>\n<p>Rada si\u0119 drapie po radnych uszach:<br \/>\ncho\u0107 twe \u017c\u0105danie struny porusza,<br \/>\ncho\u0107 pe\u0142en czyn\u00f3w jeste\u015b i postaw,<br \/>\ndanie ulicy to rzecz nieprosta.<\/p>\n<p>Dyktator pe\u0142n\u0105 mia\u0142by swobod\u0119,<br \/>\nmy si\u0119 musimy liczy\u0107 z Narodem,<br \/>\ntu od wyborc\u00f3w przychodz\u0105 listy:<br \/>\nco\u015b ten Bohater za ma\u0142o mglisty!<\/p>\n<p>Znamy nazwisko jego de domo,<br \/>\n\u017ce niekatolik te\u017c nam wiadomo,<br \/>\na na dodatek, jak pisze Rzepa,<br \/>\nw Brukseli ruskie pacierze klepa\u0142.<\/p>\n<p>W tym te\u017c \u017cyciorys jego kaprawy,<br \/>\n\u017ce zamiast m\u0119\u017cnie umrze\u0107 dla Sprawy,<br \/>\nczy strumieniami la\u0107 wielkie s\u0142owa,<br \/>\non dla ojczyzny tylko pracowa\u0142.<\/p>\n<p>Zatem, zwa\u017cywszy za i przeciwy,<br \/>\non tej ulicy chce na ryj krzywy.<br \/>\nSzkoda stempelk\u00f3w, czasu, papieru &#8211;<br \/>\ntakich nie trzeba nam bohater\u00f3w.<\/p>\n<p>Wielce Bohater si\u0119 tu zacuka\u0142,<br \/>\ncho\u0107 tak og\u00f3lnie by\u0142 twarda sztuka,<br \/>\npo czym naiwnie spyta\u0142 jak dzieci\u0119:<br \/>\nto jak ulic\u0119 now\u0105 nazwiecie?<\/p>\n<p>\u015amiech homerycki poszed\u0142 po sali,<br \/>\na\u017c si\u0119 po bokach radni klepali,<br \/>\npo czym kto\u015b wreszcie z siebie g\u0142os wyda\u0142:<br \/>\njeden jest tylko s\u0142uszny kandydat,<\/p>\n<p>Polak, katolik, w patosie bieg\u0142y,<br \/>\nnadto m\u0119cze\u0144sk\u0105 \u015bmierci\u0105 poleg\u0142y,<br \/>\nprawy, nie lewy, przedni, nie zadni&#8230;<br \/>\nNo, kto to taki? Koteczku, zgadnij. <\/p>\n","protected":false},"excerpt":{"rendered":"<p>Przyszed\u0142 Bohater do rady miasta: dajcie ulic\u0119, bo si\u0119 pochlastam, niech inni stleni\u0105 si\u0119 zawodnicy, ja ju\u017c nie mog\u0119 \u017cy\u0107 bez ulicy! Rada si\u0119 drapie po radnych uszach: cho\u0107 twe \u017c\u0105danie struny porusza, cho\u0107 pe\u0142en czyn\u00f3w jeste\u015b i postaw, danie ulicy to rzecz nieprosta. Dyktator pe\u0142n\u0105 mia\u0142by swobod\u0119, my si\u0119 musimy liczy\u0107 z Narodem, tu od wyborc\u00f3w przychodz\u0105 listy: co\u015b ten Bohater za ma\u0142o mglisty! Znamy nazwisko jego de domo, \u017ce niekatolik te\u017c nam wiadomo, a na dodatek, jak pisze Rzepa, w Brukseli ruskie pacierze klepa\u0142. W tym te\u017c \u017cyciorys jego kaprawy, \u017ce zamiast m\u0119\u017cnie umrze\u0107 dla Sprawy, czy strumieniami [&hellip;]<\/p>\n","protected":false},"author":274,"featured_media":0,"parent":2143,"menu_order":0,"comment_status":"open","ping_status":"open","template":"wiersze_polit.php","meta":{"footnotes":""},"class_list":["post-2173","page","type-page","status-publish","hentry"],"_links":{"self":[{"href":"https:\/\/blog-bobika.eu\/index.php?rest_route=\/wp\/v2\/pages\/2173","targetHints":{"allow":["GET"]}}],"collection":[{"href":"https:\/\/blog-bobika.eu\/index.php?rest_route=\/wp\/v2\/pages"}],"about":[{"href":"https:\/\/blog-bobika.eu\/index.php?rest_route=\/wp\/v2\/types\/page"}],"author":[{"embeddable":true,"href":"https:\/\/blog-bobika.eu\/index.php?rest_route=\/wp\/v2\/users\/274"}],"replies":[{"embeddable":true,"href":"https:\/\/blog-bobika.eu\/index.php?rest_route=%2Fwp%2Fv2%2Fcomments&post=2173"}],"version-history":[{"count":1,"href":"https:\/\/blog-bobika.eu\/index.php?rest_route=\/wp\/v2\/pages\/2173\/revisions"}],"predecessor-version":[{"id":2174,"href":"https:\/\/blog-bobika.eu\/index.php?rest_route=\/wp\/v2\/pages\/2173\/revisions\/2174"}],"up":[{"embeddable":true,"href":"https:\/\/blog-bobika.eu\/index.php?rest_route=\/wp\/v2\/pages\/2143"}],"wp:attachment":[{"href":"https:\/\/blog-bobika.eu\/index.php?rest_route=%2Fwp%2Fv2%2Fmedia&parent=2173"}],"curies":[{"name":"wp","href":"https:\/\/api.w.org\/{rel}","templated":true}]}}