{"id":217,"date":"2009-05-15T17:48:59","date_gmt":"2009-05-15T15:48:59","guid":{"rendered":"http:\/\/blog-bobika.eu\/?page_id=217"},"modified":"2011-08-20T15:12:46","modified_gmt":"2011-08-20T13:12:46","slug":"sonet-do-pasztetowki","status":"publish","type":"page","link":"https:\/\/blog-bobika.eu\/?page_id=217","title":{"rendered":"Sonet do pasztet\u00f3wki"},"content":{"rendered":"<p>Samotny czarny Bobik w zamglonym odm\u0119cie<br \/>\nposuwa si\u0119 niespiesznie, zapachem wiedziony,<br \/>\ntej, co mu znacznie dro\u017csza od dziatek i \u017cony,<br \/>\ni kt\u00f3r\u0105 dzi\u015b odnale\u017a\u0107 przyrzek\u0142 sobie \u015bwi\u0119cie.<\/p>\n<p>Mg\u0142a si\u0119 k\u0142\u0119bi doko\u0142a jak bia\u0142e kurcz\u0119ta,<br \/>\nzbite w trwo\u017cn\u0105 gromad\u0119, kiedy pies w kurniku<br \/>\nzjawi si\u0119. Cho\u0107 takiego mg\u0142a nie robi krzyku<br \/>\njak one, te\u017c si\u0119 lubi tak bez sensu p\u0119ta\u0107.<\/p>\n<p>Ach, gdyby nie \u015blad woni, co stale przed nosem,<br \/>\nza czym\u017c warto by by\u0142o biec z rozwianym w\u0142osem<br \/>\nprzez t\u0119 biel, w kt\u00f3rej sm\u0119tnie dudni krok\u00f3w echo?<\/p>\n<p>Nasi\u0105ka czarne futro obrzyd\u0142\u0105 wilgoci\u0105,<br \/>\nzaspokoi\u0107 si\u0119 nie da do napoj\u00f3w poci\u0105g<br \/>\ni pasztet\u00f3wki \u015blady jedyn\u0105 pociech\u0105.<\/p>\n","protected":false},"excerpt":{"rendered":"<p>Samotny czarny Bobik w zamglonym odm\u0119cie posuwa si\u0119 niespiesznie, zapachem wiedziony, tej, co mu znacznie dro\u017csza od dziatek i \u017cony, i kt\u00f3r\u0105 dzi\u015b odnale\u017a\u0107 przyrzek\u0142 sobie \u015bwi\u0119cie. Mg\u0142a si\u0119 k\u0142\u0119bi doko\u0142a jak bia\u0142e kurcz\u0119ta, zbite w trwo\u017cn\u0105 gromad\u0119, kiedy pies w kurniku zjawi si\u0119. Cho\u0107 takiego mg\u0142a nie robi krzyku jak one, te\u017c si\u0119 lubi tak bez sensu p\u0119ta\u0107. Ach, gdyby nie \u015blad woni, co stale przed nosem, za czym\u017c warto by by\u0142o biec z rozwianym w\u0142osem przez t\u0119 biel, w kt\u00f3rej sm\u0119tnie dudni krok\u00f3w echo? Nasi\u0105ka czarne futro obrzyd\u0142\u0105 wilgoci\u0105, zaspokoi\u0107 si\u0119 nie da do napoj\u00f3w poci\u0105g i pasztet\u00f3wki [&hellip;]<\/p>\n","protected":false},"author":274,"featured_media":0,"parent":3,"menu_order":0,"comment_status":"open","ping_status":"open","template":"wiersze1.php","meta":{"footnotes":""},"class_list":["post-217","page","type-page","status-publish","hentry"],"_links":{"self":[{"href":"https:\/\/blog-bobika.eu\/index.php?rest_route=\/wp\/v2\/pages\/217","targetHints":{"allow":["GET"]}}],"collection":[{"href":"https:\/\/blog-bobika.eu\/index.php?rest_route=\/wp\/v2\/pages"}],"about":[{"href":"https:\/\/blog-bobika.eu\/index.php?rest_route=\/wp\/v2\/types\/page"}],"author":[{"embeddable":true,"href":"https:\/\/blog-bobika.eu\/index.php?rest_route=\/wp\/v2\/users\/274"}],"replies":[{"embeddable":true,"href":"https:\/\/blog-bobika.eu\/index.php?rest_route=%2Fwp%2Fv2%2Fcomments&post=217"}],"version-history":[{"count":2,"href":"https:\/\/blog-bobika.eu\/index.php?rest_route=\/wp\/v2\/pages\/217\/revisions"}],"predecessor-version":[{"id":698,"href":"https:\/\/blog-bobika.eu\/index.php?rest_route=\/wp\/v2\/pages\/217\/revisions\/698"}],"up":[{"embeddable":true,"href":"https:\/\/blog-bobika.eu\/index.php?rest_route=\/wp\/v2\/pages\/3"}],"wp:attachment":[{"href":"https:\/\/blog-bobika.eu\/index.php?rest_route=%2Fwp%2Fv2%2Fmedia&parent=217"}],"curies":[{"name":"wp","href":"https:\/\/api.w.org\/{rel}","templated":true}]}}