{"id":2165,"date":"2015-08-23T17:18:15","date_gmt":"2015-08-23T15:18:15","guid":{"rendered":"http:\/\/blog-bobika.eu\/?page_id=2165"},"modified":"2015-08-23T17:18:15","modified_gmt":"2015-08-23T15:18:15","slug":"biedronka","status":"publish","type":"page","link":"https:\/\/blog-bobika.eu\/?page_id=2165","title":{"rendered":"Biedronka"},"content":{"rendered":"<p>Do sklepiku przyszed\u0142 Jarek:<br \/>\nchc\u0119 ziemniak\u00f3w kupi\u0107 par\u0119.<\/p>\n<p>Chleb do tego, nie za du\u017cy,<br \/>\njab\u0142ka oraz biu\u015bcik kurzy.<\/p>\n<p>Kasjereczka do\u0144 si\u0119 czuli:<br \/>\npi\u0119\u0107 dych ca\u0142e pan zabuli.<\/p>\n<p>Skoczy\u0142 Jarek niby d\u017agni\u0119ty:<br \/>\nto Platformy s\u0105 przekr\u0119ty!<\/p>\n<p>Dawniej by\u0142aby po\u0142owa,<br \/>\nale Tusk nas wyko\u0142owa\u0142.<\/p>\n<p>Tu kto\u015b szepn\u0105\u0142 s\u0142owa dr\u017c\u0105ce:<br \/>\ntaniej mia\u0142by\u015b pan w Biedronce.<\/p>\n<p>Strasznie Jarek si\u0119 oburzy\u0142:<br \/>\nja ju\u017c jestem ch\u0142opiec du\u017cy<br \/>\ni my\u015bl taka mi si\u0119 b\u0142\u0105ka,<br \/>\n\u017ce dla biednych jest Biedronka.<br \/>\nNiech pan zmiata albo sp\u0142ywa<br \/>\ni zostawi lepiej mnie,<br \/>\nTusk w Biedronce mo\u017ce bywa\u0107,<br \/>\na ja nie!<\/p>\n<p>Rzek\u0142 co wiedzia\u0142 i z honorem<br \/>\nw dal odjecha\u0142 razem z BOR-em.<\/p>\n<p>A na drugi dzie\u0144 si\u0119 zwija\u0142:<br \/>\nczemu nagle taka chryja?<\/p>\n<p>St\u0105d nauka jest dla \u017cuka:<br \/>\nzanim powiesz, w \u0142eb si\u0119 pukaj.<\/p>\n","protected":false},"excerpt":{"rendered":"<p>Do sklepiku przyszed\u0142 Jarek: chc\u0119 ziemniak\u00f3w kupi\u0107 par\u0119. Chleb do tego, nie za du\u017cy, jab\u0142ka oraz biu\u015bcik kurzy. Kasjereczka do\u0144 si\u0119 czuli: pi\u0119\u0107 dych ca\u0142e pan zabuli. Skoczy\u0142 Jarek niby d\u017agni\u0119ty: to Platformy s\u0105 przekr\u0119ty! Dawniej by\u0142aby po\u0142owa, ale Tusk nas wyko\u0142owa\u0142. Tu kto\u015b szepn\u0105\u0142 s\u0142owa dr\u017c\u0105ce: taniej mia\u0142by\u015b pan w Biedronce. Strasznie Jarek si\u0119 oburzy\u0142: ja ju\u017c jestem ch\u0142opiec du\u017cy i my\u015bl taka mi si\u0119 b\u0142\u0105ka, \u017ce dla biednych jest Biedronka. Niech pan zmiata albo sp\u0142ywa i zostawi lepiej mnie, Tusk w Biedronce mo\u017ce bywa\u0107, a ja nie! Rzek\u0142 co wiedzia\u0142 i z honorem w dal odjecha\u0142 razem z [&hellip;]<\/p>\n","protected":false},"author":274,"featured_media":0,"parent":2143,"menu_order":0,"comment_status":"open","ping_status":"open","template":"wiersze_polit.php","meta":{"footnotes":""},"class_list":["post-2165","page","type-page","status-publish","hentry"],"_links":{"self":[{"href":"https:\/\/blog-bobika.eu\/index.php?rest_route=\/wp\/v2\/pages\/2165","targetHints":{"allow":["GET"]}}],"collection":[{"href":"https:\/\/blog-bobika.eu\/index.php?rest_route=\/wp\/v2\/pages"}],"about":[{"href":"https:\/\/blog-bobika.eu\/index.php?rest_route=\/wp\/v2\/types\/page"}],"author":[{"embeddable":true,"href":"https:\/\/blog-bobika.eu\/index.php?rest_route=\/wp\/v2\/users\/274"}],"replies":[{"embeddable":true,"href":"https:\/\/blog-bobika.eu\/index.php?rest_route=%2Fwp%2Fv2%2Fcomments&post=2165"}],"version-history":[{"count":1,"href":"https:\/\/blog-bobika.eu\/index.php?rest_route=\/wp\/v2\/pages\/2165\/revisions"}],"predecessor-version":[{"id":2166,"href":"https:\/\/blog-bobika.eu\/index.php?rest_route=\/wp\/v2\/pages\/2165\/revisions\/2166"}],"up":[{"embeddable":true,"href":"https:\/\/blog-bobika.eu\/index.php?rest_route=\/wp\/v2\/pages\/2143"}],"wp:attachment":[{"href":"https:\/\/blog-bobika.eu\/index.php?rest_route=%2Fwp%2Fv2%2Fmedia&parent=2165"}],"curies":[{"name":"wp","href":"https:\/\/api.w.org\/{rel}","templated":true}]}}