{"id":2163,"date":"2015-08-23T17:16:39","date_gmt":"2015-08-23T15:16:39","guid":{"rendered":"http:\/\/blog-bobika.eu\/?page_id=2163"},"modified":"2015-08-23T17:16:39","modified_gmt":"2015-08-23T15:16:39","slug":"berecik","status":"publish","type":"page","link":"https:\/\/blog-bobika.eu\/?page_id=2163","title":{"rendered":"Berecik"},"content":{"rendered":"<p>Przejrza\u0142 si\u0119 w lustrze berecik,<br \/>\nprzy brzegu poprawi\u0142 w\u0142oska:<br \/>\nach, jak przyk\u0142adem ja \u015bwieci\u0107,<br \/>\nlubi\u0119, \u017ce \u0142o Matko Boska!<\/p>\n<p>Lubi\u0119 si\u0119 przej\u015b\u0107 po ulicy<br \/>\ni naplu\u0107 na bezbo\u017cnika,<br \/>\nalbo dokopa\u0107 lewicy,<br \/>\nniech mi zanadto nie fika,<\/p>\n<p>lubi\u0119 pogoni\u0107 miazmata,<br \/>\nzakonnym starym da\u0107 w ty\u0142ek,<br \/>\nzrobi\u0107 co\u015b wreszcie dla \u015bwiata,<br \/>\nco jest komedi\u0105 omy\u0142ek.<\/p>\n<p>Bo myli si\u0119 z za\u0142o\u017cenia<br \/>\nka\u017cdy, kto w chu\u015bcie lub czapce,<br \/>\nt\u0142um go\u0142ych g\u0142\u00f3w bez w\u0105tpienia<br \/>\nte\u017c tkwi w my\u015blowej pu\u0142apce.<\/p>\n<p>A ja? Gdzie\u017c racji bym nie mia\u0142?<br \/>\nWe mnie to\u017csamo\u015b\u0107 Narodu.<br \/>\nInne nakrycia na przemia\u0142,<br \/>\nja za\u015b &#8211; moherem do przodu!<\/p>\n","protected":false},"excerpt":{"rendered":"<p>Przejrza\u0142 si\u0119 w lustrze berecik, przy brzegu poprawi\u0142 w\u0142oska: ach, jak przyk\u0142adem ja \u015bwieci\u0107, lubi\u0119, \u017ce \u0142o Matko Boska! Lubi\u0119 si\u0119 przej\u015b\u0107 po ulicy i naplu\u0107 na bezbo\u017cnika, albo dokopa\u0107 lewicy, niech mi zanadto nie fika, lubi\u0119 pogoni\u0107 miazmata, zakonnym starym da\u0107 w ty\u0142ek, zrobi\u0107 co\u015b wreszcie dla \u015bwiata, co jest komedi\u0105 omy\u0142ek. Bo myli si\u0119 z za\u0142o\u017cenia ka\u017cdy, kto w chu\u015bcie lub czapce, t\u0142um go\u0142ych g\u0142\u00f3w bez w\u0105tpienia te\u017c tkwi w my\u015blowej pu\u0142apce. A ja? Gdzie\u017c racji bym nie mia\u0142? We mnie to\u017csamo\u015b\u0107 Narodu. Inne nakrycia na przemia\u0142, ja za\u015b &#8211; moherem do przodu!<\/p>\n","protected":false},"author":274,"featured_media":0,"parent":2143,"menu_order":0,"comment_status":"open","ping_status":"open","template":"wiersze_polit.php","meta":{"footnotes":""},"class_list":["post-2163","page","type-page","status-publish","hentry"],"_links":{"self":[{"href":"https:\/\/blog-bobika.eu\/index.php?rest_route=\/wp\/v2\/pages\/2163","targetHints":{"allow":["GET"]}}],"collection":[{"href":"https:\/\/blog-bobika.eu\/index.php?rest_route=\/wp\/v2\/pages"}],"about":[{"href":"https:\/\/blog-bobika.eu\/index.php?rest_route=\/wp\/v2\/types\/page"}],"author":[{"embeddable":true,"href":"https:\/\/blog-bobika.eu\/index.php?rest_route=\/wp\/v2\/users\/274"}],"replies":[{"embeddable":true,"href":"https:\/\/blog-bobika.eu\/index.php?rest_route=%2Fwp%2Fv2%2Fcomments&post=2163"}],"version-history":[{"count":1,"href":"https:\/\/blog-bobika.eu\/index.php?rest_route=\/wp\/v2\/pages\/2163\/revisions"}],"predecessor-version":[{"id":2164,"href":"https:\/\/blog-bobika.eu\/index.php?rest_route=\/wp\/v2\/pages\/2163\/revisions\/2164"}],"up":[{"embeddable":true,"href":"https:\/\/blog-bobika.eu\/index.php?rest_route=\/wp\/v2\/pages\/2143"}],"wp:attachment":[{"href":"https:\/\/blog-bobika.eu\/index.php?rest_route=%2Fwp%2Fv2%2Fmedia&parent=2163"}],"curies":[{"name":"wp","href":"https:\/\/api.w.org\/{rel}","templated":true}]}}