{"id":2161,"date":"2015-08-23T17:14:24","date_gmt":"2015-08-23T15:14:24","guid":{"rendered":"http:\/\/blog-bobika.eu\/?page_id=2161"},"modified":"2015-08-23T17:14:24","modified_gmt":"2015-08-23T15:14:24","slug":"beatyfikacja","status":"publish","type":"page","link":"https:\/\/blog-bobika.eu\/?page_id=2161","title":{"rendered":"Beatyfikacja"},"content":{"rendered":"<p>Wpad\u0142a w rado\u015b\u0107 nasza nacja,<br \/>\nbo odby\u0142a si\u0119 fikacja.<br \/>\nHop, siup, dyna, dyna,<br \/>\njak si\u0119 cudnie maj zaczyna.<\/p>\n<p>Fikn\u0105\u0142 stary, fikn\u0105\u0142 m\u0142ody,<br \/>\n\u017co\u0142nierz i projektant mody,<br \/>\nprzy majowej, przy niedzieli,<br \/>\nwszyscy wzi\u0119li i fikn\u0119li.<\/p>\n<p>Fikn\u0105\u0142 \u015bwiecki i duchowny,<br \/>\ni ch\u0142op mowny, i kot \u0142owny,<br \/>\ndziatwa, tatu\u015b i mamusia,<br \/>\ndyna dyna, usia siusia.<\/p>\n<p>Nawet sam prezydent fika\u0142,<br \/>\ntudzie\u017c jego magnifika,<br \/>\nnawet papie\u017c w Watykanie,<br \/>\ncho\u0107 nie Polak to, mospanie.<\/p>\n<p>Lud si\u0119 cieszy\u0142: co za gracja,<br \/>\nco za beatyfikacja!<br \/>\nKa\u017cden nar\u00f3d neptek przy nas,<br \/>\npamparampa, dyna dyna.<br \/>\nHu-ha!<\/p>\n","protected":false},"excerpt":{"rendered":"<p>Wpad\u0142a w rado\u015b\u0107 nasza nacja, bo odby\u0142a si\u0119 fikacja. Hop, siup, dyna, dyna, jak si\u0119 cudnie maj zaczyna. Fikn\u0105\u0142 stary, fikn\u0105\u0142 m\u0142ody, \u017co\u0142nierz i projektant mody, przy majowej, przy niedzieli, wszyscy wzi\u0119li i fikn\u0119li. Fikn\u0105\u0142 \u015bwiecki i duchowny, i ch\u0142op mowny, i kot \u0142owny, dziatwa, tatu\u015b i mamusia, dyna dyna, usia siusia. Nawet sam prezydent fika\u0142, tudzie\u017c jego magnifika, nawet papie\u017c w Watykanie, cho\u0107 nie Polak to, mospanie. Lud si\u0119 cieszy\u0142: co za gracja, co za beatyfikacja! Ka\u017cden nar\u00f3d neptek przy nas, pamparampa, dyna dyna. Hu-ha!<\/p>\n","protected":false},"author":274,"featured_media":0,"parent":2143,"menu_order":0,"comment_status":"open","ping_status":"open","template":"wiersze_polit.php","meta":{"footnotes":""},"class_list":["post-2161","page","type-page","status-publish","hentry"],"_links":{"self":[{"href":"https:\/\/blog-bobika.eu\/index.php?rest_route=\/wp\/v2\/pages\/2161","targetHints":{"allow":["GET"]}}],"collection":[{"href":"https:\/\/blog-bobika.eu\/index.php?rest_route=\/wp\/v2\/pages"}],"about":[{"href":"https:\/\/blog-bobika.eu\/index.php?rest_route=\/wp\/v2\/types\/page"}],"author":[{"embeddable":true,"href":"https:\/\/blog-bobika.eu\/index.php?rest_route=\/wp\/v2\/users\/274"}],"replies":[{"embeddable":true,"href":"https:\/\/blog-bobika.eu\/index.php?rest_route=%2Fwp%2Fv2%2Fcomments&post=2161"}],"version-history":[{"count":1,"href":"https:\/\/blog-bobika.eu\/index.php?rest_route=\/wp\/v2\/pages\/2161\/revisions"}],"predecessor-version":[{"id":2162,"href":"https:\/\/blog-bobika.eu\/index.php?rest_route=\/wp\/v2\/pages\/2161\/revisions\/2162"}],"up":[{"embeddable":true,"href":"https:\/\/blog-bobika.eu\/index.php?rest_route=\/wp\/v2\/pages\/2143"}],"wp:attachment":[{"href":"https:\/\/blog-bobika.eu\/index.php?rest_route=%2Fwp%2Fv2%2Fmedia&parent=2161"}],"curies":[{"name":"wp","href":"https:\/\/api.w.org\/{rel}","templated":true}]}}