{"id":216,"date":"2009-05-15T17:46:40","date_gmt":"2009-05-15T15:46:40","guid":{"rendered":"http:\/\/blog-bobika.eu\/?page_id=216"},"modified":"2009-05-15T17:46:40","modified_gmt":"2009-05-15T15:46:40","slug":"roszponka","status":"publish","type":"page","link":"https:\/\/blog-bobika.eu\/?page_id=216","title":{"rendered":"Roszponka"},"content":{"rendered":"<p>O czym ja \u015bni\u0119 po nocach,<br \/>\na czasem nawet dzionkach,<br \/>\na\u017c serce mi \u0142omoce?<br \/>\nTen obiekt to roszponka.<\/p>\n<p>\u015ani\u0105 mi si\u0119, dajmy na to<br \/>\nna \u017b\u00f3\u0142tej Rzece d\u017conki,<br \/>\na w ka\u017cdej, miast stu kwiat\u00f3w,<br \/>\n\u0142adunek jest roszponki.<\/p>\n<p>Przed okiem duszy mojej<br \/>\nroszponki straszne szpony<br \/>\ni strasznie ich si\u0119 boj\u0119,<br \/>\nbo ka\u017cdy szpon zielony<\/p>\n<p>do dred\u00f3w moich si\u0119ga,<br \/>\nchc\u0105c je zasypa\u0107 m\u0105k\u0105&#8230;<br \/>\nOkropna to mord\u0119ga,<br \/>\nszamota\u0107 si\u0119 z roszponk\u0105!<\/p>\n<p>W\u0119\u017cowi stawi\u0119 czo\u0142a<br \/>\ni nie dr\u017c\u0119 przed paj\u0105kiem,<br \/>\nlecz w snach pomocy wo\u0142am,<br \/>\ngdy widz\u0119 w nich roszponk\u0119.<\/p>\n<p>Ucieka\u0107? Zmienia\u0107 temat?<br \/>\nAch, pr\u00f3\u017cne to s\u0105 mrzonki!<br \/>\nOd tylu nocy nie ma<br \/>\nucieczki od roszponki!<\/p>\n<p>A wtem, tygrysim skokiem,<br \/>\nw sen m\u00f3j wskakuje s\u0142o\u0144ce<br \/>\ni nagle innym okiem<br \/>\nprzygl\u0105dam si\u0119 roszponce.<\/p>\n<p>Ju\u017c nie jest monstrum krwawym<br \/>\nczy dla ziemniaka stonk\u0105,<br \/>\nwi\u0119c tkwi\u0105c na skraju jawy<br \/>\nzawodz\u0119: wr\u00f3\u0107, roszponko!<\/p>\n","protected":false},"excerpt":{"rendered":"<p>O czym ja \u015bni\u0119 po nocach, a czasem nawet dzionkach, a\u017c serce mi \u0142omoce? Ten obiekt to roszponka. \u015ani\u0105 mi si\u0119, dajmy na to na \u017b\u00f3\u0142tej Rzece d\u017conki, a w ka\u017cdej, miast stu kwiat\u00f3w, \u0142adunek jest roszponki. Przed okiem duszy mojej roszponki straszne szpony i strasznie ich si\u0119 boj\u0119, bo ka\u017cdy szpon zielony do dred\u00f3w moich si\u0119ga, chc\u0105c je zasypa\u0107 m\u0105k\u0105&#8230; Okropna to mord\u0119ga, szamota\u0107 si\u0119 z roszponk\u0105! W\u0119\u017cowi stawi\u0119 czo\u0142a i nie dr\u017c\u0119 przed paj\u0105kiem, lecz w snach pomocy wo\u0142am, gdy widz\u0119 w nich roszponk\u0119. Ucieka\u0107? Zmienia\u0107 temat? Ach, pr\u00f3\u017cne to s\u0105 mrzonki! Od tylu nocy nie ma ucieczki [&hellip;]<\/p>\n","protected":false},"author":274,"featured_media":0,"parent":3,"menu_order":0,"comment_status":"open","ping_status":"open","template":"wiersze1.php","meta":{"footnotes":""},"class_list":["post-216","page","type-page","status-publish","hentry"],"_links":{"self":[{"href":"https:\/\/blog-bobika.eu\/index.php?rest_route=\/wp\/v2\/pages\/216","targetHints":{"allow":["GET"]}}],"collection":[{"href":"https:\/\/blog-bobika.eu\/index.php?rest_route=\/wp\/v2\/pages"}],"about":[{"href":"https:\/\/blog-bobika.eu\/index.php?rest_route=\/wp\/v2\/types\/page"}],"author":[{"embeddable":true,"href":"https:\/\/blog-bobika.eu\/index.php?rest_route=\/wp\/v2\/users\/274"}],"replies":[{"embeddable":true,"href":"https:\/\/blog-bobika.eu\/index.php?rest_route=%2Fwp%2Fv2%2Fcomments&post=216"}],"version-history":[{"count":0,"href":"https:\/\/blog-bobika.eu\/index.php?rest_route=\/wp\/v2\/pages\/216\/revisions"}],"up":[{"embeddable":true,"href":"https:\/\/blog-bobika.eu\/index.php?rest_route=\/wp\/v2\/pages\/3"}],"wp:attachment":[{"href":"https:\/\/blog-bobika.eu\/index.php?rest_route=%2Fwp%2Fv2%2Fmedia&parent=216"}],"curies":[{"name":"wp","href":"https:\/\/api.w.org\/{rel}","templated":true}]}}