{"id":2159,"date":"2015-08-23T17:13:08","date_gmt":"2015-08-23T15:13:08","guid":{"rendered":"http:\/\/blog-bobika.eu\/?page_id=2159"},"modified":"2015-08-23T17:13:08","modified_gmt":"2015-08-23T15:13:08","slug":"beata-kempa","status":"publish","type":"page","link":"https:\/\/blog-bobika.eu\/?page_id=2159","title":{"rendered":"Beata Kempa"},"content":{"rendered":"<p>Nie jestem skory do s\u0142owa z\u0142ego<br \/>\ni do pochopnych, \u0142atwych pot\u0119pie\u0144,<br \/>\nlecz bym powiesi\u0142 za jaja tego,<br \/>\nkto zabra\u0142 serce Beacie Kempie.<\/p>\n<p>\u017baden tam ze mnie superogonek,<br \/>\nani rasowy, z wystawy champion,<br \/>\nale bym z tego zrobi\u0142 mielone,<br \/>\nkto si\u0119 tak obszed\u0142 z Beat\u0105 Kemp\u0105.<\/p>\n<p>Edytki G\u00f3rniak s\u0142ucha\u0142em zwierze\u0144<br \/>\nkaza\u0144 s\u0142ucha\u0142em prymasa Glempa,<br \/>\nlecz nic to wszystko, kiedy w eterze<br \/>\nswojski g\u0142os daje Beata Kempa.<\/p>\n<p>\u0141atwo by by\u0142o pa\u015b\u0107 w\u015br\u00f3d zawodu&#8230;<br \/>\nLecz nie, jam wy\u017cszy nad w\u0142asny p\u0119pek<br \/>\ni \u0142kam: uczcijcie uszy narodu!<br \/>\nOddajcie serce Beacie Kempie!<\/p>\n<p>10.06.2010<\/p>\n","protected":false},"excerpt":{"rendered":"<p>Nie jestem skory do s\u0142owa z\u0142ego i do pochopnych, \u0142atwych pot\u0119pie\u0144, lecz bym powiesi\u0142 za jaja tego, kto zabra\u0142 serce Beacie Kempie. \u017baden tam ze mnie superogonek, ani rasowy, z wystawy champion, ale bym z tego zrobi\u0142 mielone, kto si\u0119 tak obszed\u0142 z Beat\u0105 Kemp\u0105. Edytki G\u00f3rniak s\u0142ucha\u0142em zwierze\u0144 kaza\u0144 s\u0142ucha\u0142em prymasa Glempa, lecz nic to wszystko, kiedy w eterze swojski g\u0142os daje Beata Kempa. \u0141atwo by by\u0142o pa\u015b\u0107 w\u015br\u00f3d zawodu&#8230; Lecz nie, jam wy\u017cszy nad w\u0142asny p\u0119pek i \u0142kam: uczcijcie uszy narodu! Oddajcie serce Beacie Kempie! 10.06.2010<\/p>\n","protected":false},"author":274,"featured_media":0,"parent":2143,"menu_order":0,"comment_status":"open","ping_status":"open","template":"wiersze_polit.php","meta":{"footnotes":""},"class_list":["post-2159","page","type-page","status-publish","hentry"],"_links":{"self":[{"href":"https:\/\/blog-bobika.eu\/index.php?rest_route=\/wp\/v2\/pages\/2159","targetHints":{"allow":["GET"]}}],"collection":[{"href":"https:\/\/blog-bobika.eu\/index.php?rest_route=\/wp\/v2\/pages"}],"about":[{"href":"https:\/\/blog-bobika.eu\/index.php?rest_route=\/wp\/v2\/types\/page"}],"author":[{"embeddable":true,"href":"https:\/\/blog-bobika.eu\/index.php?rest_route=\/wp\/v2\/users\/274"}],"replies":[{"embeddable":true,"href":"https:\/\/blog-bobika.eu\/index.php?rest_route=%2Fwp%2Fv2%2Fcomments&post=2159"}],"version-history":[{"count":1,"href":"https:\/\/blog-bobika.eu\/index.php?rest_route=\/wp\/v2\/pages\/2159\/revisions"}],"predecessor-version":[{"id":2160,"href":"https:\/\/blog-bobika.eu\/index.php?rest_route=\/wp\/v2\/pages\/2159\/revisions\/2160"}],"up":[{"embeddable":true,"href":"https:\/\/blog-bobika.eu\/index.php?rest_route=\/wp\/v2\/pages\/2143"}],"wp:attachment":[{"href":"https:\/\/blog-bobika.eu\/index.php?rest_route=%2Fwp%2Fv2%2Fmedia&parent=2159"}],"curies":[{"name":"wp","href":"https:\/\/api.w.org\/{rel}","templated":true}]}}