{"id":2151,"date":"2015-08-23T17:08:44","date_gmt":"2015-08-23T15:08:44","guid":{"rendered":"http:\/\/blog-bobika.eu\/?page_id=2151"},"modified":"2015-08-23T17:08:44","modified_gmt":"2015-08-23T15:08:44","slug":"bajka-o-kandydacie-na-krola","status":"publish","type":"page","link":"https:\/\/blog-bobika.eu\/?page_id=2151","title":{"rendered":"Bajka o kandydacie na kr\u00f3la"},"content":{"rendered":"<p>Po kr\u00f3tkim parciu na szk\u0142o i wyborczych b\u00f3lach,<br \/>\ngdy j\u0119cza\u0142 elektorat kurczem nag\u0142ym zdj\u0119ty,<br \/>\nurodzi\u0142 si\u0119 Polakom kandydat na kr\u00f3la &#8211;<br \/>\nsw\u00f3j ch\u0142op, bo mia\u0142 od razu wysokie procenty.<\/p>\n<p>Gada\u0142, jak po procentach p\u00f3\u0142 narodu gada &#8211;<br \/>\n\u017ce kl\u0119ska, kondominium, \u017ce z\u0142odzieje wok\u00f3\u0142,<br \/>\n\u017ce brak tych\u2026 panie\u2026 JOW-\u00f3w to straszna jest wada,<br \/>\na jak zmieni si\u0119 w\u0142adza, b\u0119dzie \u015bwi\u0119ty spok\u00f3j.<\/p>\n<p>\u017be jak nie ma programu, to w\u0142a\u015bnie jest cacy,<br \/>\n\u017ce  imigrant si\u0119 na nic krajowcom nie przyda &#8211;<br \/>\nz otwartymi g\u0119bami s\u0142uchali rodacy,<br \/>\nbo dok\u0142adnie po my\u015bli ich prawi\u0142 kandydat.<\/p>\n<p>Zn\u00f3w procenty mu ros\u0142y i s\u0142upki w sonda\u017cach,<br \/>\nznowu jakim\u015b potrzebom wychodzi\u0142 naprzeciw,<br \/>\na im wi\u0119cej bzdur skrajnych w natchnieniu wytwarza\u0142,<br \/>\ntym mu bardziej ufali doro\u015bli i dzieci.<\/p>\n<p>C\u00f3\u017c, \u017ce kr\u00f3l ma by\u0107 m\u0105dry, nie stoi w ustawach,<br \/>\nani \u017ce ma my\u015bleniem na mi\u0142o\u015b\u0107 zas\u0142u\u017cy\u0107,<br \/>\ndure\u0144 mo\u017ce wielbiony by\u0107 z lewa i z prawa,<br \/>\nalbo mi\u015b, co rozumek ma ca\u0142kiem niedu\u017cy.<\/p>\n<p>Lecz \u017ce happy end zawsze jaki\u015b znale\u017a\u0107 da si\u0119,<br \/>\nmo\u017cna bajk\u0119 szcz\u0119\u015bliwie zako\u0144czy\u0107 tak oto:<br \/>\nten kandydat  na kr\u00f3la doj\u015b\u0107 musi po czasie<br \/>\ntam, gdzie ka\u017cdy kr\u00f3l w ko\u0144cu dochodzi. Piechot\u0105.<\/p>\n","protected":false},"excerpt":{"rendered":"<p>Po kr\u00f3tkim parciu na szk\u0142o i wyborczych b\u00f3lach, gdy j\u0119cza\u0142 elektorat kurczem nag\u0142ym zdj\u0119ty, urodzi\u0142 si\u0119 Polakom kandydat na kr\u00f3la &#8211; sw\u00f3j ch\u0142op, bo mia\u0142 od razu wysokie procenty. Gada\u0142, jak po procentach p\u00f3\u0142 narodu gada &#8211; \u017ce kl\u0119ska, kondominium, \u017ce z\u0142odzieje wok\u00f3\u0142, \u017ce brak tych\u2026 panie\u2026 JOW-\u00f3w to straszna jest wada, a jak zmieni si\u0119 w\u0142adza, b\u0119dzie \u015bwi\u0119ty spok\u00f3j. \u017be jak nie ma programu, to w\u0142a\u015bnie jest cacy, \u017ce imigrant si\u0119 na nic krajowcom nie przyda &#8211; z otwartymi g\u0119bami s\u0142uchali rodacy, bo dok\u0142adnie po my\u015bli ich prawi\u0142 kandydat. Zn\u00f3w procenty mu ros\u0142y i s\u0142upki w sonda\u017cach, znowu jakim\u015b [&hellip;]<\/p>\n","protected":false},"author":274,"featured_media":0,"parent":2143,"menu_order":0,"comment_status":"open","ping_status":"open","template":"wiersze_polit.php","meta":{"footnotes":""},"class_list":["post-2151","page","type-page","status-publish","hentry"],"_links":{"self":[{"href":"https:\/\/blog-bobika.eu\/index.php?rest_route=\/wp\/v2\/pages\/2151","targetHints":{"allow":["GET"]}}],"collection":[{"href":"https:\/\/blog-bobika.eu\/index.php?rest_route=\/wp\/v2\/pages"}],"about":[{"href":"https:\/\/blog-bobika.eu\/index.php?rest_route=\/wp\/v2\/types\/page"}],"author":[{"embeddable":true,"href":"https:\/\/blog-bobika.eu\/index.php?rest_route=\/wp\/v2\/users\/274"}],"replies":[{"embeddable":true,"href":"https:\/\/blog-bobika.eu\/index.php?rest_route=%2Fwp%2Fv2%2Fcomments&post=2151"}],"version-history":[{"count":1,"href":"https:\/\/blog-bobika.eu\/index.php?rest_route=\/wp\/v2\/pages\/2151\/revisions"}],"predecessor-version":[{"id":2152,"href":"https:\/\/blog-bobika.eu\/index.php?rest_route=\/wp\/v2\/pages\/2151\/revisions\/2152"}],"up":[{"embeddable":true,"href":"https:\/\/blog-bobika.eu\/index.php?rest_route=\/wp\/v2\/pages\/2143"}],"wp:attachment":[{"href":"https:\/\/blog-bobika.eu\/index.php?rest_route=%2Fwp%2Fv2%2Fmedia&parent=2151"}],"curies":[{"name":"wp","href":"https:\/\/api.w.org\/{rel}","templated":true}]}}