{"id":2145,"date":"2015-08-23T16:43:17","date_gmt":"2015-08-23T14:43:17","guid":{"rendered":"http:\/\/blog-bobika.eu\/?page_id=2145"},"modified":"2015-08-23T16:43:17","modified_gmt":"2015-08-23T14:43:17","slug":"a-dur","status":"publish","type":"page","link":"https:\/\/blog-bobika.eu\/?page_id=2145","title":{"rendered":"A-dur"},"content":{"rendered":"<p>Gdy pan prezes gra w A-durze,<br \/>\n\u0107wier\u0107 narodu kl\u0119ka,<br \/>\ndrugie \u0107wier\u0107 kupuje r\u00f3\u017ce<br \/>\ni nosi na r\u0119kach.<\/p>\n<p>Przed publik\u0105 prezes t\u0142umn\u0105<br \/>\nnaciska klawisze,<br \/>\nwszak nie w tym rzecz, by nad trumn\u0105<br \/>\nby\u0142o coraz ciszej.<\/p>\n<p>Wszak testament trza wykona\u0107,<br \/>\na by to mie\u0107 z g\u0142owy,<br \/>\ntrza wygrywa\u0107 w &#8211; znanych tonach &#8211;<br \/>\nklawisz narodowy.<\/p>\n<p>\u017be od tego kogo\u015b trzepie?<br \/>\nE, to g\u0142upstwo, bzdura!<br \/>\nJu\u017c tam prezes wie najlepiej,<br \/>\njak si\u0119 gra A-dura!<\/p>\n","protected":false},"excerpt":{"rendered":"<p>Gdy pan prezes gra w A-durze, \u0107wier\u0107 narodu kl\u0119ka, drugie \u0107wier\u0107 kupuje r\u00f3\u017ce i nosi na r\u0119kach. Przed publik\u0105 prezes t\u0142umn\u0105 naciska klawisze, wszak nie w tym rzecz, by nad trumn\u0105 by\u0142o coraz ciszej. Wszak testament trza wykona\u0107, a by to mie\u0107 z g\u0142owy, trza wygrywa\u0107 w &#8211; znanych tonach &#8211; klawisz narodowy. \u017be od tego kogo\u015b trzepie? E, to g\u0142upstwo, bzdura! Ju\u017c tam prezes wie najlepiej, jak si\u0119 gra A-dura!<\/p>\n","protected":false},"author":274,"featured_media":0,"parent":2143,"menu_order":0,"comment_status":"open","ping_status":"open","template":"wiersze_polit.php","meta":{"footnotes":""},"class_list":["post-2145","page","type-page","status-publish","hentry"],"_links":{"self":[{"href":"https:\/\/blog-bobika.eu\/index.php?rest_route=\/wp\/v2\/pages\/2145","targetHints":{"allow":["GET"]}}],"collection":[{"href":"https:\/\/blog-bobika.eu\/index.php?rest_route=\/wp\/v2\/pages"}],"about":[{"href":"https:\/\/blog-bobika.eu\/index.php?rest_route=\/wp\/v2\/types\/page"}],"author":[{"embeddable":true,"href":"https:\/\/blog-bobika.eu\/index.php?rest_route=\/wp\/v2\/users\/274"}],"replies":[{"embeddable":true,"href":"https:\/\/blog-bobika.eu\/index.php?rest_route=%2Fwp%2Fv2%2Fcomments&post=2145"}],"version-history":[{"count":1,"href":"https:\/\/blog-bobika.eu\/index.php?rest_route=\/wp\/v2\/pages\/2145\/revisions"}],"predecessor-version":[{"id":2146,"href":"https:\/\/blog-bobika.eu\/index.php?rest_route=\/wp\/v2\/pages\/2145\/revisions\/2146"}],"up":[{"embeddable":true,"href":"https:\/\/blog-bobika.eu\/index.php?rest_route=\/wp\/v2\/pages\/2143"}],"wp:attachment":[{"href":"https:\/\/blog-bobika.eu\/index.php?rest_route=%2Fwp%2Fv2%2Fmedia&parent=2145"}],"curies":[{"name":"wp","href":"https:\/\/api.w.org\/{rel}","templated":true}]}}