{"id":213,"date":"2009-05-15T17:37:40","date_gmt":"2009-05-15T15:37:40","guid":{"rendered":"http:\/\/blog-bobika.eu\/?page_id=213"},"modified":"2009-05-15T17:37:40","modified_gmt":"2009-05-15T15:37:40","slug":"gulasz-polski","status":"publish","type":"page","link":"https:\/\/blog-bobika.eu\/?page_id=213","title":{"rendered":"Gulasz polski"},"content":{"rendered":"<p>Gdzie\u015b w Ameryce \u015bniegi skrzypi\u0105,<br \/>\ngdzie\u015b w Rosji sma\u017c\u0105 bliny,<br \/>\na tu si\u0119 pies do miski przypi\u0105\u0142<br \/>\ngulaszu z wo\u0142owiny.<\/p>\n<p>Nic nie obchodzi go, \u017ce w Chinach<br \/>\nakurat cyklon hula-\u017c,<br \/>\nz trz\u0119sawk\u0105 uszu wcina psina<br \/>\nbezpieczny, swojski gulasz.<\/p>\n<p>Bo przecie\u017c czasem dobra nasza<br \/>\nidea, jak co warzy\u0107,<br \/>\nprzy rdzennie polskich wi\u0119c gulaszach<br \/>\nte\u017c mo\u017cna si\u0119 rozmarzy\u0107?<\/p>\n","protected":false},"excerpt":{"rendered":"<p>Gdzie\u015b w Ameryce \u015bniegi skrzypi\u0105, gdzie\u015b w Rosji sma\u017c\u0105 bliny, a tu si\u0119 pies do miski przypi\u0105\u0142 gulaszu z wo\u0142owiny. Nic nie obchodzi go, \u017ce w Chinach akurat cyklon hula-\u017c, z trz\u0119sawk\u0105 uszu wcina psina bezpieczny, swojski gulasz. Bo przecie\u017c czasem dobra nasza idea, jak co warzy\u0107, przy rdzennie polskich wi\u0119c gulaszach te\u017c mo\u017cna si\u0119 rozmarzy\u0107?<\/p>\n","protected":false},"author":274,"featured_media":0,"parent":3,"menu_order":0,"comment_status":"open","ping_status":"open","template":"wiersze1.php","meta":{"footnotes":""},"class_list":["post-213","page","type-page","status-publish","hentry"],"_links":{"self":[{"href":"https:\/\/blog-bobika.eu\/index.php?rest_route=\/wp\/v2\/pages\/213","targetHints":{"allow":["GET"]}}],"collection":[{"href":"https:\/\/blog-bobika.eu\/index.php?rest_route=\/wp\/v2\/pages"}],"about":[{"href":"https:\/\/blog-bobika.eu\/index.php?rest_route=\/wp\/v2\/types\/page"}],"author":[{"embeddable":true,"href":"https:\/\/blog-bobika.eu\/index.php?rest_route=\/wp\/v2\/users\/274"}],"replies":[{"embeddable":true,"href":"https:\/\/blog-bobika.eu\/index.php?rest_route=%2Fwp%2Fv2%2Fcomments&post=213"}],"version-history":[{"count":0,"href":"https:\/\/blog-bobika.eu\/index.php?rest_route=\/wp\/v2\/pages\/213\/revisions"}],"up":[{"embeddable":true,"href":"https:\/\/blog-bobika.eu\/index.php?rest_route=\/wp\/v2\/pages\/3"}],"wp:attachment":[{"href":"https:\/\/blog-bobika.eu\/index.php?rest_route=%2Fwp%2Fv2%2Fmedia&parent=213"}],"curies":[{"name":"wp","href":"https:\/\/api.w.org\/{rel}","templated":true}]}}