{"id":212,"date":"2009-05-15T17:35:21","date_gmt":"2009-05-15T15:35:21","guid":{"rendered":"http:\/\/blog-bobika.eu\/?page_id=212"},"modified":"2009-05-15T17:35:21","modified_gmt":"2009-05-15T15:35:21","slug":"na-goscia","status":"publish","type":"page","link":"https:\/\/blog-bobika.eu\/?page_id=212","title":{"rendered":"Na go\u015bcia"},"content":{"rendered":"<p>Go\u015bciu, si\u0105d\u017a przy mym stole i b\u0105d\u017a idea\u0142em,<br \/>\nznaczy: odmawiaj \u017carcia swym jestestwem ca\u0142em,<br \/>\na jak mimo protest\u00f3w na\u0142o\u017c\u0105 ci strawy,<br \/>\nskubnij tylko, a reszt\u0119 daj psu do zabawy.<br \/>\nTo\u017c samo z napitkami &#8211; pochwal barw\u0119, zapach,<br \/>\nlecz puchar si\u0119 niech w twoich nie pojawi \u0142apach,<br \/>\nbo czego nie wypijesz przez wizyt\u0119 ca\u0142\u0105,<br \/>\nb\u0119dzie cnym gospodarzom pociech\u0105 niema\u0142\u0105.<br \/>\nTako\u017c i pani domu nie u\u017cyj niebacznie,<br \/>\ncho\u0107by i ta niewiasta wygl\u0105da\u0142a smacznie,<br \/>\na nade wszystko nie sied\u017a przez d\u0142ugie godziny,<br \/>\nbo taki go\u015b\u0107 straszniejszy od starej w\u0119dliny!<\/p>\n","protected":false},"excerpt":{"rendered":"<p>Go\u015bciu, si\u0105d\u017a przy mym stole i b\u0105d\u017a idea\u0142em, znaczy: odmawiaj \u017carcia swym jestestwem ca\u0142em, a jak mimo protest\u00f3w na\u0142o\u017c\u0105 ci strawy, skubnij tylko, a reszt\u0119 daj psu do zabawy. To\u017c samo z napitkami &#8211; pochwal barw\u0119, zapach, lecz puchar si\u0119 niech w twoich nie pojawi \u0142apach, bo czego nie wypijesz przez wizyt\u0119 ca\u0142\u0105, b\u0119dzie cnym gospodarzom pociech\u0105 niema\u0142\u0105. Tako\u017c i pani domu nie u\u017cyj niebacznie, cho\u0107by i ta niewiasta wygl\u0105da\u0142a smacznie, a nade wszystko nie sied\u017a przez d\u0142ugie godziny, bo taki go\u015b\u0107 straszniejszy od starej w\u0119dliny!<\/p>\n","protected":false},"author":274,"featured_media":0,"parent":3,"menu_order":0,"comment_status":"open","ping_status":"open","template":"wiersze1.php","meta":{"footnotes":""},"class_list":["post-212","page","type-page","status-publish","hentry"],"_links":{"self":[{"href":"https:\/\/blog-bobika.eu\/index.php?rest_route=\/wp\/v2\/pages\/212","targetHints":{"allow":["GET"]}}],"collection":[{"href":"https:\/\/blog-bobika.eu\/index.php?rest_route=\/wp\/v2\/pages"}],"about":[{"href":"https:\/\/blog-bobika.eu\/index.php?rest_route=\/wp\/v2\/types\/page"}],"author":[{"embeddable":true,"href":"https:\/\/blog-bobika.eu\/index.php?rest_route=\/wp\/v2\/users\/274"}],"replies":[{"embeddable":true,"href":"https:\/\/blog-bobika.eu\/index.php?rest_route=%2Fwp%2Fv2%2Fcomments&post=212"}],"version-history":[{"count":0,"href":"https:\/\/blog-bobika.eu\/index.php?rest_route=\/wp\/v2\/pages\/212\/revisions"}],"up":[{"embeddable":true,"href":"https:\/\/blog-bobika.eu\/index.php?rest_route=\/wp\/v2\/pages\/3"}],"wp:attachment":[{"href":"https:\/\/blog-bobika.eu\/index.php?rest_route=%2Fwp%2Fv2%2Fmedia&parent=212"}],"curies":[{"name":"wp","href":"https:\/\/api.w.org\/{rel}","templated":true}]}}