{"id":203,"date":"2009-05-08T19:58:48","date_gmt":"2009-05-08T17:58:48","guid":{"rendered":"http:\/\/blog-bobika.eu\/?page_id=203"},"modified":"2009-05-08T19:58:48","modified_gmt":"2009-05-08T17:58:48","slug":"wierszyk-na-nogi","status":"publish","type":"page","link":"https:\/\/blog-bobika.eu\/?page_id=203","title":{"rendered":"Wierszyk na nogi"},"content":{"rendered":"<p>To jest wierszyk na nogi z\u0142amane,<br \/>\nco wywierszy\u0142 mi dzi\u015b si\u0119 nad ranem,<br \/>\na w nim kostnej substancji do syta,<br \/>\nbez galaret, jak kto\u015b by si\u0119 pyta\u0142,<br \/>\nza to z kop\u0105 ogonem machanek,<br \/>\nkt\u00f3re \u015bwietnie przyspiesz\u0105 zrost tkanek.<br \/>\nJest ponadto w tym kr\u00f3tkim wierszyku<br \/>\nsi\u0142y ducha niezb\u0119dnej bez liku,<br \/>\nbo jak s\u0142abnie w z\u0142amanej ko\u0144czynie<br \/>\nduch, to marnie si\u0119 sprawa rozwinie.<br \/>\nOpr\u00f3cz tego jest jeszcze przestroga,<br \/>\n\u017ce, by zros\u0142a porz\u0105dnie si\u0119 noga,<br \/>\ntrzeba my\u015bli pochmurne przegania\u0107<br \/>\ni uparcie si\u0119 strzec za\u0142amania,<br \/>\nbowiem \u017ale wp\u0142ywa to na z\u0142amanie.<br \/>\nA \u017ce chodzi\u0107 jest trudno w tym stanie,<br \/>\nto na pierwszych, nie\u015bmia\u0142ych spacerach<br \/>\ntym wierszykiem si\u0119 mo\u017cna podpiera\u0107.<\/p>\n","protected":false},"excerpt":{"rendered":"<p>To jest wierszyk na nogi z\u0142amane, co wywierszy\u0142 mi dzi\u015b si\u0119 nad ranem, a w nim kostnej substancji do syta, bez galaret, jak kto\u015b by si\u0119 pyta\u0142, za to z kop\u0105 ogonem machanek, kt\u00f3re \u015bwietnie przyspiesz\u0105 zrost tkanek. Jest ponadto w tym kr\u00f3tkim wierszyku si\u0142y ducha niezb\u0119dnej bez liku, bo jak s\u0142abnie w z\u0142amanej ko\u0144czynie duch, to marnie si\u0119 sprawa rozwinie. Opr\u00f3cz tego jest jeszcze przestroga, \u017ce, by zros\u0142a porz\u0105dnie si\u0119 noga, trzeba my\u015bli pochmurne przegania\u0107 i uparcie si\u0119 strzec za\u0142amania, bowiem \u017ale wp\u0142ywa to na z\u0142amanie. A \u017ce chodzi\u0107 jest trudno w tym stanie, to na pierwszych, nie\u015bmia\u0142ych spacerach [&hellip;]<\/p>\n","protected":false},"author":274,"featured_media":0,"parent":4,"menu_order":0,"comment_status":"open","ping_status":"open","template":"wiersze2.php","meta":{"footnotes":""},"class_list":["post-203","page","type-page","status-publish","hentry"],"_links":{"self":[{"href":"https:\/\/blog-bobika.eu\/index.php?rest_route=\/wp\/v2\/pages\/203","targetHints":{"allow":["GET"]}}],"collection":[{"href":"https:\/\/blog-bobika.eu\/index.php?rest_route=\/wp\/v2\/pages"}],"about":[{"href":"https:\/\/blog-bobika.eu\/index.php?rest_route=\/wp\/v2\/types\/page"}],"author":[{"embeddable":true,"href":"https:\/\/blog-bobika.eu\/index.php?rest_route=\/wp\/v2\/users\/274"}],"replies":[{"embeddable":true,"href":"https:\/\/blog-bobika.eu\/index.php?rest_route=%2Fwp%2Fv2%2Fcomments&post=203"}],"version-history":[{"count":0,"href":"https:\/\/blog-bobika.eu\/index.php?rest_route=\/wp\/v2\/pages\/203\/revisions"}],"up":[{"embeddable":true,"href":"https:\/\/blog-bobika.eu\/index.php?rest_route=\/wp\/v2\/pages\/4"}],"wp:attachment":[{"href":"https:\/\/blog-bobika.eu\/index.php?rest_route=%2Fwp%2Fv2%2Fmedia&parent=203"}],"curies":[{"name":"wp","href":"https:\/\/api.w.org\/{rel}","templated":true}]}}