{"id":202,"date":"2009-05-08T19:55:50","date_gmt":"2009-05-08T17:55:50","guid":{"rendered":"http:\/\/blog-bobika.eu\/?page_id=202"},"modified":"2015-08-28T14:51:33","modified_gmt":"2015-08-28T12:51:33","slug":"nosorozec-2","status":"publish","type":"page","link":"https:\/\/blog-bobika.eu\/?page_id=202","title":{"rendered":"Nosoro\u017cec"},"content":{"rendered":"<p>Z tym nosoro\u017ccem nie ma lekko,<br \/>\nwszelkim regu\u0142om si\u0119 wymyka.<br \/>\nNa pr\u00f3\u017cno chcesz go upi\u0107 setk\u0105 &#8211;<br \/>\non ju\u017c jest w obu Amerykach.<br \/>\nNa pr\u00f3\u017cno chcesz go karmi\u0107 curry &#8211;<br \/>\non ju\u017c si\u0119 zjawi\u0142 w filharmonii<br \/>\ni w pasie okr\u0119caj\u0105c sari,<br \/>\nna \u0142y\u017cwach malamuta goni.<br \/>\nA gdy po niego mkniesz na dworzec,<br \/>\nlub do\u0144 pr\u00f3bujesz si\u0119 dodzwoni\u0107,<br \/>\nto nagle znika nosoro\u017cec,<br \/>\nbo cichcem zaszy\u0142 si\u0119 w\u015br\u00f3d s\u0142oni.<\/p>\n","protected":false},"excerpt":{"rendered":"<p>Z tym nosoro\u017ccem nie ma lekko, wszelkim regu\u0142om si\u0119 wymyka. Na pr\u00f3\u017cno chcesz go upi\u0107 setk\u0105 &#8211; on ju\u017c jest w obu Amerykach. Na pr\u00f3\u017cno chcesz go karmi\u0107 curry &#8211; on ju\u017c si\u0119 zjawi\u0142 w filharmonii i w pasie okr\u0119caj\u0105c sari, na \u0142y\u017cwach malamuta goni. A gdy po niego mkniesz na dworzec, lub do\u0144 pr\u00f3bujesz si\u0119 dodzwoni\u0107, to nagle znika nosoro\u017cec, bo cichcem zaszy\u0142 si\u0119 w\u015br\u00f3d s\u0142oni.<\/p>\n","protected":false},"author":274,"featured_media":0,"parent":2567,"menu_order":0,"comment_status":"open","ping_status":"open","template":"wiersze_animalia.php","meta":{"footnotes":""},"class_list":["post-202","page","type-page","status-publish","hentry"],"_links":{"self":[{"href":"https:\/\/blog-bobika.eu\/index.php?rest_route=\/wp\/v2\/pages\/202","targetHints":{"allow":["GET"]}}],"collection":[{"href":"https:\/\/blog-bobika.eu\/index.php?rest_route=\/wp\/v2\/pages"}],"about":[{"href":"https:\/\/blog-bobika.eu\/index.php?rest_route=\/wp\/v2\/types\/page"}],"author":[{"embeddable":true,"href":"https:\/\/blog-bobika.eu\/index.php?rest_route=\/wp\/v2\/users\/274"}],"replies":[{"embeddable":true,"href":"https:\/\/blog-bobika.eu\/index.php?rest_route=%2Fwp%2Fv2%2Fcomments&post=202"}],"version-history":[{"count":1,"href":"https:\/\/blog-bobika.eu\/index.php?rest_route=\/wp\/v2\/pages\/202\/revisions"}],"predecessor-version":[{"id":2591,"href":"https:\/\/blog-bobika.eu\/index.php?rest_route=\/wp\/v2\/pages\/202\/revisions\/2591"}],"up":[{"embeddable":true,"href":"https:\/\/blog-bobika.eu\/index.php?rest_route=\/wp\/v2\/pages\/2567"}],"wp:attachment":[{"href":"https:\/\/blog-bobika.eu\/index.php?rest_route=%2Fwp%2Fv2%2Fmedia&parent=202"}],"curies":[{"name":"wp","href":"https:\/\/api.w.org\/{rel}","templated":true}]}}