{"id":1996,"date":"2014-11-05T23:52:12","date_gmt":"2014-11-05T22:52:12","guid":{"rendered":"http:\/\/blog-bobika.eu\/?page_id=1996"},"modified":"2014-11-06T21:10:31","modified_gmt":"2014-11-06T20:10:31","slug":"sprosliki-muzyczne","status":"publish","type":"page","link":"https:\/\/blog-bobika.eu\/?page_id=1996","title":{"rendered":"Chutliki muzyczne"},"content":{"rendered":"<br \/>\n<h5>\n      zeen<br \/>\n    <\/h5>\n<p>Raz zobaczy\u0142 ty\u0142ki trzy<br \/>\n    Debussy, Debussy<br \/>\n    jeden to by\u0142 Offenbacha<br \/>\n    drugi Sebastiana Bacha<br \/>\n    trzeci ty\u0142ek strasznie twardy<br \/>\n    tej, no, z Bingen Hildegardy.<br \/>\n    W tajemnicy trzyma\u0107 b\u0119d\u0119,<br \/>\n    w kt\u00f3ry ty\u0142ek wsadzi\u0142 d\u017cender\u2026<\/p>\n<hr>\n<h5>\n      Bobik<br \/>\n    <\/h5>\n<p>Dobry\u015b tylko kiedy\u015b golas,<br \/>\n    rzek\u0142 raz krzy\u017cyk do bemola.<br \/>\n    \u201eZa seks \u017c\u0105da du\u017cej kwoty\u201d,<br \/>\n    skar\u017cy\u0142y si\u0119 alikwoty.<br \/>\n    Nie zer\u017cn\u0119 ci\u0119. C\u00f3\u017c, inercja,<br \/>\n    do septymy rzek\u0142a tercja.<br \/>\n    Na \u0142echtanie jestem czu\u0142a,<br \/>\n    krygowa\u0142a si\u0119 krzywu\u0142a.<br \/>\n    Flet czy ro\u017cek? Bior\u0119 obu,<br \/>\n    zakrzykn\u0105\u0142 mi\u0142osny ob\u00f3j.<br \/>\n    Presto, presto! Teraz gola!<br \/>\n    pod szpinetem dyszy wiola.<br \/>\n    Za fujark\u0119 tw\u0105 dam z\u0142oto,<br \/>\n    rozochoci\u0142 si\u0119 rototom.<\/p>\n<hr>\n<h5>\n      zeen<br \/>\n    <\/h5>\n<p>Dziwsi\u0119tym\u0119to opus drugie:<br \/>\n    \u015apiewak mo\u017ce \u015bpiewa\u0107 basem<br \/>\n    ale sika\u0107 tym, no\u2026<\/p>\n<hr>\n<h5>\n      Bobik<br \/>\n    <\/h5>\n<p>Od Ja\u015bka lepsza Maryna,<br \/>\n    stwierdzi\u0142a raz okaryna.<\/p>\n<hr>\n<p>    Dobrze robi\u0119 wszystkim \u017conom,<br \/>\n    reklamowa\u0142 si\u0119 metronom.<\/p>\n<hr>\n<p>    Umiem wsadzi\u0107 nawet ch\u0142opu,<br \/>\n    z przekonaniem twierdzi\u0142 opus.<\/p>\n<hr>\n<p>    Czu\u0142y seks to moja sprawka,<br \/>\n    zagrucha\u0142a raz gruchawka.<\/p>\n<hr>\n<h5>\n      zeen<br \/>\n    <\/h5>\n<p>Dziwsietym\u0119to opus czecie:<br \/>\n    Jak\u017ce pi\u0119knie te nuty-niecnoty<br \/>\n    rozchylaj\u0105 dr\u017c\u0105ce alikwoty<br \/>\n    mi\u0119dzy nie on w\u015blizguje zbyt \u015bmia\u0142o-<br \/>\n    kompozytor, bezczelne swe cia\u0142o<\/p>\n<hr>\n<h5>\n      Nisia<br \/>\n    <\/h5>\n<p>Lubi\u0119 czasem<br \/>\n    z kontrabasem.<\/p>\n<hr>\n<p>    G\u017cenia nigdy nie za wiele,<br \/>\n    zachwyci\u0142y si\u0119 czynele.<\/p>\n<hr>\n<h5>\n      zeen<br \/>\n    <\/h5>\n<p>Sopranistk\u0119 zaprosi\u0142 do chaty<br \/>\n    i herbat\u0119 biednej mieli z maty\u2026<\/p>\n<hr>\n<h5>\n      Nisia<br \/>\n    <\/h5>\n<p>Lubi\u0119 tuby mi\u0119kk\u0105 g\u0142\u0119bi\u0119,<br \/>\n    si\u0119 rozmarzy\u0142 wielki b\u0119ben.<\/p>\n<hr>\n<p>    Lubi\u0119 piepsy\u0107, byle duzo,<br \/>\n    zasepleni\u0142 stary puzon.<\/p>\n<hr>\n<p>    Puzon to jest kawa\u0142 fiuta,<br \/>\n    oburzy\u0142a si\u0119 batuta.<\/p>\n<hr>\n<h5>\n      zeen<br \/>\n    <\/h5>\n<p>Wi\u0119cej kalafonii \u017cycz\u0119<br \/>\n    rzek\u0142 zwisaj\u0105c sm\u0119tnie smyczek\u2026<\/p>\n<hr>\n<p>    Gdy ssi\u0119 cycka \u2013 skala dorycka<br \/>\n    gdy dziewczyna polska \u2013 skala eolska<br \/>\n    gdy mi\u0142o\u015b\u0107 lesbijska \u2013 to skala frygijska<br \/>\n    gdy zdradza zona \u2013 to wielki dysonans<br \/>\n    za to gdy m\u0105\u017c \u2013 niech tak b\u0119dzie wci\u0105\u017c!<\/p>\n<hr>\n<p>    Tylko pod krzy\u017cykiem, tylko pod tym znakiem<br \/>\n    bemol ma szans\u0119 pozosta\u0107 Polakiem<\/p>\n","protected":false},"excerpt":{"rendered":"<p>zeen Raz zobaczy\u0142 ty\u0142ki trzy Debussy, Debussy jeden to by\u0142 Offenbacha drugi Sebastiana Bacha trzeci ty\u0142ek strasznie twardy tej, no, z Bingen Hildegardy. W tajemnicy trzyma\u0107 b\u0119d\u0119, w kt\u00f3ry ty\u0142ek wsadzi\u0142 d\u017cender\u2026 Bobik Dobry\u015b tylko kiedy\u015b golas, rzek\u0142 raz krzy\u017cyk do bemola. \u201eZa seks \u017c\u0105da du\u017cej kwoty\u201d, skar\u017cy\u0142y si\u0119 alikwoty. Nie zer\u017cn\u0119 ci\u0119. C\u00f3\u017c, inercja, do septymy rzek\u0142a tercja. Na \u0142echtanie jestem czu\u0142a, krygowa\u0142a si\u0119 krzywu\u0142a. Flet czy ro\u017cek? Bior\u0119 obu, zakrzykn\u0105\u0142 mi\u0142osny ob\u00f3j. Presto, presto! Teraz gola! pod szpinetem dyszy wiola. Za fujark\u0119 tw\u0105 dam z\u0142oto, rozochoci\u0142 si\u0119 rototom. zeen Dziwsi\u0119tym\u0119to opus drugie: \u015apiewak mo\u017ce \u015bpiewa\u0107 basem ale sika\u0107 [&hellip;]<\/p>\n","protected":false},"author":274,"featured_media":0,"parent":0,"menu_order":0,"comment_status":"open","ping_status":"open","template":"","meta":{"footnotes":""},"class_list":["post-1996","page","type-page","status-publish","hentry"],"_links":{"self":[{"href":"https:\/\/blog-bobika.eu\/index.php?rest_route=\/wp\/v2\/pages\/1996","targetHints":{"allow":["GET"]}}],"collection":[{"href":"https:\/\/blog-bobika.eu\/index.php?rest_route=\/wp\/v2\/pages"}],"about":[{"href":"https:\/\/blog-bobika.eu\/index.php?rest_route=\/wp\/v2\/types\/page"}],"author":[{"embeddable":true,"href":"https:\/\/blog-bobika.eu\/index.php?rest_route=\/wp\/v2\/users\/274"}],"replies":[{"embeddable":true,"href":"https:\/\/blog-bobika.eu\/index.php?rest_route=%2Fwp%2Fv2%2Fcomments&post=1996"}],"version-history":[{"count":5,"href":"https:\/\/blog-bobika.eu\/index.php?rest_route=\/wp\/v2\/pages\/1996\/revisions"}],"predecessor-version":[{"id":2015,"href":"https:\/\/blog-bobika.eu\/index.php?rest_route=\/wp\/v2\/pages\/1996\/revisions\/2015"}],"wp:attachment":[{"href":"https:\/\/blog-bobika.eu\/index.php?rest_route=%2Fwp%2Fv2%2Fmedia&parent=1996"}],"curies":[{"name":"wp","href":"https:\/\/api.w.org\/{rel}","templated":true}]}}