{"id":199,"date":"2009-05-08T19:51:08","date_gmt":"2009-05-08T17:51:08","guid":{"rendered":"http:\/\/blog-bobika.eu\/?page_id=199"},"modified":"2015-08-28T14:56:05","modified_gmt":"2015-08-28T12:56:05","slug":"szpileczki","status":"publish","type":"page","link":"https:\/\/blog-bobika.eu\/?page_id=199","title":{"rendered":"Szpileczki"},"content":{"rendered":"<p>Co dobrym lekarstwem na smutki pieseczka?<br \/>\nCzerwona, zwie\u0144czona obcasem szpileczka,<br \/>\na w jej \u015brodku zapach znajomy si\u0119 mo\u015bci:<br \/>\nno, ca\u0142kiem jak pa\u0144cia to pachnie, wci\u00f3rno\u015bci!<br \/>\nI gdy t\u0119 szpileczk\u0119 pieseczek po\u017cuje,<br \/>\nto zaraz mu ra\u017aniej, ju\u017c lepiej si\u0119 czuje.<br \/>\nCo jeszcze za\u015b lepsze jest na psie smuteczki?<br \/>\nGdy dwie s\u0105 do \u017cucia czerwone szpileczki.<\/p>\n","protected":false},"excerpt":{"rendered":"<p>Co dobrym lekarstwem na smutki pieseczka? Czerwona, zwie\u0144czona obcasem szpileczka, a w jej \u015brodku zapach znajomy si\u0119 mo\u015bci: no, ca\u0142kiem jak pa\u0144cia to pachnie, wci\u00f3rno\u015bci! I gdy t\u0119 szpileczk\u0119 pieseczek po\u017cuje, to zaraz mu ra\u017aniej, ju\u017c lepiej si\u0119 czuje. Co jeszcze za\u015b lepsze jest na psie smuteczki? Gdy dwie s\u0105 do \u017cucia czerwone szpileczki.<\/p>\n","protected":false},"author":274,"featured_media":0,"parent":2563,"menu_order":0,"comment_status":"open","ping_status":"open","template":"wiersze_PSB.php","meta":{"footnotes":""},"class_list":["post-199","page","type-page","status-publish","hentry"],"_links":{"self":[{"href":"https:\/\/blog-bobika.eu\/index.php?rest_route=\/wp\/v2\/pages\/199","targetHints":{"allow":["GET"]}}],"collection":[{"href":"https:\/\/blog-bobika.eu\/index.php?rest_route=\/wp\/v2\/pages"}],"about":[{"href":"https:\/\/blog-bobika.eu\/index.php?rest_route=\/wp\/v2\/types\/page"}],"author":[{"embeddable":true,"href":"https:\/\/blog-bobika.eu\/index.php?rest_route=\/wp\/v2\/users\/274"}],"replies":[{"embeddable":true,"href":"https:\/\/blog-bobika.eu\/index.php?rest_route=%2Fwp%2Fv2%2Fcomments&post=199"}],"version-history":[{"count":1,"href":"https:\/\/blog-bobika.eu\/index.php?rest_route=\/wp\/v2\/pages\/199\/revisions"}],"predecessor-version":[{"id":2593,"href":"https:\/\/blog-bobika.eu\/index.php?rest_route=\/wp\/v2\/pages\/199\/revisions\/2593"}],"up":[{"embeddable":true,"href":"https:\/\/blog-bobika.eu\/index.php?rest_route=\/wp\/v2\/pages\/2563"}],"wp:attachment":[{"href":"https:\/\/blog-bobika.eu\/index.php?rest_route=%2Fwp%2Fv2%2Fmedia&parent=199"}],"curies":[{"name":"wp","href":"https:\/\/api.w.org\/{rel}","templated":true}]}}