{"id":1978,"date":"2014-11-04T00:45:00","date_gmt":"2014-11-03T23:45:00","guid":{"rendered":"http:\/\/blog-bobika.eu\/?page_id=1978"},"modified":"2014-11-04T02:10:57","modified_gmt":"2014-11-04T01:10:57","slug":"rozpasance-sztumsko-islandzkie","status":"publish","type":"page","link":"https:\/\/blog-bobika.eu\/?page_id=1978","title":{"rendered":"Rozpasa\u0144ce sztumsko-islandzkie"},"content":{"rendered":"<br \/>\n<h5>\n      vesper<br \/>\n    <\/h5>\n<p>\n      Pewien d\u017centelmen w Sztumie<br \/>\n      Zwyk\u0142 robi\u0107 tylko to, co umie<br \/>\n      \u017be by\u0142o to niewiele<br \/>\n      Pracowa\u0142 tylko w niedziele<br \/>\n      Pozosta\u0142e dni sp\u0119dzaj\u0105c w zadumie\n    <\/p>\n<hr>\n<p>\n      Pewien mieszkaniec Sztumu<br \/>\n      Mia\u0142 bardzo niewiele rozumu<br \/>\n      Przechodz\u0105c przez ulic\u0119<br \/>\n      Ods\u0142ania\u0142 przy\u0142bic\u0119<br \/>\n      Krzycz\u0105c g\u0142o\u015bno \u201enon possumus\u201d\n    <\/p>\n<hr>\n<p>\n      W\u00f3jt pewnej gminy pod Sztumem<br \/>\n      Zaprag\u0105\u0142 mie\u0107 w\u0142asn\u0105 lagun\u0119<br \/>\n      Zbudowa\u0142 sztuczn\u0105 sadzawk\u0119<br \/>\n      Wysia\u0142 wok\u00f3\u0142 trawk\u0119<br \/>\n      Sadzawke na razie zarybia sumem\n    <\/p>\n<hr>\n<h5>\n      Bobik<br \/>\n    <\/h5>\n<p>\n      Pewna diva je\u017adzi\u0142a do Sztumu,<br \/>\n      za podszeptem serca i rozumu &#8211;<br \/>\n      \u017ce nie by\u0142a to Callas,<br \/>\n      Sztum by\u0142 dla niej jak znalaz\u0142,<br \/>\n      tam budzi\u0142a uwielbienie t\u0142umu.\n    <\/p>\n<hr>\n<p>\n      W bogobojnym ze wszech miar Sztumie<br \/>\n      kum do kuma powiedzia\u0142: kumie,<br \/>\n      kalendarzyk to bzdecik,<br \/>\n      z niego wszystkie me dzieci,<br \/>\n      chyba jednak zaufam gumie.\n    <\/p>\n<hr>\n<p>\n      Pewien proboszcz z miejscowo\u015bci Sztum<br \/>\n      zadba\u0142 kiedy\u015b o medialny szum,<br \/>\n      m\u00f3wi\u0105c: mnie odrzuca wino<br \/>\n      i to w\u0142a\u015bnie jest przyczyn\u0105,<br \/>\n      \u017ce zamieniam je na mszalny rum.\n    <\/p>\n<hr>\n<p>\n      Zawsze wart jest pisania Sztum,<br \/>\n      na Sztum jest nieustanny boom,<br \/>\n      zatem kto tylko umie,<br \/>\n      niechaj pisze o Sztumie<br \/>\n      i nie robi tu fum\u00f3w ni fum.\n    <\/p>\n<hr>\n<p>\n      Kiedy\u015b rzek\u0142a Vesper: nie rozumiem,<br \/>\n      czemu my\u015bl wci\u0105\u017c utyka mi w Sztumie,<br \/>\n      ci\u0105gle co\u015b z nim rymuj\u0119,<br \/>\n      a tu nikt nie wsp\u00f3\u0142czuje<br \/>\n      i nie stawia tamy tej d\u017cumie.\n    <\/p>\n<hr>\n<p>\n      Poczynania w\u00f3jta pod Sztumem,<br \/>\n      wbi\u0142y Sztumian w zas\u0142u\u017con\u0105 dum\u0119.<br \/>\n      Grupa tych dobrych ludzi,<br \/>\n      \u017ceby sum si\u0119 nie nudzi\u0142<br \/>\n      do zabawy kupi\u0142a mu pum\u0119.\n    <\/p>\n<hr>\n<h5>\n      Dora<br \/>\n    <\/h5>\n<p>\n      Raz pewna pani pod Sztumem<br \/>\n      Na \u0142\u00f3dce swej wioz\u0142a pum\u0119.<br \/>\n      Prawie jak w \u201e\u017byciu Pi\u201d,<br \/>\n      Wo\u0142a\u0142a do\u0144: m\u00f3wi\u0119 ci,<br \/>\n      B\u0105d\u017a dobra i oddaj cum\u0119!\n    <\/p>\n<hr>\n<h5>\n      vesper<br \/>\n    <\/h5>\n<p>\n      Chodzi \u0141ajza z dwiema pumami<br \/>\n      My\u015bli \u201eCo zrobi\u0107 z tymi kotami\u201d<br \/>\n      Posadzi\u0142a jedn\u0105 na \u0142odzi<br \/>\n      Teraz z drug\u0105 tylko chodzi<br \/>\n      I duma, czy puma lubi si\u0119 bawi\u0107 z sumami\n    <\/p>\n<hr>\n<h5>\n      Bobik<br \/>\n    <\/h5>\n<p>\n      Samodzielny rolnik pod Sztumem<br \/>\n      produkowa\u0107 zacz\u0105\u0142 perfum\u0119,<br \/>\n      cho\u0107 narobi\u0142 jej beczk\u0119,<br \/>\n      sprzeda\u0142 tylko troszeczk\u0119,<br \/>\n      bo ju\u017c bardzo si\u0119 spieszy\u0142 na sum\u0119.\n    <\/p>\n<hr>\n<p>\n      Gdy m\u0105\u017c Vesper pojecha\u0142 do Sztumu,<br \/>\n      spowodowa\u0142 okropny tumult,<br \/>\n      krzycza\u0142 ka\u017cdy do niego:<br \/>\n      gdzie ma\u0142\u017conka, kolego?<br \/>\n      A on: w \u0142\u00f3\u017cku z rymem. Bez kostiumu!\n    <\/p>\n<hr>\n<h5>\n      zeen<br \/>\n    <\/h5>\n<p>\n      Na ten widok si\u0119 rym zarumieni\u0142<br \/>\n      co\u015b posztywnia\u0142, wypr\u0119\u017cy\u0142, no, zmieni\u0142<br \/>\n      z jakby wi\u0119ksz\u0105 ochot\u0105<br \/>\n      zaj\u0105\u0142 si\u0119 sw\u0105 robot\u0105<br \/>\n      kto\u015b nareszcie tu Vesper doceni\u0142\n    <\/p>\n<hr>\n<p>\n      Ile mo\u017cna wci\u0105\u017c pisa\u0107 o Sztumie,<br \/>\n      popisywa\u0107 si\u0119, co to cz\u0142ek umie,<br \/>\n      swoje wysi\u0142ki lepiej<br \/>\n      tam kierowa\u0107, by cieplej<br \/>\n      si\u0119 zrobi\u0142o, jak cho\u0107by w Chartumie\n    <\/p>\n<hr>\n<p>\n      Vesper to babka w dech\u0119 jak rym<br \/>\n      ka\u017cdy ch\u0142op p\u00f3jdzie za ni\u0105 jak w dym<br \/>\n      lecz gdy ch\u0142op \u00f3w nie umie<br \/>\n      zarymowa\u0107 o Sztumie<br \/>\n      to jedynym jest wyj\u015bciem Jim Beam\n    <\/p>\n<hr>\n<p>\n      Kiedy Vesper jest ob\u0142o\u017cnie chora<br \/>\n      to z za\u015bwiat\u00f3w na \u015bwiat wysz\u0142a zmora<br \/>\n      m\u0119\u017ca Vesper zsztumi\u0142a<br \/>\n      w wierzbie gniazdko uwi\u0142a<br \/>\n      zasi\u0119 na si\u0119 szuka amatora\n    <\/p>\n<hr>\n<p>\n      Pewien kot, przy tym doktor \u2013 Mordechaj<br \/>\n      dawno w \u017cyciu swym rym\u00f3w poniecha\u0142<br \/>\n      kiedy\u015b leczy\u0142 przez dotyk<br \/>\n      teraz przez antybiotyk<br \/>\n      \u017cadna z takiego kota pociecha\u2026\n    <\/p>\n<hr>\n<h5>\n      vesper<br \/>\n    <\/h5>\n<p>\n      W niewielkim mie\u015bcie Sau?\u00e1rkr\u00f3kur<br \/>\n      W jezdniach jest strasznie du\u017co dziur<br \/>\n      Kto w dziur\u0119 wpada\u0142<br \/>\n      Ten bez wie\u015bci przepada\u0142<br \/>\nWzd\u0142u\u017c kraw\u0119\u017cnika wzniesiono wi\u0119c mur.\n    <\/p>\n<hr>\n<p>\n      Przy wszystkich drogach w Eyrarbakki<br \/>\n      Do g\u00f3ry nogami postawiono znaki<br \/>\n      A gdy kierowcy swymi autami<br \/>\n      Zacz\u0119li je\u017adzi\u0107 do g\u00f3ry ko\u0142ami<br \/>\n      Obr\u00f3cono znaki, nie na z\u0142o\u015b\u0107, lecz dla draki\n    <\/p>\n<hr>\n<p>\n      Nauczyciel przyrody z Grindav\u00edku<br \/>\n      Nie m\u00f3g\u0142 si\u0119 pozby\u0107 pewnego nawyku<br \/>\n      Gdy przekracza\u0142 pr\u00f3g szko\u0142y<br \/>\n      Rozchyla\u0142 p\u0142aszcza po\u0142y<br \/>\n      Wo\u0142aj\u0105c \u201eniech ci\u0119 przytul\u0119, ch\u0142opczyku\u201d\n    <\/p>\n<hr>\n<p>\n      My\u015bliwemu z Vogar<br \/>\n      Zagin\u0105\u0142 w lesie ogar<br \/>\n      Lecz las by\u0142 do dupy<br \/>\n      Trzy drzewa do kupy<br \/>\n      Bo taki Islandii ju\u017c czar\n    <\/p>\n<hr>\n<p>\n      Introligatorowi z Heimaey<br \/>\n      Zabrak\u0142o pieni\u0119dzy na klej<br \/>\n      Zespala\u0142 wi\u0119c ksi\u0105\u017cki<br \/>\n      Za pomoc\u0105 wst\u0105\u017cki<br \/>\n      A biznes mu szed\u0142 \u017ce a\u017c hej\n    <\/p>\n<hr>\n<p>\n      W Llanfairpwllgwyngyllgogerychwyrndrobwllllantysiliogogogoch<br \/>\n      Og\u0142oszono konkurs na wiklinowy kosz<br \/>\n      I w zimie, i w lecie<br \/>\n      Kto mo\u017ce, ten plecie<br \/>\n      A potem go sprzeda za grosz\n    <\/p>\n<hr>\n<p>\n      Duchownemu z Hella<br \/>\n      D\u0142u\u017cy\u0142a si\u0119 niedziela<br \/>\n      Zamiast j\u0105 \u015bwi\u0119ci\u0107<br \/>\n      Zacz\u0105\u0142 si\u0119 kr\u0119ci\u0107<br \/>\n      Po okolicznych burdelach\n    <\/p>\n<hr>\n<p>\n      Obywatele B\u00edldudalur<br \/>\n      S\u0142yn\u0119li z gadania bzdur<br \/>\n      Gdy si\u0119 odezwa\u0142 kt\u00f3ry<br \/>\n      Z ust p\u0142yn\u0119\u0142y mu bzdury<br \/>\n      Ka\u017cdy wi\u0119c pi\u0142 na um\u00f3r\n    <\/p>\n<hr>\n<p>\n      Burmistrz miasta Bifr\u00f6st<br \/>\n      Chcia\u0142 wybudowa\u0107 most<br \/>\n      Wobec braku rzeki<br \/>\n      Ods\u0142oni\u0142 dwa \u015bcieki<br \/>\n      Teraz co dzie\u0144 na mo\u015bcie je tost\n    <\/p>\n<hr>\n<h5>\n      Bobik<br \/>\n    <\/h5>\n<p>\n      Dw\u00f3ch Islandczyk\u00f3w w Seltjarnarnes<br \/>\n      \u015bpiewa\u0142o g\u0142o\u015bno \u201eOczy czarne\u201d,<br \/>\n      w rytmie jakby fokstrota,<br \/>\n      chocia\u017c gejzer bulgota\u0142,<br \/>\n      \u017ce to wykonanie dosy\u0107 marne.\n    <\/p>\n<hr>\n<p>\n      Pewien facet w Reykjaviku<br \/>\n      wieloryba trzyma\u0142 w s\u0142oiku.<br \/>\n      Ciasno mi \u2013 rzek\u0142o zwierz\u0119,<br \/>\n      facet na to: ja wierz\u0119,<br \/>\n      ale w wannie jest s\u0142o\u0144, wi\u0119c nie r\u00f3b krzyku.\n    <\/p>\n<hr>\n<p>\n      Przedsi\u0119borca z Egilssta?ir<br \/>\n      traktowany by\u0142 jako \u015bwir,<br \/>\n      bo kupowa\u0107 ziemniak\u00f3w<br \/>\n      nie chcia\u0142 od swych rodak\u00f3w,<br \/>\n      tylko zwozi\u0142 z Polski tony pyr.\n    <\/p>\n<hr>\n<p>\n      A zn\u00f3w inny go\u015bcio z Akranes,<br \/>\n      co pracowa\u0142 na nocn\u0105 zmian\u0119,<br \/>\n      przy pr\u0119dko\u015bci du\u017cej<br \/>\n      biega\u0142 przez ka\u0142u\u017ce<br \/>\n      i si\u0119 dziwi\u0142, \u017ce ma przechlapane.\n    <\/p>\n<hr>\n<p>\n      G\u0142osi wie\u015b\u0107, \u017ce w H\u00fanavatnshreppurze<br \/>\n      odm\u00f3wiono kiedy\u015b Kiepurze<br \/>\n      za \u015bpiewanie zap\u0142aty,<br \/>\n      lecz by nie poni\u00f3s\u0142 straty,<br \/>\n      kilka razy mu padni\u0119to do n\u00f3\u017cek.\n    <\/p>\n<hr>\n<p>\n      Nadaktywny kot z Alftanesgigar<br \/>\n      bez pomocy wdrapa\u0142 si\u0119 na d\u017awigar.<br \/>\n      Teraz k\u0142opot z tym kotem,<br \/>\n      sam nie zlezie z powrotem,<br \/>\n      tylko siedzi i SOS miga.\n    <\/p>\n<hr>\n<p>\n      Pewna pani z Atnarstapi<br \/>\n      na drzwiach mia\u0142a taki napis:<br \/>\n      nie jestem ja pud\u0142o,<br \/>\n      mam gor\u0105ce \u017ar\u00f3d\u0142o,<br \/>\n      i co, \u017ce si\u0119 troch\u0119 lubi\u0119 napi\u0107?\n    <\/p>\n<hr>\n<p>\n      Miejscowo\u015b\u0107 Tr\u00f6llaskagi<br \/>\n      s\u0142yn\u0119\u0142a w \u015bwiecie z wagin,<br \/>\n      gdy w tamtejsze krzaki<br \/>\n      pod\u0105\u017ca\u0142 kr\u00f3l jaki\u015b,<br \/>\n      ju\u017c na wszelki wypadek by\u0142 nagi.\n    <\/p>\n<hr>\n<p>\n      W miejscowo\u015bci Krafla<br \/>\n      p\u0119k\u0142a lodu tafla<br \/>\n      i co ciekawe<br \/>\n      na jej napraw\u0119<br \/>\n      wydano pono\u0107 p\u00f3\u0142 kafla!\n    <\/p>\n<hr>\n<p>\n      Mieszka\u0144cy Hvannalindiru<br \/>\n      latami biesili si\u0119 z \u017cyru,<br \/>\n      z tej to przyczyny<br \/>\n      w obr\u0119bie gminy<br \/>\n      zakazany zosta\u0142 \u017cyru wyr\u00f3b.\n    <\/p>\n<hr>\n<h5>\n      zmora<br \/>\n    <\/h5>\n<p>\n      A jeden pan w Efi-Nupur<br \/>\n      na dziki wr\u0119cz cierpia\u0142 up\u00f3r,<br \/>\n      bo nieboga<br \/>\n      pisa\u0142 bloga<br \/>\n      w gwarze Hvannadulsknukur\n    <\/p>\n<hr>\n<p>\n      Pewien ch\u0142opak w Rejkiaviku<br \/>\n      siedzie\u0107 musi na nocniku,<br \/>\n      bo w gejzerze si\u0119 wyk\u0105pa\u0142<br \/>\n      parz\u0105c przy okazji w\u0105tpia<br \/>\n      i teraz ma b\u0105bli bez liku.\n    <\/p>\n<hr>\n<h5>\n      zeen<br \/>\n    <\/h5>\n<p>\n      Llanfairpwllgwyngyllgogerych-<br \/>\n      wyrndrobwllllantysiliogogogoch<br \/>\n      Co za nazwa do cholery-<br \/>\n      Tam nie jad\u0119: Kamil Stoch\n    <\/p>\n<hr>\n<p>\n      Wdzi\u0119czny Islandczyk trafi\u0142 blog Bobika<br \/>\n      zobaczy\u0142 Wodza i ze strachu zmyka,<br \/>\n      lekko zziajany za rogiem przyczai\u0142<br \/>\n      a W\u00f3dz swoj\u0105 dzid\u0105 \u2013 w \u0142eb przymordechai\u0142!\n    <\/p>\n<hr>\n<h5>\n      Tadeusz<br \/>\n    <\/h5>\n<p>\n      Pewien gejzer w Islandii<br \/>\n      Chcia\u0142 by\u0107 cholernie dandy.<br \/>\n      \u201eNa oczach dam<br \/>\n      Trysk pow\u015bci\u0105gam\u201d<br \/>\n      Rzek\u0142 \u2014 no nie by\u0142 randy.\n    <\/p>\n<hr>\n<p>\n      Geysir jeden w Haukadalur<br \/>\n      Tryska\u0142 dziarsko o pianiu kur.<br \/>\n      Her?ubrei?arlindir \u2013<br \/>\n      Je facet imbir;<br \/>\n      A\u017c tu mu woda ze wszystkich rur.\n    <\/p>\n","protected":false},"excerpt":{"rendered":"<p>vesper Pewien d\u017centelmen w Sztumie Zwyk\u0142 robi\u0107 tylko to, co umie \u017be by\u0142o to niewiele Pracowa\u0142 tylko w niedziele Pozosta\u0142e dni sp\u0119dzaj\u0105c w zadumie Pewien mieszkaniec Sztumu Mia\u0142 bardzo niewiele rozumu Przechodz\u0105c przez ulic\u0119 Ods\u0142ania\u0142 przy\u0142bic\u0119 Krzycz\u0105c g\u0142o\u015bno \u201enon possumus\u201d W\u00f3jt pewnej gminy pod Sztumem Zaprag\u0105\u0142 mie\u0107 w\u0142asn\u0105 lagun\u0119 Zbudowa\u0142 sztuczn\u0105 sadzawk\u0119 Wysia\u0142 wok\u00f3\u0142 trawk\u0119 Sadzawke na razie zarybia sumem Bobik Pewna diva je\u017adzi\u0142a do Sztumu, za podszeptem serca i rozumu &#8211; \u017ce nie by\u0142a to Callas, Sztum by\u0142 dla niej jak znalaz\u0142, tam budzi\u0142a uwielbienie t\u0142umu. W bogobojnym ze wszech miar Sztumie kum do kuma powiedzia\u0142: kumie, kalendarzyk to [&hellip;]<\/p>\n","protected":false},"author":274,"featured_media":0,"parent":0,"menu_order":0,"comment_status":"open","ping_status":"open","template":"","meta":{"footnotes":""},"class_list":["post-1978","page","type-page","status-publish","hentry"],"_links":{"self":[{"href":"https:\/\/blog-bobika.eu\/index.php?rest_route=\/wp\/v2\/pages\/1978","targetHints":{"allow":["GET"]}}],"collection":[{"href":"https:\/\/blog-bobika.eu\/index.php?rest_route=\/wp\/v2\/pages"}],"about":[{"href":"https:\/\/blog-bobika.eu\/index.php?rest_route=\/wp\/v2\/types\/page"}],"author":[{"embeddable":true,"href":"https:\/\/blog-bobika.eu\/index.php?rest_route=\/wp\/v2\/users\/274"}],"replies":[{"embeddable":true,"href":"https:\/\/blog-bobika.eu\/index.php?rest_route=%2Fwp%2Fv2%2Fcomments&post=1978"}],"version-history":[{"count":15,"href":"https:\/\/blog-bobika.eu\/index.php?rest_route=\/wp\/v2\/pages\/1978\/revisions"}],"predecessor-version":[{"id":1993,"href":"https:\/\/blog-bobika.eu\/index.php?rest_route=\/wp\/v2\/pages\/1978\/revisions\/1993"}],"wp:attachment":[{"href":"https:\/\/blog-bobika.eu\/index.php?rest_route=%2Fwp%2Fv2%2Fmedia&parent=1978"}],"curies":[{"name":"wp","href":"https:\/\/api.w.org\/{rel}","templated":true}]}}