{"id":195,"date":"2009-05-08T19:41:02","date_gmt":"2009-05-08T17:41:02","guid":{"rendered":"http:\/\/blog-bobika.eu\/?page_id=195"},"modified":"2015-08-28T14:20:29","modified_gmt":"2015-08-28T12:20:29","slug":"samotny-pies-na-tapczanie","status":"publish","type":"page","link":"https:\/\/blog-bobika.eu\/?page_id=195","title":{"rendered":"Samotny pies na tapczanie"},"content":{"rendered":"<p>Tapczan pieskowi nie s\u0142u\u017cy,<br \/>\nje\u015bli go nie ma z kim dzieli\u0107.<br \/>\nJaki\u015b jest nagle za du\u017cy,<br \/>\njak przelot st\u0105d do Seszeli,<\/p>\n<p>jaki\u015b arktyczny jest, ch\u0142odny,<br \/>\nskrzypi jak kra pod nied\u017awiedziem<br \/>\ni nie chce si\u0119, cho\u0107 wygodny,<br \/>\nna nim ni le\u017ce\u0107, ni siedzie\u0107.<\/p>\n<p>Nagle mniej smaku ma bekon,<br \/>\nkurczacza pier\u015b to badziewie,<br \/>\nje\u015bli sw\u00f3j Cz\u0142owiek daleko<br \/>\ni kiedy wr\u00f3ci si\u0119 nie wie. <\/p>\n<p>Skradziona ko\u015b\u0107 si\u0119 nie liczy,<br \/>\ngryzienie kapcia nie cieszy,<br \/>\nc\u00f3\u017c, \u017ce nikt o to nie krzyczy,<br \/>\ngdy wcale nie chce si\u0119 grzeszy\u0107.<\/p>\n<p>Mo\u017cna wyd\u0119bi\u0107 od cz\u0142eka<br \/>\nobcego kr\u00f3tkie g\u0142askanie,<br \/>\nlecz potem&#8230; nic, tylko czeka\u0107<br \/>\nna tym za du\u017cym tapczanie<\/p>\n<p>i my\u015ble\u0107: przecie\u017c za moment<br \/>\nprzyjdzie, deszcz strz\u0105\u015bnie na taras,<br \/>\npo\u0142o\u017cy si\u0119 tu, ko\u0142o mnie ,<br \/>\ndrapnie za uchem&#8230; Ju\u017c zaraz&#8230;<\/p>\n","protected":false},"excerpt":{"rendered":"<p>Tapczan pieskowi nie s\u0142u\u017cy, je\u015bli go nie ma z kim dzieli\u0107. Jaki\u015b jest nagle za du\u017cy, jak przelot st\u0105d do Seszeli, jaki\u015b arktyczny jest, ch\u0142odny, skrzypi jak kra pod nied\u017awiedziem i nie chce si\u0119, cho\u0107 wygodny, na nim ni le\u017ce\u0107, ni siedzie\u0107. Nagle mniej smaku ma bekon, kurczacza pier\u015b to badziewie, je\u015bli sw\u00f3j Cz\u0142owiek daleko i kiedy wr\u00f3ci si\u0119 nie wie. Skradziona ko\u015b\u0107 si\u0119 nie liczy, gryzienie kapcia nie cieszy, c\u00f3\u017c, \u017ce nikt o to nie krzyczy, gdy wcale nie chce si\u0119 grzeszy\u0107. Mo\u017cna wyd\u0119bi\u0107 od cz\u0142eka obcego kr\u00f3tkie g\u0142askanie, lecz potem&#8230; nic, tylko czeka\u0107 na tym za du\u017cym tapczanie [&hellip;]<\/p>\n","protected":false},"author":274,"featured_media":0,"parent":2569,"menu_order":0,"comment_status":"open","ping_status":"open","template":"wiersze_psy.php","meta":{"footnotes":""},"class_list":["post-195","page","type-page","status-publish","hentry"],"_links":{"self":[{"href":"https:\/\/blog-bobika.eu\/index.php?rest_route=\/wp\/v2\/pages\/195","targetHints":{"allow":["GET"]}}],"collection":[{"href":"https:\/\/blog-bobika.eu\/index.php?rest_route=\/wp\/v2\/pages"}],"about":[{"href":"https:\/\/blog-bobika.eu\/index.php?rest_route=\/wp\/v2\/types\/page"}],"author":[{"embeddable":true,"href":"https:\/\/blog-bobika.eu\/index.php?rest_route=\/wp\/v2\/users\/274"}],"replies":[{"embeddable":true,"href":"https:\/\/blog-bobika.eu\/index.php?rest_route=%2Fwp%2Fv2%2Fcomments&post=195"}],"version-history":[{"count":1,"href":"https:\/\/blog-bobika.eu\/index.php?rest_route=\/wp\/v2\/pages\/195\/revisions"}],"predecessor-version":[{"id":2585,"href":"https:\/\/blog-bobika.eu\/index.php?rest_route=\/wp\/v2\/pages\/195\/revisions\/2585"}],"up":[{"embeddable":true,"href":"https:\/\/blog-bobika.eu\/index.php?rest_route=\/wp\/v2\/pages\/2569"}],"wp:attachment":[{"href":"https:\/\/blog-bobika.eu\/index.php?rest_route=%2Fwp%2Fv2%2Fmedia&parent=195"}],"curies":[{"name":"wp","href":"https:\/\/api.w.org\/{rel}","templated":true}]}}