{"id":191,"date":"2009-05-08T19:33:31","date_gmt":"2009-05-08T17:33:31","guid":{"rendered":"http:\/\/blog-bobika.eu\/?page_id=191"},"modified":"2015-08-28T17:06:42","modified_gmt":"2015-08-28T15:06:42","slug":"platonska-harmoszka","status":"publish","type":"page","link":"https:\/\/blog-bobika.eu\/?page_id=191","title":{"rendered":"Plato\u0144ska harmoszka"},"content":{"rendered":"<p>Idzie Bobik \u015bwiatem<br \/>\npotargany troszk\u0119,<br \/>\nniesie pod cha\u0142atem<br \/>\nplato\u0144sk\u0105 harmoszk\u0119.<\/p>\n<p>Gdy go napastuje<br \/>\nchandra sowiooka,<br \/>\nharmoszk\u0119 wyjmuje<br \/>\ni gra kazaczoka:<\/p>\n<p>Rascwieta\u0142a zawsze tego racja,<br \/>\nkto do \u017c\u0142obu ju\u017c si\u0119 dorwa\u0142, hej!<br \/>\nWychadi-i-\u0142a bokiem demokracja<br \/>\ni tumany na wierchuszkie jej.<\/p>\n<p>A gdy zrobi\u0107 by jak u Platona,<br \/>\nm\u0105drzy durnych wzi\u0119liby za pysk.<br \/>\nI by by-y-\u0142a sprawa za\u0142atwiona &#8211;<br \/>\ntakie pa\u0144stwo, to\u017c to czysty zysk!<\/p>\n<p>Gra Bobik z uciech\u0105,<br \/>\nprzemija mu chandra,<br \/>\npel\u0119ta si\u0119 echo<br \/>\npo my\u015bli meandrach.<\/p>\n<p>Nad lasem, nad chat\u0105<br \/>\n\u015bpiew Bobika b\u0142\u0105dzi:<br \/>\ndobrze, \u017ce ten Platon<br \/>\numar\u0142 i nie rz\u0105dzi.<\/p>\n","protected":false},"excerpt":{"rendered":"<p>Idzie Bobik \u015bwiatem potargany troszk\u0119, niesie pod cha\u0142atem plato\u0144sk\u0105 harmoszk\u0119. Gdy go napastuje chandra sowiooka, harmoszk\u0119 wyjmuje i gra kazaczoka: Rascwieta\u0142a zawsze tego racja, kto do \u017c\u0142obu ju\u017c si\u0119 dorwa\u0142, hej! Wychadi-i-\u0142a bokiem demokracja i tumany na wierchuszkie jej. A gdy zrobi\u0107 by jak u Platona, m\u0105drzy durnych wzi\u0119liby za pysk. I by by-y-\u0142a sprawa za\u0142atwiona &#8211; takie pa\u0144stwo, to\u017c to czysty zysk! Gra Bobik z uciech\u0105, przemija mu chandra, pel\u0119ta si\u0119 echo po my\u015bli meandrach. Nad lasem, nad chat\u0105 \u015bpiew Bobika b\u0142\u0105dzi: dobrze, \u017ce ten Platon umar\u0142 i nie rz\u0105dzi.<\/p>\n","protected":false},"author":274,"featured_media":0,"parent":2563,"menu_order":0,"comment_status":"open","ping_status":"open","template":"wiersze_PSB.php","meta":{"footnotes":""},"class_list":["post-191","page","type-page","status-publish","hentry"],"_links":{"self":[{"href":"https:\/\/blog-bobika.eu\/index.php?rest_route=\/wp\/v2\/pages\/191","targetHints":{"allow":["GET"]}}],"collection":[{"href":"https:\/\/blog-bobika.eu\/index.php?rest_route=\/wp\/v2\/pages"}],"about":[{"href":"https:\/\/blog-bobika.eu\/index.php?rest_route=\/wp\/v2\/types\/page"}],"author":[{"embeddable":true,"href":"https:\/\/blog-bobika.eu\/index.php?rest_route=\/wp\/v2\/users\/274"}],"replies":[{"embeddable":true,"href":"https:\/\/blog-bobika.eu\/index.php?rest_route=%2Fwp%2Fv2%2Fcomments&post=191"}],"version-history":[{"count":1,"href":"https:\/\/blog-bobika.eu\/index.php?rest_route=\/wp\/v2\/pages\/191\/revisions"}],"predecessor-version":[{"id":2598,"href":"https:\/\/blog-bobika.eu\/index.php?rest_route=\/wp\/v2\/pages\/191\/revisions\/2598"}],"up":[{"embeddable":true,"href":"https:\/\/blog-bobika.eu\/index.php?rest_route=\/wp\/v2\/pages\/2563"}],"wp:attachment":[{"href":"https:\/\/blog-bobika.eu\/index.php?rest_route=%2Fwp%2Fv2%2Fmedia&parent=191"}],"curies":[{"name":"wp","href":"https:\/\/api.w.org\/{rel}","templated":true}]}}